{"id":1033,"date":"2024-05-12T19:45:04","date_gmt":"2024-05-13T00:45:04","guid":{"rendered":"https:\/\/elcomercioenlinea.com\/index.php\/producto\/bolso-de-viaje-o-gym-impermeable\/"},"modified":"2024-11-28T21:49:06","modified_gmt":"2024-11-29T02:49:06","slug":"bolso-de-viaje-o-gym-impermeable","status":"publish","type":"product","link":"https:\/\/elcomercioenlinea.com\/index.php\/producto\/bolso-de-viaje-o-gym-impermeable\/","title":{"rendered":"BOLSO DE VIAJE O GYM IMPERMEABLE"},"content":{"rendered":"<p><em><strong>BOLSO TULA PARA GYM<\/strong><\/em><\/p>\n<p>Una tula perfecta para ir al gimnasio, salidas casuales o \u00a1a d\u00f3nde t\u00fa quieras ir! Pr\u00e1ctica, resistente y anti rasgados.<\/p>\n<p>Tiene un bolsillo impermeable donde podr\u00e1s guardar la ropa mojada despu\u00e9s de tu viaje.<\/p>\n<p>Medidas aproximadas:<\/p>\n<p>Largo: 47 cm Ancho: 23 cm Alto: 29 cm<\/p>\n<p>Tela impermeable (nylon).<\/p>\n<p>Compartimentos y\/o bolsillos: 5<\/p>\n<p>colores: Azul, Lila, Verde, Negro, Rosado\u00a0 y Gris<\/p>\n","protected":false},"excerpt":{"rendered":"<p>BOLSO TULA PARA GYM Una tula perfecta para ir al gimnasio, salidas casuales o \u00a1a d\u00f3nde t\u00fa quieras ir! Pr\u00e1ctica, resistente y anti rasgados. Tiene un bolsillo impermeable donde podr\u00e1s guardar la ropa mojada despu\u00e9s de tu viaje. Medidas aproximadas: Largo: 47 cm Ancho: 23 cm Alto: 29 cm Tela impermeable (nylon). Compartimentos y\/o bolsillos: [&hellip;]<\/p>\n","protected":false},"featured_media":1051,"template":"","meta":[],"product_brand":[],"product_cat":[98],"product_tag":[],"class_list":{"0":"post-1033","1":"product","2":"type-product","3":"status-publish","4":"has-post-thumbnail","6":"product_cat-ropa-deportiva","8":"first","9":"instock","10":"sale","11":"shipping-taxable","12":"purchasable","13":"product-type-variable"},"featured_image_urls":{"full":["https:\/\/elcomercioenlinea.com\/wp-content\/uploads\/2024\/05\/253338.png",923,919,false],"thumbnail":["https:\/\/elcomercioenlinea.com\/wp-content\/uploads\/2024\/05\/253338-150x150.png",150,150,true],"medium":["https:\/\/elcomercioenlinea.com\/wp-content\/uploads\/2024\/05\/253338-300x300.png",300,300,true],"medium_large":["https:\/\/elcomercioenlinea.com\/wp-content\/uploads\/2024\/05\/253338-768x765.png",768,765,true],"large":["https:\/\/elcomercioenlinea.com\/wp-content\/uploads\/2024\/05\/253338.png",923,919,false],"1536x1536":["https:\/\/elcomercioenlinea.com\/wp-content\/uploads\/2024\/05\/253338.png",923,919,false],"2048x2048":["https:\/\/elcomercioenlinea.com\/wp-content\/uploads\/2024\/05\/253338.png",923,919,false],"woocommerce_archive_thumbnail":["https:\/\/elcomercioenlinea.com\/wp-content\/uploads\/2024\/05\/253338-300x299.png",300,299,true],"woocommerce_thumbnail":["https:\/\/elcomercioenlinea.com\/wp-content\/uploads\/2024\/05\/253338-300x300.png",300,300,true],"woocommerce_single":["https:\/\/elcomercioenlinea.com\/wp-content\/uploads\/2024\/05\/253338-600x597.png",600,597,true],"woocommerce_gallery_thumbnail":["https:\/\/elcomercioenlinea.com\/wp-content\/uploads\/2024\/05\/253338-100x100.png",100,100,true]},"post_excerpt_stackable":"<p>BOLSO TULA PARA GYM Una tula perfecta para ir al gimnasio, salidas casuales o \u00a1a d\u00f3nde t\u00fa quieras ir! Pr\u00e1ctica, resistente y anti rasgados. Tiene un bolsillo impermeable donde podr\u00e1s guardar la ropa mojada despu\u00e9s de tu viaje. Medidas aproximadas: Largo: 47 cm Ancho: 23 cm Alto: 29 cm Tela impermeable (nylon). Compartimentos y\/o bolsillos: 5 colores: Azul, Lila, Verde, Negro, Rosado\u00a0 y Gris<\/p>\n","category_list":"","author_info":{"name":"","url":""},"comments_num":"0 comentarios","jetpack_sharing_enabled":true,"_links":{"self":[{"href":"https:\/\/elcomercioenlinea.com\/index.php\/wp-json\/wp\/v2\/product\/1033","targetHints":{"allow":["GET"]}}],"collection":[{"href":"https:\/\/elcomercioenlinea.com\/index.php\/wp-json\/wp\/v2\/product"}],"about":[{"href":"https:\/\/elcomercioenlinea.com\/index.php\/wp-json\/wp\/v2\/types\/product"}],"wp:featuredmedia":[{"embeddable":true,"href":"https:\/\/elcomercioenlinea.com\/index.php\/wp-json\/wp\/v2\/media\/1051"}],"wp:attachment":[{"href":"https:\/\/elcomercioenlinea.com\/index.php\/wp-json\/wp\/v2\/media?parent=1033"}],"wp:term":[{"taxonomy":"product_brand","embeddable":true,"href":"https:\/\/elcomercioenlinea.com\/index.php\/wp-json\/wp\/v2\/product_brand?post=1033"},{"taxonomy":"product_cat","embeddable":true,"href":"https:\/\/elcomercioenlinea.com\/index.php\/wp-json\/wp\/v2\/product_cat?post=1033"},{"taxonomy":"product_tag","embeddable":true,"href":"https:\/\/elcomercioenlinea.com\/index.php\/wp-json\/wp\/v2\/product_tag?post=1033"}],"curies":[{"name":"wp","href":"https:\/\/api.w.org\/{rel}","templated":true}]}}