{"id":1089,"date":"2024-05-13T19:30:15","date_gmt":"2024-05-14T00:30:15","guid":{"rendered":"https:\/\/elcomercioenlinea.com\/index.php\/producto\/molino-de-cafe-y-especias-electrico\/"},"modified":"2024-07-16T16:19:52","modified_gmt":"2024-07-16T21:19:52","slug":"molino-de-cafe-y-especias-electrico","status":"publish","type":"product","link":"https:\/\/elcomercioenlinea.com\/index.php\/producto\/molino-de-cafe-y-especias-electrico\/","title":{"rendered":"molino de caf\u00e9 y especias el\u00e9ctrico"},"content":{"rendered":"<p>Sobre este art\u00edculo<br \/>\nM\u00e1quina moledora multifunci\u00f3n: este peque\u00f1o molinillo para especias no solo para moler granos, sino tambi\u00e9n para moler especias italianas, especias turcas, especias indias, condimentos, hierbas, semillas, condimentos, ra\u00edz, lentejas indias, sal, etc. Nota: este molinillo solo es adecuado para moler material alimenticio seco y s\u00f3lido.<br \/>\nEquipado con tapa transparente: a trav\u00e9s de la tapa transparente, puedes observar el proceso de molienda para obtener polvo grueso o fino. Capacidad de molienda: alrededor de 1.76 oz a 3.53 oz una vez. Los diferentes tiempos de molienda hacen que la finura del polvo sea diferente. Nota: al moler, las part\u00edculas similares al humo que ves son en realidad polvo fino, no humo.<br \/>\nEficiente y duradero: este molinillo de granos de caf\u00e9 est\u00e1 equipado con cuchilla de alta calidad, la velocidad de molienda es r\u00e1pida y uniforme. Puede controlar el cambio de granos de caf\u00e9 de grueso a fino en unos segundos, con buenas propiedades mec\u00e1nicas. Molinillo de especias el\u00e9ctrico, tipo giratorio es m\u00e1s conveniente que el tipo vertical. Puede balancear el cuerpo para verter el polvo sin recoger todo el molinillo. Y balancearlo cuando el molinillo est\u00e1 funcionando puede hacer que el polvo sea m\u00e1s uniforme y fino<\/p>\n","protected":false},"excerpt":{"rendered":"<p>Sobre este art\u00edculo M\u00e1quina moledora multifunci\u00f3n: este peque\u00f1o molinillo para especias no solo para moler granos, sino tambi\u00e9n para moler especias italianas, especias turcas, especias indias, condimentos, hierbas, semillas, condimentos, ra\u00edz, lentejas indias, sal, etc. Nota: este molinillo solo es adecuado para moler material alimenticio seco y s\u00f3lido. Equipado con tapa transparente: a trav\u00e9s de [&hellip;]<\/p>\n","protected":false},"featured_media":1090,"template":"","meta":[],"product_brand":[],"product_cat":[15],"product_tag":[],"class_list":{"0":"post-1089","1":"product","2":"type-product","3":"status-publish","4":"has-post-thumbnail","6":"product_cat-sin-categoria","8":"first","9":"instock","10":"shipping-taxable","11":"purchasable","12":"product-type-simple"},"featured_image_urls":{"full":["https:\/\/elcomercioenlinea.com\/wp-content\/uploads\/2024\/05\/774013.png",388,377,false],"thumbnail":["https:\/\/elcomercioenlinea.com\/wp-content\/uploads\/2024\/05\/774013-150x150.png",150,150,true],"medium":["https:\/\/elcomercioenlinea.com\/wp-content\/uploads\/2024\/05\/774013-300x291.png",300,291,true],"medium_large":["https:\/\/elcomercioenlinea.com\/wp-content\/uploads\/2024\/05\/774013.png",388,377,false],"large":["https:\/\/elcomercioenlinea.com\/wp-content\/uploads\/2024\/05\/774013.png",388,377,false],"1536x1536":["https:\/\/elcomercioenlinea.com\/wp-content\/uploads\/2024\/05\/774013.png",388,377,false],"2048x2048":["https:\/\/elcomercioenlinea.com\/wp-content\/uploads\/2024\/05\/774013.png",388,377,false],"woocommerce_archive_thumbnail":["https:\/\/elcomercioenlinea.com\/wp-content\/uploads\/2024\/05\/774013-300x291.png",300,291,true],"woocommerce_thumbnail":["https:\/\/elcomercioenlinea.com\/wp-content\/uploads\/2024\/05\/774013-300x300.png",300,300,true],"woocommerce_single":["https:\/\/elcomercioenlinea.com\/wp-content\/uploads\/2024\/05\/774013.png",388,377,false],"woocommerce_gallery_thumbnail":["https:\/\/elcomercioenlinea.com\/wp-content\/uploads\/2024\/05\/774013-100x100.png",100,100,true]},"post_excerpt_stackable":"<p>Sobre este art\u00edculo M\u00e1quina moledora multifunci\u00f3n: este peque\u00f1o molinillo para especias no solo para moler granos, sino tambi\u00e9n para moler especias italianas, especias turcas, especias indias, condimentos, hierbas, semillas, condimentos, ra\u00edz, lentejas indias, sal, etc. Nota: este molinillo solo es adecuado para moler material alimenticio seco y s\u00f3lido. Equipado con tapa transparente: a trav\u00e9s de la tapa transparente, puedes observar el proceso de molienda para obtener polvo grueso o fino. Capacidad de molienda: alrededor de 1.76 oz a 3.53 oz una vez. Los diferentes tiempos de molienda hacen que la finura del polvo sea diferente. Nota: al moler, las part\u00edculas&hellip;<\/p>\n","category_list":"","author_info":{"name":"","url":""},"comments_num":"0 comentarios","jetpack_sharing_enabled":true,"_links":{"self":[{"href":"https:\/\/elcomercioenlinea.com\/index.php\/wp-json\/wp\/v2\/product\/1089","targetHints":{"allow":["GET"]}}],"collection":[{"href":"https:\/\/elcomercioenlinea.com\/index.php\/wp-json\/wp\/v2\/product"}],"about":[{"href":"https:\/\/elcomercioenlinea.com\/index.php\/wp-json\/wp\/v2\/types\/product"}],"wp:featuredmedia":[{"embeddable":true,"href":"https:\/\/elcomercioenlinea.com\/index.php\/wp-json\/wp\/v2\/media\/1090"}],"wp:attachment":[{"href":"https:\/\/elcomercioenlinea.com\/index.php\/wp-json\/wp\/v2\/media?parent=1089"}],"wp:term":[{"taxonomy":"product_brand","embeddable":true,"href":"https:\/\/elcomercioenlinea.com\/index.php\/wp-json\/wp\/v2\/product_brand?post=1089"},{"taxonomy":"product_cat","embeddable":true,"href":"https:\/\/elcomercioenlinea.com\/index.php\/wp-json\/wp\/v2\/product_cat?post=1089"},{"taxonomy":"product_tag","embeddable":true,"href":"https:\/\/elcomercioenlinea.com\/index.php\/wp-json\/wp\/v2\/product_tag?post=1089"}],"curies":[{"name":"wp","href":"https:\/\/api.w.org\/{rel}","templated":true}]}}