{"id":1121,"date":"2024-05-13T19:54:32","date_gmt":"2024-05-14T00:54:32","guid":{"rendered":"https:\/\/elcomercioenlinea.com\/index.php\/producto\/cortador-de-verduras-multifuncional-de-m\/"},"modified":"2024-07-01T19:24:42","modified_gmt":"2024-07-02T00:24:42","slug":"cortador-de-verduras-multifuncional-de-m","status":"publish","type":"product","link":"https:\/\/elcomercioenlinea.com\/index.php\/producto\/cortador-de-verduras-multifuncional-de-m\/","title":{"rendered":"Cortador De Verduras Multifuncional De M"},"content":{"rendered":"<p>Mini procesador de alimentos, cortador de verduras y frutas recargable por USB, picadora de ajo el\u00e9ctrica inal\u00e1mbrica, cortadora de alimentos port\u00e1til y port\u00e1til con cepillo de limpieza para jengibre, pimientos y cebollas<\/p>\n<p>Lista de piezas:<\/p>\n<p>1 procesador de alimentos, 1 kit de cocina, 1 kit de corte, 1 cabezal de cepillo de limpieza, 1 cable de carga USB<\/p>\n<p>-Garant\u00eda: 1 mes por defectos de f\u00e1brica. *El producto debe estar en las condiciones que se recibi\u00f3, con su empaque original, con las etiquetas, sellos de seguridad, y contar con todas sus partes y\/o accesorios. Sin rayones ni manchas, sin evidencias de manipulaci\u00f3n o uso, se recibir\u00e1 \u00fanicamente en \u00f3ptimas condiciones.<\/p>\n<p>Para defectos de f\u00e1brica o retractos: Por favor revise el producto apenas lo reciba y antes de usarlo. No aplican ley de retracto luego de usar el producto. Se manejan m\u00e1ximo 5 d\u00edas para reportar (por ejemplo, producto funciona mal, piezas faltantes, rotas, etc). Para hacer efectiva la devoluci\u00f3n el producto debe devolverse con el empaque original, el cual debe estar en buen estado, incluir todos los documentos y las partes completas y sin da\u00f1os.<\/p>\n","protected":false},"excerpt":{"rendered":"<p>Mini procesador de alimentos, cortador de verduras y frutas recargable por USB, picadora de ajo el\u00e9ctrica inal\u00e1mbrica, cortadora de alimentos port\u00e1til y port\u00e1til con cepillo de limpieza para jengibre, pimientos y cebollas Lista de piezas: 1 procesador de alimentos, 1 kit de cocina, 1 kit de corte, 1 cabezal de cepillo de limpieza, 1 cable [&hellip;]<\/p>\n","protected":false},"featured_media":1123,"template":"","meta":[],"product_brand":[],"product_cat":[25],"product_tag":[],"class_list":{"0":"post-1121","1":"product","2":"type-product","3":"status-publish","4":"has-post-thumbnail","6":"product_cat-cocina","8":"first","9":"instock","10":"shipping-taxable","11":"purchasable","12":"product-type-simple"},"featured_image_urls":{"full":["https:\/\/elcomercioenlinea.com\/wp-content\/uploads\/2024\/05\/375968.png",1080,1080,false],"thumbnail":["https:\/\/elcomercioenlinea.com\/wp-content\/uploads\/2024\/05\/375968-150x150.png",150,150,true],"medium":["https:\/\/elcomercioenlinea.com\/wp-content\/uploads\/2024\/05\/375968-300x300.png",300,300,true],"medium_large":["https:\/\/elcomercioenlinea.com\/wp-content\/uploads\/2024\/05\/375968-768x768.png",768,768,true],"large":["https:\/\/elcomercioenlinea.com\/wp-content\/uploads\/2024\/05\/375968-1024x1024.png",1024,1024,true],"1536x1536":["https:\/\/elcomercioenlinea.com\/wp-content\/uploads\/2024\/05\/375968.png",1080,1080,false],"2048x2048":["https:\/\/elcomercioenlinea.com\/wp-content\/uploads\/2024\/05\/375968.png",1080,1080,false],"woocommerce_archive_thumbnail":["https:\/\/elcomercioenlinea.com\/wp-content\/uploads\/2024\/05\/375968-300x300.png",300,300,true],"woocommerce_thumbnail":["https:\/\/elcomercioenlinea.com\/wp-content\/uploads\/2024\/05\/375968-300x300.png",300,300,true],"woocommerce_single":["https:\/\/elcomercioenlinea.com\/wp-content\/uploads\/2024\/05\/375968-600x600.png",600,600,true],"woocommerce_gallery_thumbnail":["https:\/\/elcomercioenlinea.com\/wp-content\/uploads\/2024\/05\/375968-100x100.png",100,100,true]},"post_excerpt_stackable":"<p>Mini procesador de alimentos, cortador de verduras y frutas recargable por USB, picadora de ajo el\u00e9ctrica inal\u00e1mbrica, cortadora de alimentos port\u00e1til y port\u00e1til con cepillo de limpieza para jengibre, pimientos y cebollas Lista de piezas: 1 procesador de alimentos, 1 kit de cocina, 1 kit de corte, 1 cabezal de cepillo de limpieza, 1 cable de carga USB -Garant\u00eda: 1 mes por defectos de f\u00e1brica. *El producto debe estar en las condiciones que se recibi\u00f3, con su empaque original, con las etiquetas, sellos de seguridad, y contar con todas sus partes y\/o accesorios. Sin rayones ni manchas, sin evidencias de&hellip;<\/p>\n","category_list":"","author_info":{"name":"","url":""},"comments_num":"0 comentarios","jetpack_sharing_enabled":true,"_links":{"self":[{"href":"https:\/\/elcomercioenlinea.com\/index.php\/wp-json\/wp\/v2\/product\/1121","targetHints":{"allow":["GET"]}}],"collection":[{"href":"https:\/\/elcomercioenlinea.com\/index.php\/wp-json\/wp\/v2\/product"}],"about":[{"href":"https:\/\/elcomercioenlinea.com\/index.php\/wp-json\/wp\/v2\/types\/product"}],"wp:featuredmedia":[{"embeddable":true,"href":"https:\/\/elcomercioenlinea.com\/index.php\/wp-json\/wp\/v2\/media\/1123"}],"wp:attachment":[{"href":"https:\/\/elcomercioenlinea.com\/index.php\/wp-json\/wp\/v2\/media?parent=1121"}],"wp:term":[{"taxonomy":"product_brand","embeddable":true,"href":"https:\/\/elcomercioenlinea.com\/index.php\/wp-json\/wp\/v2\/product_brand?post=1121"},{"taxonomy":"product_cat","embeddable":true,"href":"https:\/\/elcomercioenlinea.com\/index.php\/wp-json\/wp\/v2\/product_cat?post=1121"},{"taxonomy":"product_tag","embeddable":true,"href":"https:\/\/elcomercioenlinea.com\/index.php\/wp-json\/wp\/v2\/product_tag?post=1121"}],"curies":[{"name":"wp","href":"https:\/\/api.w.org\/{rel}","templated":true}]}}