{"id":157,"date":"2020-03-16T09:02:10","date_gmt":"2020-03-16T09:02:10","guid":{"rendered":"https:\/\/demo.creativethemes.com\/blocksy\/modern-shop\/?post_type=product&#038;p=157"},"modified":"2024-03-24T17:21:25","modified_gmt":"2024-03-24T22:21:25","slug":"ornare-arcudui-vivamus-arcu-felis-bibendum","status":"publish","type":"product","link":"https:\/\/elcomercioenlinea.com\/index.php\/producto\/ornare-arcudui-vivamus-arcu-felis-bibendum\/","title":{"rendered":"MASCARILLA ANTI ACN\u00c9 DE ACIDO SALICILICO"},"content":{"rendered":"<p>Combate eficazmente el aumento de la piel grasa y los poros obstruidos, normaliza la secreci\u00f3n de la piel seb\u00e1cea; el \u00e1cido salic\u00edlico, penetra profundamente en la piel siendo un tratamiento ideal para el acn\u00e9 y puntos negros, pues disuelve los restos de c\u00e9lulas muertas y act\u00faa como agente antienvejecimiento. Tambi\u00e9n ayuda a tratar r\u00e1pidamente los granos y poros rojos inflamados.<\/p>\n<p>&nbsp;<\/p>\n<p>M\u00e9todo de uso:<\/p>\n<p>Sobre la piel limpia y seca, aplica la mascarilla en una capa fina antes de acostarte, evitando el \u00e1rea alrededor de los ojos y lava con abundante agua en la ma\u00f1ana.<\/p>\n<p>&nbsp;<\/p>\n","protected":false},"excerpt":{"rendered":"<p>Combate eficazmente el aumento de la piel grasa y los poros obstruidos, normaliza la secreci\u00f3n de la piel seb\u00e1cea; el \u00e1cido salic\u00edlico, penetra profundamente en la piel siendo un tratamiento ideal para el acn\u00e9 y puntos negros, pues disuelve los restos de c\u00e9lulas muertas y act\u00faa como agente antienvejecimiento. Tambi\u00e9n ayuda a tratar r\u00e1pidamente los granos y poros rojos inflamados.<\/p>\n","protected":false},"featured_media":632,"template":"","meta":[],"product_brand":[],"product_cat":[49],"product_tag":[61,60,58,59,62,63,64,44],"class_list":{"0":"post-157","1":"product","2":"type-product","3":"status-publish","4":"has-post-thumbnail","6":"product_cat-salud","7":"product_tag-acido","8":"product_tag-acido-salicilico","9":"product_tag-acne","10":"product_tag-antiacne","11":"product_tag-crema","12":"product_tag-gel","13":"product_tag-mascarilla","14":"product_tag-salud","16":"first","17":"instock","18":"sale","19":"shipping-taxable","20":"purchasable","21":"product-type-simple"},"featured_image_urls":{"full":["https:\/\/elcomercioenlinea.com\/wp-content\/uploads\/2020\/03\/1711139813Mascarilla.webp",896,716,false],"thumbnail":["https:\/\/elcomercioenlinea.com\/wp-content\/uploads\/2020\/03\/1711139813Mascarilla-150x150.webp",150,150,true],"medium":["https:\/\/elcomercioenlinea.com\/wp-content\/uploads\/2020\/03\/1711139813Mascarilla-300x240.webp",300,240,true],"medium_large":["https:\/\/elcomercioenlinea.com\/wp-content\/uploads\/2020\/03\/1711139813Mascarilla-768x614.webp",768,614,true],"large":["https:\/\/elcomercioenlinea.com\/wp-content\/uploads\/2020\/03\/1711139813Mascarilla.webp",896,716,false],"1536x1536":["https:\/\/elcomercioenlinea.com\/wp-content\/uploads\/2020\/03\/1711139813Mascarilla.webp",896,716,false],"2048x2048":["https:\/\/elcomercioenlinea.com\/wp-content\/uploads\/2020\/03\/1711139813Mascarilla.webp",896,716,false],"woocommerce_archive_thumbnail":["https:\/\/elcomercioenlinea.com\/wp-content\/uploads\/2020\/03\/1711139813Mascarilla-300x240.webp",300,240,true],"woocommerce_thumbnail":["https:\/\/elcomercioenlinea.com\/wp-content\/uploads\/2020\/03\/1711139813Mascarilla-300x300.webp",300,300,true],"woocommerce_single":["https:\/\/elcomercioenlinea.com\/wp-content\/uploads\/2020\/03\/1711139813Mascarilla-600x479.webp",600,479,true],"woocommerce_gallery_thumbnail":["https:\/\/elcomercioenlinea.com\/wp-content\/uploads\/2020\/03\/1711139813Mascarilla-100x100.webp",100,100,true]},"post_excerpt_stackable":"<p>Combate eficazmente el aumento de la piel grasa y los poros obstruidos, normaliza la secreci\u00f3n de la piel seb\u00e1cea; el \u00e1cido salic\u00edlico, penetra profundamente en la piel siendo un tratamiento ideal para el acn\u00e9 y puntos negros, pues disuelve los restos de c\u00e9lulas muertas y act\u00faa como agente antienvejecimiento. Tambi\u00e9n ayuda a tratar r\u00e1pidamente los granos y poros rojos inflamados.<\/p>\n","category_list":"","author_info":{"name":"","url":""},"comments_num":"1 comentario","jetpack_sharing_enabled":true,"_links":{"self":[{"href":"https:\/\/elcomercioenlinea.com\/index.php\/wp-json\/wp\/v2\/product\/157","targetHints":{"allow":["GET"]}}],"collection":[{"href":"https:\/\/elcomercioenlinea.com\/index.php\/wp-json\/wp\/v2\/product"}],"about":[{"href":"https:\/\/elcomercioenlinea.com\/index.php\/wp-json\/wp\/v2\/types\/product"}],"wp:featuredmedia":[{"embeddable":true,"href":"https:\/\/elcomercioenlinea.com\/index.php\/wp-json\/wp\/v2\/media\/632"}],"wp:attachment":[{"href":"https:\/\/elcomercioenlinea.com\/index.php\/wp-json\/wp\/v2\/media?parent=157"}],"wp:term":[{"taxonomy":"product_brand","embeddable":true,"href":"https:\/\/elcomercioenlinea.com\/index.php\/wp-json\/wp\/v2\/product_brand?post=157"},{"taxonomy":"product_cat","embeddable":true,"href":"https:\/\/elcomercioenlinea.com\/index.php\/wp-json\/wp\/v2\/product_cat?post=157"},{"taxonomy":"product_tag","embeddable":true,"href":"https:\/\/elcomercioenlinea.com\/index.php\/wp-json\/wp\/v2\/product_tag?post=157"}],"curies":[{"name":"wp","href":"https:\/\/api.w.org\/{rel}","templated":true}]}}