{"id":162,"date":"2020-03-16T09:08:51","date_gmt":"2020-03-16T09:08:51","guid":{"rendered":"https:\/\/demo.creativethemes.com\/blocksy\/modern-shop\/?post_type=product&#038;p=162"},"modified":"2024-03-24T16:40:11","modified_gmt":"2024-03-24T21:40:11","slug":"donec-ultrices-tincidunt-arcu-non-sodales","status":"publish","type":"product","link":"https:\/\/elcomercioenlinea.com\/index.php\/producto\/donec-ultrices-tincidunt-arcu-non-sodales\/","title":{"rendered":"MOLDES DE SILICONA PARA FREIDORA X6"},"content":{"rendered":"<p>Nuestros moldes est\u00e1n hechas de silicona 100% de grado alimenticio, resistente a los olores, sin olores, sin fugas de tintes, sin recubrimientos qu\u00edmicos, silicona premium ecol\u00f3gica.<\/p>\n<p>Cada molde para hornear viene en colores surtidos del arco\u00edris ( rojo, amarillo, verde, azul claro y morado). Apto para temperaturas de -40 F a 500 F. Apto para microondas, horno, congelador y lavavajillas.<\/p>\n<p>Antiadherente y f\u00e1cil de limpiar, Las propiedades naturales antiadherentes de nuestro revestimiento de silicona para muffins hacen que la forma de la torta se mantenga bien despu\u00e9s de hornearla. Y son f\u00e1ciles de limpiar, puedes remojarlos en agua por un tiempo y luego enjuagarlos con agua. Reutilizable y duradero.<\/p>\n<p>Ampliamente utilizado: Nuestros moldes de silicona son ideales para cocinar hornear preparar golosinas congeladas, gelatina, cupcakes, pasteles y panes, postres en una bandeja para hornear, tazas de bocadillos, etc. Es ideal para la mayor\u00eda de fiestas, bodas, cumplea\u00f1os, baby shower, catering, marat\u00f3n, Halloween, Acci\u00f3n de Gracias, sesiones de horneado de Navidad.<\/p>\n<p>Caracter\u00edsticas principales<\/p>\n<p>Medidas<\/p>\n<p>20 x 5cm<br \/>\n17 x 5cm<br \/>\n15 x 5cm<br \/>\n13 x 5cm<br \/>\n10 x 5cm<br \/>\n8 x 5cm<\/p>\n<p>Lo que recibes en tu compra<\/p>\n<p>1 x Set de Moldes de silicona x6 pcS<\/p>\n","protected":false},"excerpt":{"rendered":"<p>1 x Set de Moldes de silicona x6 pcS<\/p>\n","protected":false},"featured_media":621,"template":"","meta":[],"product_brand":[],"product_cat":[25],"product_tag":[53,52,50,51],"class_list":{"0":"post-162","1":"product","2":"type-product","3":"status-publish","4":"has-post-thumbnail","6":"product_cat-cocina","7":"product_tag-accesorios","8":"product_tag-freidora","9":"product_tag-molde","10":"product_tag-moldes-airfryer","12":"first","13":"instock","14":"shipping-taxable","15":"purchasable","16":"product-type-simple"},"featured_image_urls":{"full":["https:\/\/elcomercioenlinea.com\/wp-content\/uploads\/2020\/03\/1711141031MOLDES-DE-SILICONA-X6-PARA-FREIDORA-01.png",1000,1000,false],"thumbnail":["https:\/\/elcomercioenlinea.com\/wp-content\/uploads\/2020\/03\/1711141031MOLDES-DE-SILICONA-X6-PARA-FREIDORA-01-150x150.png",150,150,true],"medium":["https:\/\/elcomercioenlinea.com\/wp-content\/uploads\/2020\/03\/1711141031MOLDES-DE-SILICONA-X6-PARA-FREIDORA-01-300x300.png",300,300,true],"medium_large":["https:\/\/elcomercioenlinea.com\/wp-content\/uploads\/2020\/03\/1711141031MOLDES-DE-SILICONA-X6-PARA-FREIDORA-01-768x768.png",768,768,true],"large":["https:\/\/elcomercioenlinea.com\/wp-content\/uploads\/2020\/03\/1711141031MOLDES-DE-SILICONA-X6-PARA-FREIDORA-01.png",1000,1000,false],"1536x1536":["https:\/\/elcomercioenlinea.com\/wp-content\/uploads\/2020\/03\/1711141031MOLDES-DE-SILICONA-X6-PARA-FREIDORA-01.png",1000,1000,false],"2048x2048":["https:\/\/elcomercioenlinea.com\/wp-content\/uploads\/2020\/03\/1711141031MOLDES-DE-SILICONA-X6-PARA-FREIDORA-01.png",1000,1000,false],"woocommerce_archive_thumbnail":["https:\/\/elcomercioenlinea.com\/wp-content\/uploads\/2020\/03\/1711141031MOLDES-DE-SILICONA-X6-PARA-FREIDORA-01-300x300.png",300,300,true],"woocommerce_thumbnail":["https:\/\/elcomercioenlinea.com\/wp-content\/uploads\/2020\/03\/1711141031MOLDES-DE-SILICONA-X6-PARA-FREIDORA-01-300x300.png",300,300,true],"woocommerce_single":["https:\/\/elcomercioenlinea.com\/wp-content\/uploads\/2020\/03\/1711141031MOLDES-DE-SILICONA-X6-PARA-FREIDORA-01-600x600.png",600,600,true],"woocommerce_gallery_thumbnail":["https:\/\/elcomercioenlinea.com\/wp-content\/uploads\/2020\/03\/1711141031MOLDES-DE-SILICONA-X6-PARA-FREIDORA-01-100x100.png",100,100,true]},"post_excerpt_stackable":"<p>1 x Set de Moldes de silicona x6 pcS<\/p>\n","category_list":"","author_info":{"name":"","url":""},"comments_num":"1 comentario","jetpack_sharing_enabled":true,"_links":{"self":[{"href":"https:\/\/elcomercioenlinea.com\/index.php\/wp-json\/wp\/v2\/product\/162","targetHints":{"allow":["GET"]}}],"collection":[{"href":"https:\/\/elcomercioenlinea.com\/index.php\/wp-json\/wp\/v2\/product"}],"about":[{"href":"https:\/\/elcomercioenlinea.com\/index.php\/wp-json\/wp\/v2\/types\/product"}],"wp:featuredmedia":[{"embeddable":true,"href":"https:\/\/elcomercioenlinea.com\/index.php\/wp-json\/wp\/v2\/media\/621"}],"wp:attachment":[{"href":"https:\/\/elcomercioenlinea.com\/index.php\/wp-json\/wp\/v2\/media?parent=162"}],"wp:term":[{"taxonomy":"product_brand","embeddable":true,"href":"https:\/\/elcomercioenlinea.com\/index.php\/wp-json\/wp\/v2\/product_brand?post=162"},{"taxonomy":"product_cat","embeddable":true,"href":"https:\/\/elcomercioenlinea.com\/index.php\/wp-json\/wp\/v2\/product_cat?post=162"},{"taxonomy":"product_tag","embeddable":true,"href":"https:\/\/elcomercioenlinea.com\/index.php\/wp-json\/wp\/v2\/product_tag?post=162"}],"curies":[{"name":"wp","href":"https:\/\/api.w.org\/{rel}","templated":true}]}}