{"id":164,"date":"2020-03-16T09:11:32","date_gmt":"2020-03-16T09:11:32","guid":{"rendered":"https:\/\/demo.creativethemes.com\/blocksy\/modern-shop\/?post_type=product&#038;p=164"},"modified":"2024-03-24T16:28:36","modified_gmt":"2024-03-24T21:28:36","slug":"rhoncus-aenean-velelit-scelerisque-mauris","status":"publish","type":"product","link":"https:\/\/elcomercioenlinea.com\/index.php\/producto\/rhoncus-aenean-velelit-scelerisque-mauris\/","title":{"rendered":"SOPORTE PARA TOBILLO"},"content":{"rendered":"<p>Tobillera el\u00e1stica que ofrece soporte con una comodidad superior. Se adapta c\u00f3modamente al interior de botas, sandalias, zapatos o patines con dise\u00f1o abierto de puntera, para un movimiento total sin restricciones.<\/p>\n<p>&nbsp;<\/p>\n<p>CARACTERISTICAS:<\/p>\n<p>* Proporciona compresi\u00f3n para el tobillo, ideal para deportes o para aliviar el dolor.<\/p>\n<p>*Alta elasticidad y transpirabilidad que puede aportar una sensaci\u00f3n c\u00f3moda.<\/p>\n<p>* Ayuda a aliviar el dolor de la fascitis plantar, espuelas de hueso, tendinitis de Aquiles y<\/p>\n<p>m\u00e1s.<\/p>\n<p>* Tela de compresi\u00f3n transpirable, r\u00e1pida absorci\u00f3n de sudor y mantiene los pies secos y<\/p>\n<p>libres de olores.<\/p>\n<p>&nbsp;<\/p>\n<p>ESPECIFICACIONES :<\/p>\n<p>Talla: \u00fanica<\/p>\n<p>Color: negro y verde<\/p>\n<p>Tela: algod\u00f3n, expandible y ajustable<\/p>\n","protected":false},"excerpt":{"rendered":"<p>Tobillera el\u00e1stica que ofrece soporte con una comodidad superior. Se adapta c\u00f3modamente al interior de botas, sandalias, zapatos o patines con dise\u00f1o abierto de puntera, para un movimiento total sin restricciones.<\/p>\n","protected":false},"featured_media":618,"template":"","meta":[],"product_brand":[],"product_cat":[49],"product_tag":[47,45,48,44,46],"class_list":{"0":"post-164","1":"product","2":"type-product","3":"status-publish","4":"has-post-thumbnail","6":"product_cat-salud","7":"product_tag-articulacion","8":"product_tag-musculo","9":"product_tag-pierna","10":"product_tag-salud","11":"product_tag-tobillo","13":"first","14":"instock","15":"shipping-taxable","16":"purchasable","17":"product-type-simple"},"featured_image_urls":{"full":["https:\/\/elcomercioenlinea.com\/wp-content\/uploads\/2020\/03\/1711115390photo_2023-03-14_13-51-29.jpg",503,504,false],"thumbnail":["https:\/\/elcomercioenlinea.com\/wp-content\/uploads\/2020\/03\/1711115390photo_2023-03-14_13-51-29-150x150.jpg",150,150,true],"medium":["https:\/\/elcomercioenlinea.com\/wp-content\/uploads\/2020\/03\/1711115390photo_2023-03-14_13-51-29-300x300.jpg",300,300,true],"medium_large":["https:\/\/elcomercioenlinea.com\/wp-content\/uploads\/2020\/03\/1711115390photo_2023-03-14_13-51-29.jpg",503,504,false],"large":["https:\/\/elcomercioenlinea.com\/wp-content\/uploads\/2020\/03\/1711115390photo_2023-03-14_13-51-29.jpg",503,504,false],"1536x1536":["https:\/\/elcomercioenlinea.com\/wp-content\/uploads\/2020\/03\/1711115390photo_2023-03-14_13-51-29.jpg",503,504,false],"2048x2048":["https:\/\/elcomercioenlinea.com\/wp-content\/uploads\/2020\/03\/1711115390photo_2023-03-14_13-51-29.jpg",503,504,false],"woocommerce_archive_thumbnail":["https:\/\/elcomercioenlinea.com\/wp-content\/uploads\/2020\/03\/1711115390photo_2023-03-14_13-51-29-300x300.jpg",300,300,true],"woocommerce_thumbnail":["https:\/\/elcomercioenlinea.com\/wp-content\/uploads\/2020\/03\/1711115390photo_2023-03-14_13-51-29-300x300.jpg",300,300,true],"woocommerce_single":["https:\/\/elcomercioenlinea.com\/wp-content\/uploads\/2020\/03\/1711115390photo_2023-03-14_13-51-29.jpg",503,504,false],"woocommerce_gallery_thumbnail":["https:\/\/elcomercioenlinea.com\/wp-content\/uploads\/2020\/03\/1711115390photo_2023-03-14_13-51-29-100x100.jpg",100,100,true]},"post_excerpt_stackable":"<p>Tobillera el\u00e1stica que ofrece soporte con una comodidad superior. Se adapta c\u00f3modamente al interior de botas, sandalias, zapatos o patines con dise\u00f1o abierto de puntera, para un movimiento total sin restricciones.<\/p>\n","category_list":"","author_info":{"name":"","url":""},"comments_num":"0 comentarios","jetpack_sharing_enabled":true,"_links":{"self":[{"href":"https:\/\/elcomercioenlinea.com\/index.php\/wp-json\/wp\/v2\/product\/164","targetHints":{"allow":["GET"]}}],"collection":[{"href":"https:\/\/elcomercioenlinea.com\/index.php\/wp-json\/wp\/v2\/product"}],"about":[{"href":"https:\/\/elcomercioenlinea.com\/index.php\/wp-json\/wp\/v2\/types\/product"}],"wp:featuredmedia":[{"embeddable":true,"href":"https:\/\/elcomercioenlinea.com\/index.php\/wp-json\/wp\/v2\/media\/618"}],"wp:attachment":[{"href":"https:\/\/elcomercioenlinea.com\/index.php\/wp-json\/wp\/v2\/media?parent=164"}],"wp:term":[{"taxonomy":"product_brand","embeddable":true,"href":"https:\/\/elcomercioenlinea.com\/index.php\/wp-json\/wp\/v2\/product_brand?post=164"},{"taxonomy":"product_cat","embeddable":true,"href":"https:\/\/elcomercioenlinea.com\/index.php\/wp-json\/wp\/v2\/product_cat?post=164"},{"taxonomy":"product_tag","embeddable":true,"href":"https:\/\/elcomercioenlinea.com\/index.php\/wp-json\/wp\/v2\/product_tag?post=164"}],"curies":[{"name":"wp","href":"https:\/\/api.w.org\/{rel}","templated":true}]}}