{"id":166,"date":"2020-03-16T09:14:43","date_gmt":"2020-03-16T09:14:43","guid":{"rendered":"https:\/\/demo.creativethemes.com\/blocksy\/modern-shop\/?post_type=product&#038;p=166"},"modified":"2024-03-24T16:09:35","modified_gmt":"2024-03-24T21:09:35","slug":"scelerisque-mauris-pellentesque-pulvinar","status":"publish","type":"product","link":"https:\/\/elcomercioenlinea.com\/index.php\/producto\/scelerisque-mauris-pellentesque-pulvinar\/","title":{"rendered":"Soporte Plantas Enrredaderas Matas Rosas"},"content":{"rendered":"<ul>\n<li>Jaula funcional para tomates: la jaula redonda de tomate Mimeela est\u00e1 dise\u00f1ada para cultivar tomates y otras plantas trepadoras verticales, el dise\u00f1o ergon\u00f3mico especial ofrece la flexibilidad necesaria para a\u00f1adir apoyo sin poner tensi\u00f3n en la planta de tomate. Este enrejado de tomate puede encerrar eficazmente las plantas trepadoras, tambi\u00e9n promover la circulaci\u00f3n del aire y m\u00e1s luz solar a trav\u00e9s de la planta para un mejor crecimiento.<\/li>\n<li>C\u00f3modo de usar: las jaulas de tomate apilables requieren un m\u00ednimo de tiempo y esfuerzo para instalarse. No necesita herramientas ni juego de manos adicional. Todo lo que necesitas hacer es quitar o agregar postes y anillos adicionales para adaptarse a la altura de tus preciadas plantas, conveniente para almacenar en una peque\u00f1a caja despu\u00e9s de desmontar. \u00a1Un gran ayudante para el \u00e1vido jardinero y amante del tomate fresco!<\/li>\n<li>Soporte vers\u00e1til para plantas: esta jaula de tomate resistente es pr\u00e1ctica para algo m\u00e1s que tomate, tambi\u00e9n es ideal como estacas de soporte para plantas para otras plantas trepadoras verticales como pimientos, frijoles de poste, berenjenas, uvas, monstera y rosas, incluso buenas como enrejado de pepino.<\/li>\n<li>Material premium: este enrejado de tomate cuenta con una fuerte estaca de n\u00facleo de acero con un revestimiento de pl\u00e1stico grueso para proporcionar una buena protecci\u00f3n contra la lluvia fuerte, el viento fuerte, las quemaduras solares y otros elementos naturales.<br \/>\nLo suficientemente fuerte como para soportar las plantas durante m\u00e1s temporadas. Precioso revestimiento verde en enrejado de plantas evita demasiado calor para las enredaderas y se integra perfectamente en la vista del jard\u00edn, \u00a1pr\u00e1ctico y hermoso!<\/li>\n<\/ul>\n<p>&nbsp;<\/p>\n<p>GARANT\u00cdA.<\/p>\n<p>&nbsp;<\/p>\n<p>\u00bfTu producto tiene alguna novedad que debamos reportar?<\/p>\n<p>&nbsp;<\/p>\n<p>Una vez recibas tu producto, cuentas con m\u00e1ximo 3 d\u00edas para reportar a Soporte: piezas faltantes, rotas o cualquier novedad que presente el producto.<\/p>\n","protected":false},"excerpt":{"rendered":"<p>Jaula funcional para tomates: la jaula redonda de tomate Mimeela est\u00e1 dise\u00f1ada para cultivar tomates y otras plantas trepadoras verticales, el dise\u00f1o ergon\u00f3mico especial ofrece la flexibilidad necesaria para a\u00f1adir apoyo sin poner tensi\u00f3n en la planta de tomate. Este enrejado de tomate puede encerrar eficazmente las plantas trepadoras, tambi\u00e9n promover la circulaci\u00f3n del aire y m\u00e1s luz solar a trav\u00e9s de la planta para un mejor crecimiento.<\/p>\n","protected":false},"featured_media":614,"template":"","meta":[],"product_brand":[],"product_cat":[17],"product_tag":[36,33,35,32,34],"class_list":{"0":"post-166","1":"product","2":"type-product","3":"status-publish","4":"has-post-thumbnail","6":"product_cat-hogar","7":"product_tag-frutas","8":"product_tag-macetas","9":"product_tag-matas","10":"product_tag-plantas","11":"product_tag-soporte","13":"first","14":"instock","15":"sale","16":"shipping-taxable","17":"purchasable","18":"product-type-simple"},"featured_image_urls":{"full":["https:\/\/elcomercioenlinea.com\/wp-content\/uploads\/2020\/03\/1711131966soportePlanta1.png",800,798,false],"thumbnail":["https:\/\/elcomercioenlinea.com\/wp-content\/uploads\/2020\/03\/1711131966soportePlanta1-150x150.png",150,150,true],"medium":["https:\/\/elcomercioenlinea.com\/wp-content\/uploads\/2020\/03\/1711131966soportePlanta1-300x300.png",300,300,true],"medium_large":["https:\/\/elcomercioenlinea.com\/wp-content\/uploads\/2020\/03\/1711131966soportePlanta1-768x766.png",768,766,true],"large":["https:\/\/elcomercioenlinea.com\/wp-content\/uploads\/2020\/03\/1711131966soportePlanta1.png",800,798,false],"1536x1536":["https:\/\/elcomercioenlinea.com\/wp-content\/uploads\/2020\/03\/1711131966soportePlanta1.png",800,798,false],"2048x2048":["https:\/\/elcomercioenlinea.com\/wp-content\/uploads\/2020\/03\/1711131966soportePlanta1.png",800,798,false],"woocommerce_archive_thumbnail":["https:\/\/elcomercioenlinea.com\/wp-content\/uploads\/2020\/03\/1711131966soportePlanta1-300x299.png",300,299,true],"woocommerce_thumbnail":["https:\/\/elcomercioenlinea.com\/wp-content\/uploads\/2020\/03\/1711131966soportePlanta1-300x300.png",300,300,true],"woocommerce_single":["https:\/\/elcomercioenlinea.com\/wp-content\/uploads\/2020\/03\/1711131966soportePlanta1-600x599.png",600,599,true],"woocommerce_gallery_thumbnail":["https:\/\/elcomercioenlinea.com\/wp-content\/uploads\/2020\/03\/1711131966soportePlanta1-100x100.png",100,100,true]},"post_excerpt_stackable":"<p>Jaula funcional para tomates: la jaula redonda de tomate Mimeela est\u00e1 dise\u00f1ada para cultivar tomates y otras plantas trepadoras verticales, el dise\u00f1o ergon\u00f3mico especial ofrece la flexibilidad necesaria para a\u00f1adir apoyo sin poner tensi\u00f3n en la planta de tomate. Este enrejado de tomate puede encerrar eficazmente las plantas trepadoras, tambi\u00e9n promover la circulaci\u00f3n del aire y m\u00e1s luz solar a trav\u00e9s de la planta para un mejor crecimiento.<\/p>\n","category_list":"","author_info":{"name":"","url":""},"comments_num":"0 comentarios","jetpack_sharing_enabled":true,"_links":{"self":[{"href":"https:\/\/elcomercioenlinea.com\/index.php\/wp-json\/wp\/v2\/product\/166","targetHints":{"allow":["GET"]}}],"collection":[{"href":"https:\/\/elcomercioenlinea.com\/index.php\/wp-json\/wp\/v2\/product"}],"about":[{"href":"https:\/\/elcomercioenlinea.com\/index.php\/wp-json\/wp\/v2\/types\/product"}],"wp:featuredmedia":[{"embeddable":true,"href":"https:\/\/elcomercioenlinea.com\/index.php\/wp-json\/wp\/v2\/media\/614"}],"wp:attachment":[{"href":"https:\/\/elcomercioenlinea.com\/index.php\/wp-json\/wp\/v2\/media?parent=166"}],"wp:term":[{"taxonomy":"product_brand","embeddable":true,"href":"https:\/\/elcomercioenlinea.com\/index.php\/wp-json\/wp\/v2\/product_brand?post=166"},{"taxonomy":"product_cat","embeddable":true,"href":"https:\/\/elcomercioenlinea.com\/index.php\/wp-json\/wp\/v2\/product_cat?post=166"},{"taxonomy":"product_tag","embeddable":true,"href":"https:\/\/elcomercioenlinea.com\/index.php\/wp-json\/wp\/v2\/product_tag?post=166"}],"curies":[{"name":"wp","href":"https:\/\/api.w.org\/{rel}","templated":true}]}}