{"id":168,"date":"2020-03-16T09:19:03","date_gmt":"2020-03-16T09:19:03","guid":{"rendered":"https:\/\/demo.creativethemes.com\/blocksy\/modern-shop\/?post_type=product&#038;p=168"},"modified":"2024-03-24T15:20:04","modified_gmt":"2024-03-24T20:20:04","slug":"ornare-arcu-odio-utsem-nullapharetra-diam","status":"publish","type":"product","link":"https:\/\/elcomercioenlinea.com\/index.php\/producto\/ornare-arcu-odio-utsem-nullapharetra-diam\/","title":{"rendered":"Gancho Multiuso giratorio X 2"},"content":{"rendered":"<p>&#8211; Colocar solo sobre superficies planas, antes de colocarlo se debe realizar limpieza de la zona en donde va a ir ubicado el soporte.<br \/>\n&#8211; Retirar el papel protector del adhesivo del otro lado para pegarlo sobre la superficie plana.<br \/>\n&#8211; Asegurarse de que quede bien pegado y dejarlo adherirse durante 12 horas m\u00ednimo antes de usarlo y colocar encima utencilios, cubiertos o alg\u00fan accesorio.<\/p>\n<p>Soporte en forma de gancho giratorio, adhesivo multiusos para cocina:<\/p>\n<p>El soporte en forma de gancho giratorio es ideal para colgar tus utensilios de cocina, cubiertos, toallas o accesorios como llaves que necesites a la mano, es f\u00e1cil de instalar o quitar sin causar ning\u00fan tipo de da\u00f1o a la superficie, su dise\u00f1o es simple, elegante, vers\u00e1til y resistente, \u00fasalo en lugares de tu hogar como cocina, sala o ba\u00f1o.<br \/>\n<strong>Condiciones de Compra:<\/strong><\/p>\n<ol>\n<li>Si el producto viene en variables se debe elegir el color por medio de las variables, no se aceptan colores en las notas, se despachar\u00e1 como quede la variable principal. Por defecto viene el set x2 unidades del color de preferencia.<\/li>\n<li>Las cantidades deben ser elegidas en las cantidades, no en las notas, se enviar\u00e1 la cantidad con la cual se haya realizado la compra.<\/li>\n<li>Para Garant\u00edas de productos solo aplican defectos de f\u00e1brica, no aplican mal uso, conexi\u00f3n inadecuada entre otros, las garant\u00edas deben ser reportadas dentro de los 3 primeros d\u00edas calendarios despu\u00e9s de recibido el producto, en el cual se iniciar\u00e1 el proceso de revisi\u00f3n, las garant\u00edas se deben adjuntar con todas las evidencias correspondientes y correctas (video de como llego el producto, video de uso del producto, entre otros necesarios)<\/li>\n<li>Para reclamos de productos faltantes o diferentes se debe reportar dentro de los 3 primeros d\u00edas calendarios para iniciar el proceso de revisi\u00f3n.<\/li>\n<\/ol>\n","protected":false},"excerpt":{"rendered":"<p>Soporte en forma de gancho giratorio, adhesivo multiusos para cocina:<\/p>\n<p>El soporte en forma de gancho giratorio es ideal para colgar tus utensilios de cocina, cubiertos, toallas o accesorios como llaves que necesites a la mano, es f\u00e1cil de instalar o quitar sin causar ning\u00fan tipo de da\u00f1o a la superficie, su dise\u00f1o es simple, elegante, vers\u00e1til y resistente, \u00fasalo en lugares de tu hogar como cocina, sala o ba\u00f1o.<\/p>\n","protected":false},"featured_media":612,"template":"","meta":[],"product_brand":[],"product_cat":[17],"product_tag":[29,30,26,28,27,31],"class_list":{"0":"post-168","1":"product","2":"type-product","3":"status-publish","4":"has-post-thumbnail","6":"product_cat-hogar","7":"product_tag-colgar","8":"product_tag-gancho","9":"product_tag-hogar","10":"product_tag-organizador","11":"product_tag-organizar","12":"product_tag-poner","14":"first","15":"instock","16":"shipping-taxable","17":"purchasable","18":"product-type-variable"},"featured_image_urls":{"full":["https:\/\/elcomercioenlinea.com\/wp-content\/uploads\/2020\/03\/17018964971701896497Hb9957f377b304420858799050f7fdd7bX.jpg",800,800,false],"thumbnail":["https:\/\/elcomercioenlinea.com\/wp-content\/uploads\/2020\/03\/17018964971701896497Hb9957f377b304420858799050f7fdd7bX-150x150.jpg",150,150,true],"medium":["https:\/\/elcomercioenlinea.com\/wp-content\/uploads\/2020\/03\/17018964971701896497Hb9957f377b304420858799050f7fdd7bX-300x300.jpg",300,300,true],"medium_large":["https:\/\/elcomercioenlinea.com\/wp-content\/uploads\/2020\/03\/17018964971701896497Hb9957f377b304420858799050f7fdd7bX-768x768.jpg",768,768,true],"large":["https:\/\/elcomercioenlinea.com\/wp-content\/uploads\/2020\/03\/17018964971701896497Hb9957f377b304420858799050f7fdd7bX.jpg",800,800,false],"1536x1536":["https:\/\/elcomercioenlinea.com\/wp-content\/uploads\/2020\/03\/17018964971701896497Hb9957f377b304420858799050f7fdd7bX.jpg",800,800,false],"2048x2048":["https:\/\/elcomercioenlinea.com\/wp-content\/uploads\/2020\/03\/17018964971701896497Hb9957f377b304420858799050f7fdd7bX.jpg",800,800,false],"woocommerce_archive_thumbnail":["https:\/\/elcomercioenlinea.com\/wp-content\/uploads\/2020\/03\/17018964971701896497Hb9957f377b304420858799050f7fdd7bX-300x300.jpg",300,300,true],"woocommerce_thumbnail":["https:\/\/elcomercioenlinea.com\/wp-content\/uploads\/2020\/03\/17018964971701896497Hb9957f377b304420858799050f7fdd7bX-300x300.jpg",300,300,true],"woocommerce_single":["https:\/\/elcomercioenlinea.com\/wp-content\/uploads\/2020\/03\/17018964971701896497Hb9957f377b304420858799050f7fdd7bX-600x600.jpg",600,600,true],"woocommerce_gallery_thumbnail":["https:\/\/elcomercioenlinea.com\/wp-content\/uploads\/2020\/03\/17018964971701896497Hb9957f377b304420858799050f7fdd7bX-100x100.jpg",100,100,true]},"post_excerpt_stackable":"<p>Soporte en forma de gancho giratorio, adhesivo multiusos para cocina:<\/p>\n<p>El soporte en forma de gancho giratorio es ideal para colgar tus utensilios de cocina, cubiertos, toallas o accesorios como llaves que necesites a la mano, es f\u00e1cil de instalar o quitar sin causar ning\u00fan tipo de da\u00f1o a la superficie, su dise\u00f1o es simple, elegante, vers\u00e1til y resistente, \u00fasalo en lugares de tu hogar como cocina, sala o ba\u00f1o.<\/p>\n","category_list":"","author_info":{"name":"","url":""},"comments_num":"0 comentarios","jetpack_sharing_enabled":true,"_links":{"self":[{"href":"https:\/\/elcomercioenlinea.com\/index.php\/wp-json\/wp\/v2\/product\/168","targetHints":{"allow":["GET"]}}],"collection":[{"href":"https:\/\/elcomercioenlinea.com\/index.php\/wp-json\/wp\/v2\/product"}],"about":[{"href":"https:\/\/elcomercioenlinea.com\/index.php\/wp-json\/wp\/v2\/types\/product"}],"wp:featuredmedia":[{"embeddable":true,"href":"https:\/\/elcomercioenlinea.com\/index.php\/wp-json\/wp\/v2\/media\/612"}],"wp:attachment":[{"href":"https:\/\/elcomercioenlinea.com\/index.php\/wp-json\/wp\/v2\/media?parent=168"}],"wp:term":[{"taxonomy":"product_brand","embeddable":true,"href":"https:\/\/elcomercioenlinea.com\/index.php\/wp-json\/wp\/v2\/product_brand?post=168"},{"taxonomy":"product_cat","embeddable":true,"href":"https:\/\/elcomercioenlinea.com\/index.php\/wp-json\/wp\/v2\/product_cat?post=168"},{"taxonomy":"product_tag","embeddable":true,"href":"https:\/\/elcomercioenlinea.com\/index.php\/wp-json\/wp\/v2\/product_tag?post=168"}],"curies":[{"name":"wp","href":"https:\/\/api.w.org\/{rel}","templated":true}]}}