{"id":1825,"date":"2024-07-01T20:25:41","date_gmt":"2024-07-02T01:25:41","guid":{"rendered":"https:\/\/elcomercioenlinea.com\/index.php\/producto\/tapete-de-bano-absorbente\/"},"modified":"2024-07-02T11:11:33","modified_gmt":"2024-07-02T16:11:33","slug":"tapete-de-bano-absorbente","status":"publish","type":"product","link":"https:\/\/elcomercioenlinea.com\/index.php\/producto\/tapete-de-bano-absorbente\/","title":{"rendered":"Tapete De Ba\u00f1o Absorbente"},"content":{"rendered":"<p>Tapete alfombra de ba\u00f1o absorbente con respaldo de goma antideslizante. estas alfombrillas antideslizantes est\u00e1n hechas con materiales suave al tacto y suelo de goma antideslizante para aumentar la seguridad y la estabilidad Absorci\u00f3n de agua y secado r\u00e1pido. Puede absorber manchas de agua Mantenga el suelo limpio y seco para mantener su hogar c\u00f3modo y limpio Escenarios de uso Adecuado para ba\u00f1o lavabo cocina lavadero sala de estar, dormitorio, entrada, etc.<\/p>\n<p>F\u00e1cil de limpiar, Solo necesita limpiarse con un cepillo o esponja lo que ahorra tiempo y energ\u00eda. la garant\u00eda por defectos de fabrica no cubre mal uso ni golpes para hacer valida la garant\u00eda conservar su caja y todo lo incluido en su empaque si le falta la caja o algo de su empaque no se responde por garant\u00eda si tiene signos de maltrato o mal uso no se responde por garant\u00eda no exceder los 10 d\u00edas de cuando se realiza la entrega.<\/p>\n","protected":false},"excerpt":{"rendered":"<p>Tapete alfombra de ba\u00f1o absorbente con respaldo de goma antideslizante. estas alfombrillas antideslizantes est\u00e1n hechas con materiales suave al tacto y suelo de goma antideslizante para aumentar la seguridad y la estabilidad Absorci\u00f3n de agua y secado r\u00e1pido. Puede absorber manchas de agua Mantenga el suelo limpio y seco para mantener su hogar c\u00f3modo y [&hellip;]<\/p>\n","protected":false},"featured_media":1826,"template":"","meta":[],"product_brand":[],"product_cat":[100,17],"product_tag":[],"class_list":{"0":"post-1825","1":"product","2":"type-product","3":"status-publish","4":"has-post-thumbnail","6":"product_cat-bienestar","7":"product_cat-hogar","9":"first","10":"instock","11":"shipping-taxable","12":"purchasable","13":"product-type-simple"},"featured_image_urls":{"full":["https:\/\/elcomercioenlinea.com\/wp-content\/uploads\/2024\/07\/657629.png",1194,1186,false],"thumbnail":["https:\/\/elcomercioenlinea.com\/wp-content\/uploads\/2024\/07\/657629-150x150.png",150,150,true],"medium":["https:\/\/elcomercioenlinea.com\/wp-content\/uploads\/2024\/07\/657629-300x298.png",300,298,true],"medium_large":["https:\/\/elcomercioenlinea.com\/wp-content\/uploads\/2024\/07\/657629-768x763.png",768,763,true],"large":["https:\/\/elcomercioenlinea.com\/wp-content\/uploads\/2024\/07\/657629-1024x1017.png",1024,1017,true],"1536x1536":["https:\/\/elcomercioenlinea.com\/wp-content\/uploads\/2024\/07\/657629.png",1194,1186,false],"2048x2048":["https:\/\/elcomercioenlinea.com\/wp-content\/uploads\/2024\/07\/657629.png",1194,1186,false],"woocommerce_archive_thumbnail":["https:\/\/elcomercioenlinea.com\/wp-content\/uploads\/2024\/07\/657629-300x298.png",300,298,true],"woocommerce_thumbnail":["https:\/\/elcomercioenlinea.com\/wp-content\/uploads\/2024\/07\/657629-300x300.png",300,300,true],"woocommerce_single":["https:\/\/elcomercioenlinea.com\/wp-content\/uploads\/2024\/07\/657629-600x596.png",600,596,true],"woocommerce_gallery_thumbnail":["https:\/\/elcomercioenlinea.com\/wp-content\/uploads\/2024\/07\/657629-100x100.png",100,100,true]},"post_excerpt_stackable":"<p>Tapete alfombra de ba\u00f1o absorbente con respaldo de goma antideslizante. estas alfombrillas antideslizantes est\u00e1n hechas con materiales suave al tacto y suelo de goma antideslizante para aumentar la seguridad y la estabilidad Absorci\u00f3n de agua y secado r\u00e1pido. Puede absorber manchas de agua Mantenga el suelo limpio y seco para mantener su hogar c\u00f3modo y limpio Escenarios de uso Adecuado para ba\u00f1o lavabo cocina lavadero sala de estar, dormitorio, entrada, etc. F\u00e1cil de limpiar, Solo necesita limpiarse con un cepillo o esponja lo que ahorra tiempo y energ\u00eda. la garant\u00eda por defectos de fabrica no cubre mal uso ni golpes&hellip;<\/p>\n","category_list":"","author_info":{"name":"","url":""},"comments_num":"0 comentarios","jetpack_sharing_enabled":true,"_links":{"self":[{"href":"https:\/\/elcomercioenlinea.com\/index.php\/wp-json\/wp\/v2\/product\/1825","targetHints":{"allow":["GET"]}}],"collection":[{"href":"https:\/\/elcomercioenlinea.com\/index.php\/wp-json\/wp\/v2\/product"}],"about":[{"href":"https:\/\/elcomercioenlinea.com\/index.php\/wp-json\/wp\/v2\/types\/product"}],"wp:featuredmedia":[{"embeddable":true,"href":"https:\/\/elcomercioenlinea.com\/index.php\/wp-json\/wp\/v2\/media\/1826"}],"wp:attachment":[{"href":"https:\/\/elcomercioenlinea.com\/index.php\/wp-json\/wp\/v2\/media?parent=1825"}],"wp:term":[{"taxonomy":"product_brand","embeddable":true,"href":"https:\/\/elcomercioenlinea.com\/index.php\/wp-json\/wp\/v2\/product_brand?post=1825"},{"taxonomy":"product_cat","embeddable":true,"href":"https:\/\/elcomercioenlinea.com\/index.php\/wp-json\/wp\/v2\/product_cat?post=1825"},{"taxonomy":"product_tag","embeddable":true,"href":"https:\/\/elcomercioenlinea.com\/index.php\/wp-json\/wp\/v2\/product_tag?post=1825"}],"curies":[{"name":"wp","href":"https:\/\/api.w.org\/{rel}","templated":true}]}}