{"id":1833,"date":"2024-07-02T08:19:53","date_gmt":"2024-07-02T13:19:53","guid":{"rendered":"https:\/\/elcomercioenlinea.com\/index.php\/producto\/cinturon-tonificador-abdominal-6-modos\/"},"modified":"2024-07-02T09:37:15","modified_gmt":"2024-07-02T14:37:15","slug":"cinturon-tonificador-abdominal-6-modos","status":"publish","type":"product","link":"https:\/\/elcomercioenlinea.com\/index.php\/producto\/cinturon-tonificador-abdominal-6-modos\/","title":{"rendered":"Cintur\u00f3n Tonificador Abdominal 6 modos"},"content":{"rendered":"<p>El estimulador de abdominales REVOLUTONE utiliza tecnolog\u00eda EMS simulando contracciones musculares naturales para ofrecer un entrenamiento abdominal parecido a abdominales menos la tensi\u00f3n f\u00edsica Compacto y f\u00e1cil de usar este innovador dispositivo redefine la comodidad para alcanzar objetivos de fitness eliminando la necesidad de m\u00e1quinas abdominales voluminosas Distinguida de las m\u00e1quinas abdominales tradicionales esta herramienta de entrenamiento integral se dirige a varios grupos musculares de manera eficiente Ofrece estimulaci\u00f3n muscular precisa y especifica activando cada fibra muscular Cuando se integra en tu r\u00e9gimen de entrenamiento de fuerza de reductor de cintura funciona como un entrenador de cintura personal mejorando tu experiencia de entrenamiento<\/p>\n","protected":false},"excerpt":{"rendered":"<p>El estimulador de abdominales REVOLUTONE utiliza tecnolog\u00eda EMS simulando contracciones musculares naturales para ofrecer un entrenamiento abdominal parecido a abdominales menos la tensi\u00f3n f\u00edsica Compacto y f\u00e1cil de usar este innovador dispositivo redefine la comodidad para alcanzar objetivos de fitness eliminando la necesidad de m\u00e1quinas abdominales voluminosas Distinguida de las m\u00e1quinas abdominales tradicionales esta herramienta [&hellip;]<\/p>\n","protected":false},"featured_media":1834,"template":"","meta":[],"product_brand":[],"product_cat":[101],"product_tag":[],"class_list":{"0":"post-1833","1":"product","2":"type-product","3":"status-publish","4":"has-post-thumbnail","6":"product_cat-deportivo","8":"first","9":"instock","10":"shipping-taxable","11":"purchasable","12":"product-type-simple"},"featured_image_urls":{"full":["https:\/\/elcomercioenlinea.com\/wp-content\/uploads\/2024\/07\/860056.png",1168,1154,false],"thumbnail":["https:\/\/elcomercioenlinea.com\/wp-content\/uploads\/2024\/07\/860056-150x150.png",150,150,true],"medium":["https:\/\/elcomercioenlinea.com\/wp-content\/uploads\/2024\/07\/860056-300x296.png",300,296,true],"medium_large":["https:\/\/elcomercioenlinea.com\/wp-content\/uploads\/2024\/07\/860056-768x759.png",768,759,true],"large":["https:\/\/elcomercioenlinea.com\/wp-content\/uploads\/2024\/07\/860056-1024x1012.png",1024,1012,true],"1536x1536":["https:\/\/elcomercioenlinea.com\/wp-content\/uploads\/2024\/07\/860056.png",1168,1154,false],"2048x2048":["https:\/\/elcomercioenlinea.com\/wp-content\/uploads\/2024\/07\/860056.png",1168,1154,false],"woocommerce_archive_thumbnail":["https:\/\/elcomercioenlinea.com\/wp-content\/uploads\/2024\/07\/860056-300x296.png",300,296,true],"woocommerce_thumbnail":["https:\/\/elcomercioenlinea.com\/wp-content\/uploads\/2024\/07\/860056-300x300.png",300,300,true],"woocommerce_single":["https:\/\/elcomercioenlinea.com\/wp-content\/uploads\/2024\/07\/860056-600x593.png",600,593,true],"woocommerce_gallery_thumbnail":["https:\/\/elcomercioenlinea.com\/wp-content\/uploads\/2024\/07\/860056-100x100.png",100,100,true]},"post_excerpt_stackable":"<p>El estimulador de abdominales REVOLUTONE utiliza tecnolog\u00eda EMS simulando contracciones musculares naturales para ofrecer un entrenamiento abdominal parecido a abdominales menos la tensi\u00f3n f\u00edsica Compacto y f\u00e1cil de usar este innovador dispositivo redefine la comodidad para alcanzar objetivos de fitness eliminando la necesidad de m\u00e1quinas abdominales voluminosas Distinguida de las m\u00e1quinas abdominales tradicionales esta herramienta de entrenamiento integral se dirige a varios grupos musculares de manera eficiente Ofrece estimulaci\u00f3n muscular precisa y especifica activando cada fibra muscular Cuando se integra en tu r\u00e9gimen de entrenamiento de fuerza de reductor de cintura funciona como un entrenador de cintura personal mejorando tu&hellip;<\/p>\n","category_list":"","author_info":{"name":"","url":""},"comments_num":"0 comentarios","jetpack_sharing_enabled":true,"_links":{"self":[{"href":"https:\/\/elcomercioenlinea.com\/index.php\/wp-json\/wp\/v2\/product\/1833","targetHints":{"allow":["GET"]}}],"collection":[{"href":"https:\/\/elcomercioenlinea.com\/index.php\/wp-json\/wp\/v2\/product"}],"about":[{"href":"https:\/\/elcomercioenlinea.com\/index.php\/wp-json\/wp\/v2\/types\/product"}],"wp:featuredmedia":[{"embeddable":true,"href":"https:\/\/elcomercioenlinea.com\/index.php\/wp-json\/wp\/v2\/media\/1834"}],"wp:attachment":[{"href":"https:\/\/elcomercioenlinea.com\/index.php\/wp-json\/wp\/v2\/media?parent=1833"}],"wp:term":[{"taxonomy":"product_brand","embeddable":true,"href":"https:\/\/elcomercioenlinea.com\/index.php\/wp-json\/wp\/v2\/product_brand?post=1833"},{"taxonomy":"product_cat","embeddable":true,"href":"https:\/\/elcomercioenlinea.com\/index.php\/wp-json\/wp\/v2\/product_cat?post=1833"},{"taxonomy":"product_tag","embeddable":true,"href":"https:\/\/elcomercioenlinea.com\/index.php\/wp-json\/wp\/v2\/product_tag?post=1833"}],"curies":[{"name":"wp","href":"https:\/\/api.w.org\/{rel}","templated":true}]}}