{"id":1839,"date":"2024-07-02T09:33:20","date_gmt":"2024-07-02T14:33:20","guid":{"rendered":"https:\/\/elcomercioenlinea.com\/index.php\/producto\/brochas-de-maquillaje-12uni-bambu\/"},"modified":"2024-07-02T09:36:42","modified_gmt":"2024-07-02T14:36:42","slug":"brochas-de-maquillaje-12uni-bambu","status":"publish","type":"product","link":"https:\/\/elcomercioenlinea.com\/index.php\/producto\/brochas-de-maquillaje-12uni-bambu\/","title":{"rendered":"BROCHAS DE MAQUILLAJE 12UNI BAMBU"},"content":{"rendered":"<p>F\u00e1cil y c\u00f3modo de llevar Cerdas suaves y el\u00e1sticas Materiales naturales y reciclados virolas de aluminio El juego de 11 brochas de maquillaje contiene un pincel multiusos para todos los looks de maquillaje Aplicar sobre l\u00edquido polvo o crema para un maquillaje impecable de cara y ojos un encantador ayudante para tu maquillaje<\/p>\n","protected":false},"excerpt":{"rendered":"<p>F\u00e1cil y c\u00f3modo de llevar Cerdas suaves y el\u00e1sticas Materiales naturales y reciclados virolas de aluminio El juego de 11 brochas de maquillaje contiene un pincel multiusos para todos los looks de maquillaje Aplicar sobre l\u00edquido polvo o crema para un maquillaje impecable de cara y ojos un encantador ayudante para tu maquillaje<\/p>\n","protected":false},"featured_media":1840,"template":"","meta":[],"product_brand":[],"product_cat":[102],"product_tag":[],"class_list":{"0":"post-1839","1":"product","2":"type-product","3":"status-publish","4":"has-post-thumbnail","6":"product_cat-belleza","8":"first","9":"instock","10":"shipping-taxable","11":"purchasable","12":"product-type-simple"},"featured_image_urls":{"full":["https:\/\/elcomercioenlinea.com\/wp-content\/uploads\/2024\/07\/573977.png",300,250,false],"thumbnail":["https:\/\/elcomercioenlinea.com\/wp-content\/uploads\/2024\/07\/573977-150x150.png",150,150,true],"medium":["https:\/\/elcomercioenlinea.com\/wp-content\/uploads\/2024\/07\/573977.png",300,250,false],"medium_large":["https:\/\/elcomercioenlinea.com\/wp-content\/uploads\/2024\/07\/573977.png",300,250,false],"large":["https:\/\/elcomercioenlinea.com\/wp-content\/uploads\/2024\/07\/573977.png",300,250,false],"1536x1536":["https:\/\/elcomercioenlinea.com\/wp-content\/uploads\/2024\/07\/573977.png",300,250,false],"2048x2048":["https:\/\/elcomercioenlinea.com\/wp-content\/uploads\/2024\/07\/573977.png",300,250,false],"woocommerce_archive_thumbnail":["https:\/\/elcomercioenlinea.com\/wp-content\/uploads\/2024\/07\/573977.png",300,250,false],"woocommerce_thumbnail":["https:\/\/elcomercioenlinea.com\/wp-content\/uploads\/2024\/07\/573977.png",300,250,false],"woocommerce_single":["https:\/\/elcomercioenlinea.com\/wp-content\/uploads\/2024\/07\/573977.png",300,250,false],"woocommerce_gallery_thumbnail":["https:\/\/elcomercioenlinea.com\/wp-content\/uploads\/2024\/07\/573977-100x100.png",100,100,true]},"post_excerpt_stackable":"<p>F\u00e1cil y c\u00f3modo de llevar Cerdas suaves y el\u00e1sticas Materiales naturales y reciclados virolas de aluminio El juego de 11 brochas de maquillaje contiene un pincel multiusos para todos los looks de maquillaje Aplicar sobre l\u00edquido polvo o crema para un maquillaje impecable de cara y ojos un encantador ayudante para tu maquillaje<\/p>\n","category_list":"","author_info":{"name":"","url":""},"comments_num":"0 comentarios","jetpack_sharing_enabled":true,"_links":{"self":[{"href":"https:\/\/elcomercioenlinea.com\/index.php\/wp-json\/wp\/v2\/product\/1839","targetHints":{"allow":["GET"]}}],"collection":[{"href":"https:\/\/elcomercioenlinea.com\/index.php\/wp-json\/wp\/v2\/product"}],"about":[{"href":"https:\/\/elcomercioenlinea.com\/index.php\/wp-json\/wp\/v2\/types\/product"}],"wp:featuredmedia":[{"embeddable":true,"href":"https:\/\/elcomercioenlinea.com\/index.php\/wp-json\/wp\/v2\/media\/1840"}],"wp:attachment":[{"href":"https:\/\/elcomercioenlinea.com\/index.php\/wp-json\/wp\/v2\/media?parent=1839"}],"wp:term":[{"taxonomy":"product_brand","embeddable":true,"href":"https:\/\/elcomercioenlinea.com\/index.php\/wp-json\/wp\/v2\/product_brand?post=1839"},{"taxonomy":"product_cat","embeddable":true,"href":"https:\/\/elcomercioenlinea.com\/index.php\/wp-json\/wp\/v2\/product_cat?post=1839"},{"taxonomy":"product_tag","embeddable":true,"href":"https:\/\/elcomercioenlinea.com\/index.php\/wp-json\/wp\/v2\/product_tag?post=1839"}],"curies":[{"name":"wp","href":"https:\/\/api.w.org\/{rel}","templated":true}]}}