{"id":1858,"date":"2024-07-02T11:03:10","date_gmt":"2024-07-02T16:03:10","guid":{"rendered":"https:\/\/elcomercioenlinea.com\/index.php\/producto\/reloj-de-pared-minimalista\/"},"modified":"2024-07-02T11:05:32","modified_gmt":"2024-07-02T16:05:32","slug":"reloj-de-pared-minimalista","status":"publish","type":"product","link":"https:\/\/elcomercioenlinea.com\/index.php\/producto\/reloj-de-pared-minimalista\/","title":{"rendered":"Reloj De Pared Minimalista"},"content":{"rendered":"<p>Reloj de pared con dise\u00f1o innovador en material pl\u00e1stico PVC.<br \/>\nTama\u00f1o di metro 30 cm espesor 4 cm<br \/>\nEqu\u00edpalo con una bater\u00eda AA ( no incluida )<\/p>\n","protected":false},"excerpt":{"rendered":"<p>Reloj de pared con dise\u00f1o innovador en material pl\u00e1stico PVC. Tama\u00f1o di metro 30 cm espesor 4 cm Equ\u00edpalo con una bater\u00eda AA ( no incluida )<\/p>\n","protected":false},"featured_media":1859,"template":"","meta":[],"product_brand":[],"product_cat":[18],"product_tag":[],"class_list":{"0":"post-1858","1":"product","2":"type-product","3":"status-publish","4":"has-post-thumbnail","6":"product_cat-tecnologia","8":"first","9":"instock","10":"shipping-taxable","11":"purchasable","12":"product-type-simple"},"featured_image_urls":{"full":["https:\/\/elcomercioenlinea.com\/wp-content\/uploads\/2024\/07\/518056.png",1600,1600,false],"thumbnail":["https:\/\/elcomercioenlinea.com\/wp-content\/uploads\/2024\/07\/518056-150x150.png",150,150,true],"medium":["https:\/\/elcomercioenlinea.com\/wp-content\/uploads\/2024\/07\/518056-300x300.png",300,300,true],"medium_large":["https:\/\/elcomercioenlinea.com\/wp-content\/uploads\/2024\/07\/518056-768x768.png",768,768,true],"large":["https:\/\/elcomercioenlinea.com\/wp-content\/uploads\/2024\/07\/518056-1024x1024.png",1024,1024,true],"1536x1536":["https:\/\/elcomercioenlinea.com\/wp-content\/uploads\/2024\/07\/518056-1536x1536.png",1536,1536,true],"2048x2048":["https:\/\/elcomercioenlinea.com\/wp-content\/uploads\/2024\/07\/518056.png",1600,1600,false],"woocommerce_archive_thumbnail":["https:\/\/elcomercioenlinea.com\/wp-content\/uploads\/2024\/07\/518056-300x300.png",300,300,true],"woocommerce_thumbnail":["https:\/\/elcomercioenlinea.com\/wp-content\/uploads\/2024\/07\/518056-300x300.png",300,300,true],"woocommerce_single":["https:\/\/elcomercioenlinea.com\/wp-content\/uploads\/2024\/07\/518056-600x600.png",600,600,true],"woocommerce_gallery_thumbnail":["https:\/\/elcomercioenlinea.com\/wp-content\/uploads\/2024\/07\/518056-100x100.png",100,100,true]},"post_excerpt_stackable":"<p>Reloj de pared con dise\u00f1o innovador en material pl\u00e1stico PVC. Tama\u00f1o di metro 30 cm espesor 4 cm Equ\u00edpalo con una bater\u00eda AA ( no incluida )<\/p>\n","category_list":"","author_info":{"name":"","url":""},"comments_num":"0 comentarios","jetpack_sharing_enabled":true,"_links":{"self":[{"href":"https:\/\/elcomercioenlinea.com\/index.php\/wp-json\/wp\/v2\/product\/1858","targetHints":{"allow":["GET"]}}],"collection":[{"href":"https:\/\/elcomercioenlinea.com\/index.php\/wp-json\/wp\/v2\/product"}],"about":[{"href":"https:\/\/elcomercioenlinea.com\/index.php\/wp-json\/wp\/v2\/types\/product"}],"wp:featuredmedia":[{"embeddable":true,"href":"https:\/\/elcomercioenlinea.com\/index.php\/wp-json\/wp\/v2\/media\/1859"}],"wp:attachment":[{"href":"https:\/\/elcomercioenlinea.com\/index.php\/wp-json\/wp\/v2\/media?parent=1858"}],"wp:term":[{"taxonomy":"product_brand","embeddable":true,"href":"https:\/\/elcomercioenlinea.com\/index.php\/wp-json\/wp\/v2\/product_brand?post=1858"},{"taxonomy":"product_cat","embeddable":true,"href":"https:\/\/elcomercioenlinea.com\/index.php\/wp-json\/wp\/v2\/product_cat?post=1858"},{"taxonomy":"product_tag","embeddable":true,"href":"https:\/\/elcomercioenlinea.com\/index.php\/wp-json\/wp\/v2\/product_tag?post=1858"}],"curies":[{"name":"wp","href":"https:\/\/api.w.org\/{rel}","templated":true}]}}