{"id":1863,"date":"2024-07-02T11:15:15","date_gmt":"2024-07-02T16:15:15","guid":{"rendered":"https:\/\/elcomercioenlinea.com\/index.php\/producto\/mangas-pasteleras-9pzs\/"},"modified":"2024-07-02T11:17:30","modified_gmt":"2024-07-02T16:17:30","slug":"mangas-pasteleras-9pzs","status":"publish","type":"product","link":"https:\/\/elcomercioenlinea.com\/index.php\/producto\/mangas-pasteleras-9pzs\/","title":{"rendered":"MANGA PASTELERA 9PZS"},"content":{"rendered":"<p>Set de herramientas para decoraci\u00f3n dise\u00f1ado tanto para principiantes como para profesionales contiene todo lo necesario para embellecer tus comidas favoritas Apto para su uso con alimentos tanto fr\u00edos como calientes Perfecto para tortas cupcakes, galletas, pure de papas, chocolate caliente dulces, fondant, pasteles, etc.<br \/>\nAdecuado tanto para uso en pasteler\u00edas o panader\u00edas profesionales como en el hogar.<br \/>\nEspecificaci\u00f3n Material acero inoxidable silicona pl\u00e1sticos.<br \/>\nEl set incluye 6 Boquillas de decoraci\u00f3n.<br \/>\n1 Esp\u00e1tula para decoraci\u00f3n.<br \/>\n1 Acople.<br \/>\n1 Manga de decoraci\u00f3n 30x15cm.<\/p>\n","protected":false},"excerpt":{"rendered":"<p>Set de herramientas para decoraci\u00f3n dise\u00f1ado tanto para principiantes como para profesionales contiene todo lo necesario para embellecer tus comidas favoritas Apto para su uso con alimentos tanto fr\u00edos como calientes Perfecto para tortas cupcakes, galletas, pure de papas, chocolate caliente dulces, fondant, pasteles, etc. Adecuado tanto para uso en pasteler\u00edas o panader\u00edas profesionales como [&hellip;]<\/p>\n","protected":false},"featured_media":1864,"template":"","meta":[],"product_brand":[],"product_cat":[25],"product_tag":[],"class_list":{"0":"post-1863","1":"product","2":"type-product","3":"status-publish","4":"has-post-thumbnail","6":"product_cat-cocina","8":"first","9":"instock","10":"shipping-taxable","11":"purchasable","12":"product-type-simple"},"featured_image_urls":{"full":["https:\/\/elcomercioenlinea.com\/wp-content\/uploads\/2024\/07\/606543.png",500,477,false],"thumbnail":["https:\/\/elcomercioenlinea.com\/wp-content\/uploads\/2024\/07\/606543-150x150.png",150,150,true],"medium":["https:\/\/elcomercioenlinea.com\/wp-content\/uploads\/2024\/07\/606543-300x286.png",300,286,true],"medium_large":["https:\/\/elcomercioenlinea.com\/wp-content\/uploads\/2024\/07\/606543.png",500,477,false],"large":["https:\/\/elcomercioenlinea.com\/wp-content\/uploads\/2024\/07\/606543.png",500,477,false],"1536x1536":["https:\/\/elcomercioenlinea.com\/wp-content\/uploads\/2024\/07\/606543.png",500,477,false],"2048x2048":["https:\/\/elcomercioenlinea.com\/wp-content\/uploads\/2024\/07\/606543.png",500,477,false],"woocommerce_archive_thumbnail":["https:\/\/elcomercioenlinea.com\/wp-content\/uploads\/2024\/07\/606543-300x286.png",300,286,true],"woocommerce_thumbnail":["https:\/\/elcomercioenlinea.com\/wp-content\/uploads\/2024\/07\/606543-300x300.png",300,300,true],"woocommerce_single":["https:\/\/elcomercioenlinea.com\/wp-content\/uploads\/2024\/07\/606543.png",500,477,false],"woocommerce_gallery_thumbnail":["https:\/\/elcomercioenlinea.com\/wp-content\/uploads\/2024\/07\/606543-100x100.png",100,100,true]},"post_excerpt_stackable":"<p>Set de herramientas para decoraci\u00f3n dise\u00f1ado tanto para principiantes como para profesionales contiene todo lo necesario para embellecer tus comidas favoritas Apto para su uso con alimentos tanto fr\u00edos como calientes Perfecto para tortas cupcakes, galletas, pure de papas, chocolate caliente dulces, fondant, pasteles, etc. Adecuado tanto para uso en pasteler\u00edas o panader\u00edas profesionales como en el hogar. Especificaci\u00f3n Material acero inoxidable silicona pl\u00e1sticos. El set incluye 6 Boquillas de decoraci\u00f3n. 1 Esp\u00e1tula para decoraci\u00f3n. 1 Acople. 1 Manga de decoraci\u00f3n 30x15cm.<\/p>\n","category_list":"","author_info":{"name":"","url":""},"comments_num":"0 comentarios","jetpack_sharing_enabled":true,"_links":{"self":[{"href":"https:\/\/elcomercioenlinea.com\/index.php\/wp-json\/wp\/v2\/product\/1863","targetHints":{"allow":["GET"]}}],"collection":[{"href":"https:\/\/elcomercioenlinea.com\/index.php\/wp-json\/wp\/v2\/product"}],"about":[{"href":"https:\/\/elcomercioenlinea.com\/index.php\/wp-json\/wp\/v2\/types\/product"}],"wp:featuredmedia":[{"embeddable":true,"href":"https:\/\/elcomercioenlinea.com\/index.php\/wp-json\/wp\/v2\/media\/1864"}],"wp:attachment":[{"href":"https:\/\/elcomercioenlinea.com\/index.php\/wp-json\/wp\/v2\/media?parent=1863"}],"wp:term":[{"taxonomy":"product_brand","embeddable":true,"href":"https:\/\/elcomercioenlinea.com\/index.php\/wp-json\/wp\/v2\/product_brand?post=1863"},{"taxonomy":"product_cat","embeddable":true,"href":"https:\/\/elcomercioenlinea.com\/index.php\/wp-json\/wp\/v2\/product_cat?post=1863"},{"taxonomy":"product_tag","embeddable":true,"href":"https:\/\/elcomercioenlinea.com\/index.php\/wp-json\/wp\/v2\/product_tag?post=1863"}],"curies":[{"name":"wp","href":"https:\/\/api.w.org\/{rel}","templated":true}]}}