{"id":1867,"date":"2024-07-02T11:22:48","date_gmt":"2024-07-02T16:22:48","guid":{"rendered":"https:\/\/elcomercioenlinea.com\/index.php\/producto\/portavasos-para-carro\/"},"modified":"2024-07-02T11:33:47","modified_gmt":"2024-07-02T16:33:47","slug":"portavasos-para-carro","status":"publish","type":"product","link":"https:\/\/elcomercioenlinea.com\/index.php\/producto\/portavasos-para-carro\/","title":{"rendered":"Portavasos para carro"},"content":{"rendered":"<p>Almacenamiento extra 2 portavasos y un bolsillo lateral Se puede utilizar entre asientos delanteros o asiento delantero y consola central Mantiene los art\u00edculos seguros puede almacenar muchos art culos como tel\u00e9fonos, vasos, termos, cartera, cigarrillos, llaves, crema de manos monedas, guantes, etc.<\/p>\n<p>Se adapta a la mayor a de los veh\u00edculos sin portavasos es adecuado para cualquier veh\u00edculo.<\/p>\n<p>Recomendamos comprar un par Puede ser conveniente para ti o para dar a familiares y amigos, F\u00e1cil de usar y mas cerca de mi cuerpo el soporte de cuna de asiento mantiene tus bebidas y tel\u00e9fono al alcance de tu mano<\/p>\n","protected":false},"excerpt":{"rendered":"<p>Almacenamiento extra 2 portavasos y un bolsillo lateral Se puede utilizar entre asientos delanteros o asiento delantero y consola central Mantiene los art\u00edculos seguros puede almacenar muchos art culos como tel\u00e9fonos, vasos, termos, cartera, cigarrillos, llaves, crema de manos monedas, guantes, etc. Se adapta a la mayor a de los veh\u00edculos sin portavasos es adecuado [&hellip;]<\/p>\n","protected":false},"featured_media":1868,"template":"","meta":[],"product_brand":[],"product_cat":[19],"product_tag":[],"class_list":{"0":"post-1867","1":"product","2":"type-product","3":"status-publish","4":"has-post-thumbnail","6":"product_cat-vehiculos","8":"first","9":"instock","10":"shipping-taxable","11":"purchasable","12":"product-type-simple"},"featured_image_urls":{"full":["https:\/\/elcomercioenlinea.com\/wp-content\/uploads\/2024\/07\/627127.png",819,772,false],"thumbnail":["https:\/\/elcomercioenlinea.com\/wp-content\/uploads\/2024\/07\/627127-150x150.png",150,150,true],"medium":["https:\/\/elcomercioenlinea.com\/wp-content\/uploads\/2024\/07\/627127-300x283.png",300,283,true],"medium_large":["https:\/\/elcomercioenlinea.com\/wp-content\/uploads\/2024\/07\/627127-768x724.png",768,724,true],"large":["https:\/\/elcomercioenlinea.com\/wp-content\/uploads\/2024\/07\/627127.png",819,772,false],"1536x1536":["https:\/\/elcomercioenlinea.com\/wp-content\/uploads\/2024\/07\/627127.png",819,772,false],"2048x2048":["https:\/\/elcomercioenlinea.com\/wp-content\/uploads\/2024\/07\/627127.png",819,772,false],"woocommerce_archive_thumbnail":["https:\/\/elcomercioenlinea.com\/wp-content\/uploads\/2024\/07\/627127-300x283.png",300,283,true],"woocommerce_thumbnail":["https:\/\/elcomercioenlinea.com\/wp-content\/uploads\/2024\/07\/627127-300x300.png",300,300,true],"woocommerce_single":["https:\/\/elcomercioenlinea.com\/wp-content\/uploads\/2024\/07\/627127-600x566.png",600,566,true],"woocommerce_gallery_thumbnail":["https:\/\/elcomercioenlinea.com\/wp-content\/uploads\/2024\/07\/627127-100x100.png",100,100,true]},"post_excerpt_stackable":"<p>Almacenamiento extra 2 portavasos y un bolsillo lateral Se puede utilizar entre asientos delanteros o asiento delantero y consola central Mantiene los art\u00edculos seguros puede almacenar muchos art culos como tel\u00e9fonos, vasos, termos, cartera, cigarrillos, llaves, crema de manos monedas, guantes, etc. Se adapta a la mayor a de los veh\u00edculos sin portavasos es adecuado para cualquier veh\u00edculo. Recomendamos comprar un par Puede ser conveniente para ti o para dar a familiares y amigos, F\u00e1cil de usar y mas cerca de mi cuerpo el soporte de cuna de asiento mantiene tus bebidas y tel\u00e9fono al alcance de tu mano<\/p>\n","category_list":"","author_info":{"name":"","url":""},"comments_num":"0 comentarios","jetpack_sharing_enabled":true,"_links":{"self":[{"href":"https:\/\/elcomercioenlinea.com\/index.php\/wp-json\/wp\/v2\/product\/1867","targetHints":{"allow":["GET"]}}],"collection":[{"href":"https:\/\/elcomercioenlinea.com\/index.php\/wp-json\/wp\/v2\/product"}],"about":[{"href":"https:\/\/elcomercioenlinea.com\/index.php\/wp-json\/wp\/v2\/types\/product"}],"wp:featuredmedia":[{"embeddable":true,"href":"https:\/\/elcomercioenlinea.com\/index.php\/wp-json\/wp\/v2\/media\/1868"}],"wp:attachment":[{"href":"https:\/\/elcomercioenlinea.com\/index.php\/wp-json\/wp\/v2\/media?parent=1867"}],"wp:term":[{"taxonomy":"product_brand","embeddable":true,"href":"https:\/\/elcomercioenlinea.com\/index.php\/wp-json\/wp\/v2\/product_brand?post=1867"},{"taxonomy":"product_cat","embeddable":true,"href":"https:\/\/elcomercioenlinea.com\/index.php\/wp-json\/wp\/v2\/product_cat?post=1867"},{"taxonomy":"product_tag","embeddable":true,"href":"https:\/\/elcomercioenlinea.com\/index.php\/wp-json\/wp\/v2\/product_tag?post=1867"}],"curies":[{"name":"wp","href":"https:\/\/api.w.org\/{rel}","templated":true}]}}