{"id":1885,"date":"2024-07-02T12:12:05","date_gmt":"2024-07-02T17:12:05","guid":{"rendered":"https:\/\/elcomercioenlinea.com\/index.php\/producto\/cojin-de-silicona\/"},"modified":"2024-07-02T12:16:03","modified_gmt":"2024-07-02T17:16:03","slug":"cojin-de-silicona","status":"publish","type":"product","link":"https:\/\/elcomercioenlinea.com\/index.php\/producto\/cojin-de-silicona\/","title":{"rendered":"Cojin de silicona"},"content":{"rendered":"<p>CARACTERISTICAS Material hecho de material de TPE de gel alta elasticidad y material de temperatura constante fresco aire circulante buena ventilaci\u00f3n enfriamiento de contacto y estructura de panal Anti Deformaci\u00f3n se adopta la tecnolog\u00eda de gel el\u00e1stico de malla El estiramiento y la extrusi\u00f3n tambi\u00e9n se pueden restaurar r\u00e1pidamente al estado original y no se deformar n para un uso a largo plazo lo que es econ\u00f3mico Unidades por pack 1 Formato de venta Unidad .<\/p>\n<p>Di\u00e1metro 28 cm Dise\u00f1o de la tela Geom\u00e9trica Coj\u00edn asiento Material de la funda gel Con funda desmontable El producto es personalizado.<\/p>\n","protected":false},"excerpt":{"rendered":"<p>CARACTERISTICAS Material hecho de material de TPE de gel alta elasticidad y material de temperatura constante fresco aire circulante buena ventilaci\u00f3n enfriamiento de contacto y estructura de panal Anti Deformaci\u00f3n se adopta la tecnolog\u00eda de gel el\u00e1stico de malla El estiramiento y la extrusi\u00f3n tambi\u00e9n se pueden restaurar r\u00e1pidamente al estado original y no se [&hellip;]<\/p>\n","protected":false},"featured_media":1886,"template":"","meta":[],"product_brand":[],"product_cat":[15,49],"product_tag":[],"class_list":{"0":"post-1885","1":"product","2":"type-product","3":"status-publish","4":"has-post-thumbnail","6":"product_cat-sin-categoria","7":"product_cat-salud","9":"first","10":"instock","11":"shipping-taxable","12":"purchasable","13":"product-type-simple"},"featured_image_urls":{"full":["https:\/\/elcomercioenlinea.com\/wp-content\/uploads\/2024\/07\/803263.png",960,960,false],"thumbnail":["https:\/\/elcomercioenlinea.com\/wp-content\/uploads\/2024\/07\/803263-150x150.png",150,150,true],"medium":["https:\/\/elcomercioenlinea.com\/wp-content\/uploads\/2024\/07\/803263-300x300.png",300,300,true],"medium_large":["https:\/\/elcomercioenlinea.com\/wp-content\/uploads\/2024\/07\/803263-768x768.png",768,768,true],"large":["https:\/\/elcomercioenlinea.com\/wp-content\/uploads\/2024\/07\/803263.png",960,960,false],"1536x1536":["https:\/\/elcomercioenlinea.com\/wp-content\/uploads\/2024\/07\/803263.png",960,960,false],"2048x2048":["https:\/\/elcomercioenlinea.com\/wp-content\/uploads\/2024\/07\/803263.png",960,960,false],"woocommerce_archive_thumbnail":["https:\/\/elcomercioenlinea.com\/wp-content\/uploads\/2024\/07\/803263-300x300.png",300,300,true],"woocommerce_thumbnail":["https:\/\/elcomercioenlinea.com\/wp-content\/uploads\/2024\/07\/803263-300x300.png",300,300,true],"woocommerce_single":["https:\/\/elcomercioenlinea.com\/wp-content\/uploads\/2024\/07\/803263-600x600.png",600,600,true],"woocommerce_gallery_thumbnail":["https:\/\/elcomercioenlinea.com\/wp-content\/uploads\/2024\/07\/803263-100x100.png",100,100,true]},"post_excerpt_stackable":"<p>CARACTERISTICAS Material hecho de material de TPE de gel alta elasticidad y material de temperatura constante fresco aire circulante buena ventilaci\u00f3n enfriamiento de contacto y estructura de panal Anti Deformaci\u00f3n se adopta la tecnolog\u00eda de gel el\u00e1stico de malla El estiramiento y la extrusi\u00f3n tambi\u00e9n se pueden restaurar r\u00e1pidamente al estado original y no se deformar n para un uso a largo plazo lo que es econ\u00f3mico Unidades por pack 1 Formato de venta Unidad . Di\u00e1metro 28 cm Dise\u00f1o de la tela Geom\u00e9trica Coj\u00edn asiento Material de la funda gel Con funda desmontable El producto es personalizado.<\/p>\n","category_list":"","author_info":{"name":"","url":""},"comments_num":"0 comentarios","jetpack_sharing_enabled":true,"_links":{"self":[{"href":"https:\/\/elcomercioenlinea.com\/index.php\/wp-json\/wp\/v2\/product\/1885","targetHints":{"allow":["GET"]}}],"collection":[{"href":"https:\/\/elcomercioenlinea.com\/index.php\/wp-json\/wp\/v2\/product"}],"about":[{"href":"https:\/\/elcomercioenlinea.com\/index.php\/wp-json\/wp\/v2\/types\/product"}],"wp:featuredmedia":[{"embeddable":true,"href":"https:\/\/elcomercioenlinea.com\/index.php\/wp-json\/wp\/v2\/media\/1886"}],"wp:attachment":[{"href":"https:\/\/elcomercioenlinea.com\/index.php\/wp-json\/wp\/v2\/media?parent=1885"}],"wp:term":[{"taxonomy":"product_brand","embeddable":true,"href":"https:\/\/elcomercioenlinea.com\/index.php\/wp-json\/wp\/v2\/product_brand?post=1885"},{"taxonomy":"product_cat","embeddable":true,"href":"https:\/\/elcomercioenlinea.com\/index.php\/wp-json\/wp\/v2\/product_cat?post=1885"},{"taxonomy":"product_tag","embeddable":true,"href":"https:\/\/elcomercioenlinea.com\/index.php\/wp-json\/wp\/v2\/product_tag?post=1885"}],"curies":[{"name":"wp","href":"https:\/\/api.w.org\/{rel}","templated":true}]}}