{"id":1898,"date":"2024-07-02T12:34:43","date_gmt":"2024-07-02T17:34:43","guid":{"rendered":"https:\/\/elcomercioenlinea.com\/index.php\/producto\/dermaroller-system\/"},"modified":"2024-07-02T12:37:30","modified_gmt":"2024-07-02T17:37:30","slug":"dermaroller-system","status":"publish","type":"product","link":"https:\/\/elcomercioenlinea.com\/index.php\/producto\/dermaroller-system\/","title":{"rendered":"Dermaroller System"},"content":{"rendered":"<p>Dermatol\u00f3gicamente comprobado Dise\u00f1o moderno tecnol\u00f3gico Micro agujas de titanio 540 agujas Tama o del paquete 158 x 45 x 37mm Peso del paquete 426gInstrucciones de uso 1 Limpie sus manos y la parte que necesita ser curada 2 Use el gel de limpieza y anti bacteria para limpiar su mano y la piel 3 Use agua caliente para limpiar el rodillo 4 Usted debe utilizar algunos productos de cuidado de la piel antes de usar 5 Use su otra mano para forzar su piel y rodar antes y despu\u00e9s de la parte a ser curado 6 Ponga suficiente presi n y aseg\u00farese de que la micro aguja pueda penetrar la piel 7 Despu\u00e9s del tratamiento debe lavar y secar la pieza enrollada<\/p>\n<p>Recomendaciones de uso a S lo para uso personal no compartir con otra persona b Antes de usar el rodillo de la piel usted debe lavarse las manos y otras piezas\u00a0 La piel con herida no debe usar este rodillo d Tenga cuidado si el cliente es al\u00e9rgico al metal e Los cosm\u00e9ticos irritantes est\u00e1n prohibidos antes de la recuperaci\u00f3n de la piel\u00a0 Coloque donde los ni os no pueden tocar Se entrega 1 x Rodillo facial de Micro agujas de titanio Dermaroller 1 x estuche para guardar<\/p>\n","protected":false},"excerpt":{"rendered":"<p>Dermatol\u00f3gicamente comprobado Dise\u00f1o moderno tecnol\u00f3gico Micro agujas de titanio 540 agujas Tama o del paquete 158 x 45 x 37mm Peso del paquete 426gInstrucciones de uso 1 Limpie sus manos y la parte que necesita ser curada 2 Use el gel de limpieza y anti bacteria para limpiar su mano y la piel 3 Use [&hellip;]<\/p>\n","protected":false},"featured_media":1899,"template":"","meta":[],"product_brand":[],"product_cat":[102],"product_tag":[],"class_list":{"0":"post-1898","1":"product","2":"type-product","3":"status-publish","4":"has-post-thumbnail","6":"product_cat-belleza","8":"first","9":"instock","10":"shipping-taxable","11":"purchasable","12":"product-type-simple"},"featured_image_urls":{"full":["https:\/\/elcomercioenlinea.com\/wp-content\/uploads\/2024\/07\/397273.png",500,316,false],"thumbnail":["https:\/\/elcomercioenlinea.com\/wp-content\/uploads\/2024\/07\/397273-150x150.png",150,150,true],"medium":["https:\/\/elcomercioenlinea.com\/wp-content\/uploads\/2024\/07\/397273-300x190.png",300,190,true],"medium_large":["https:\/\/elcomercioenlinea.com\/wp-content\/uploads\/2024\/07\/397273.png",500,316,false],"large":["https:\/\/elcomercioenlinea.com\/wp-content\/uploads\/2024\/07\/397273.png",500,316,false],"1536x1536":["https:\/\/elcomercioenlinea.com\/wp-content\/uploads\/2024\/07\/397273.png",500,316,false],"2048x2048":["https:\/\/elcomercioenlinea.com\/wp-content\/uploads\/2024\/07\/397273.png",500,316,false],"woocommerce_archive_thumbnail":["https:\/\/elcomercioenlinea.com\/wp-content\/uploads\/2024\/07\/397273-300x190.png",300,190,true],"woocommerce_thumbnail":["https:\/\/elcomercioenlinea.com\/wp-content\/uploads\/2024\/07\/397273-300x300.png",300,300,true],"woocommerce_single":["https:\/\/elcomercioenlinea.com\/wp-content\/uploads\/2024\/07\/397273.png",500,316,false],"woocommerce_gallery_thumbnail":["https:\/\/elcomercioenlinea.com\/wp-content\/uploads\/2024\/07\/397273-100x100.png",100,100,true]},"post_excerpt_stackable":"<p>Dermatol\u00f3gicamente comprobado Dise\u00f1o moderno tecnol\u00f3gico Micro agujas de titanio 540 agujas Tama o del paquete 158 x 45 x 37mm Peso del paquete 426gInstrucciones de uso 1 Limpie sus manos y la parte que necesita ser curada 2 Use el gel de limpieza y anti bacteria para limpiar su mano y la piel 3 Use agua caliente para limpiar el rodillo 4 Usted debe utilizar algunos productos de cuidado de la piel antes de usar 5 Use su otra mano para forzar su piel y rodar antes y despu\u00e9s de la parte a ser curado 6 Ponga suficiente presi n&hellip;<\/p>\n","category_list":"","author_info":{"name":"","url":""},"comments_num":"0 comentarios","jetpack_sharing_enabled":true,"_links":{"self":[{"href":"https:\/\/elcomercioenlinea.com\/index.php\/wp-json\/wp\/v2\/product\/1898","targetHints":{"allow":["GET"]}}],"collection":[{"href":"https:\/\/elcomercioenlinea.com\/index.php\/wp-json\/wp\/v2\/product"}],"about":[{"href":"https:\/\/elcomercioenlinea.com\/index.php\/wp-json\/wp\/v2\/types\/product"}],"wp:featuredmedia":[{"embeddable":true,"href":"https:\/\/elcomercioenlinea.com\/index.php\/wp-json\/wp\/v2\/media\/1899"}],"wp:attachment":[{"href":"https:\/\/elcomercioenlinea.com\/index.php\/wp-json\/wp\/v2\/media?parent=1898"}],"wp:term":[{"taxonomy":"product_brand","embeddable":true,"href":"https:\/\/elcomercioenlinea.com\/index.php\/wp-json\/wp\/v2\/product_brand?post=1898"},{"taxonomy":"product_cat","embeddable":true,"href":"https:\/\/elcomercioenlinea.com\/index.php\/wp-json\/wp\/v2\/product_cat?post=1898"},{"taxonomy":"product_tag","embeddable":true,"href":"https:\/\/elcomercioenlinea.com\/index.php\/wp-json\/wp\/v2\/product_tag?post=1898"}],"curies":[{"name":"wp","href":"https:\/\/api.w.org\/{rel}","templated":true}]}}