{"id":1924,"date":"2024-07-02T16:28:34","date_gmt":"2024-07-02T21:28:34","guid":{"rendered":"https:\/\/elcomercioenlinea.com\/index.php\/producto\/cesta-de-ropa\/"},"modified":"2024-07-02T16:31:15","modified_gmt":"2024-07-02T21:31:15","slug":"cesta-de-ropa","status":"publish","type":"product","link":"https:\/\/elcomercioenlinea.com\/index.php\/producto\/cesta-de-ropa\/","title":{"rendered":"CESTA DE ROPA"},"content":{"rendered":"<p>l Cesto Para Ropa Sucia Plegable con 3 Compartimentos es un accesorio esencial para mantener tu hogar organizado y limpio Este contenedor esta dise\u00f1ado para guardar de manera ordenada la ropa sucia evitando que se acumule en el suelo o en cualquier lugar no deseado Fabricado con materiales duraderos y con un dise\u00f1o funcional se integra perfectamente en tu decoraci\u00f3n mientras cumple su importante funci\u00f3n Con su capacidad y estilo se convierte en una soluci\u00f3n esencial para tu organizaci\u00f3n y limpieza diaria.<\/p>\n","protected":false},"excerpt":{"rendered":"<p>l Cesto Para Ropa Sucia Plegable con 3 Compartimentos es un accesorio esencial para mantener tu hogar organizado y limpio Este contenedor esta dise\u00f1ado para guardar de manera ordenada la ropa sucia evitando que se acumule en el suelo o en cualquier lugar no deseado Fabricado con materiales duraderos y con un dise\u00f1o funcional se [&hellip;]<\/p>\n","protected":false},"featured_media":1925,"template":"","meta":[],"product_brand":[],"product_cat":[17],"product_tag":[],"class_list":{"0":"post-1924","1":"product","2":"type-product","3":"status-publish","4":"has-post-thumbnail","6":"product_cat-hogar","8":"first","9":"instock","10":"shipping-taxable","11":"purchasable","12":"product-type-simple"},"featured_image_urls":{"full":["https:\/\/elcomercioenlinea.com\/wp-content\/uploads\/2024\/07\/661707.png",500,494,false],"thumbnail":["https:\/\/elcomercioenlinea.com\/wp-content\/uploads\/2024\/07\/661707-150x150.png",150,150,true],"medium":["https:\/\/elcomercioenlinea.com\/wp-content\/uploads\/2024\/07\/661707-300x296.png",300,296,true],"medium_large":["https:\/\/elcomercioenlinea.com\/wp-content\/uploads\/2024\/07\/661707.png",500,494,false],"large":["https:\/\/elcomercioenlinea.com\/wp-content\/uploads\/2024\/07\/661707.png",500,494,false],"1536x1536":["https:\/\/elcomercioenlinea.com\/wp-content\/uploads\/2024\/07\/661707.png",500,494,false],"2048x2048":["https:\/\/elcomercioenlinea.com\/wp-content\/uploads\/2024\/07\/661707.png",500,494,false],"woocommerce_archive_thumbnail":["https:\/\/elcomercioenlinea.com\/wp-content\/uploads\/2024\/07\/661707-300x296.png",300,296,true],"woocommerce_thumbnail":["https:\/\/elcomercioenlinea.com\/wp-content\/uploads\/2024\/07\/661707-300x300.png",300,300,true],"woocommerce_single":["https:\/\/elcomercioenlinea.com\/wp-content\/uploads\/2024\/07\/661707.png",500,494,false],"woocommerce_gallery_thumbnail":["https:\/\/elcomercioenlinea.com\/wp-content\/uploads\/2024\/07\/661707-100x100.png",100,100,true]},"post_excerpt_stackable":"<p>l Cesto Para Ropa Sucia Plegable con 3 Compartimentos es un accesorio esencial para mantener tu hogar organizado y limpio Este contenedor esta dise\u00f1ado para guardar de manera ordenada la ropa sucia evitando que se acumule en el suelo o en cualquier lugar no deseado Fabricado con materiales duraderos y con un dise\u00f1o funcional se integra perfectamente en tu decoraci\u00f3n mientras cumple su importante funci\u00f3n Con su capacidad y estilo se convierte en una soluci\u00f3n esencial para tu organizaci\u00f3n y limpieza diaria.<\/p>\n","category_list":"","author_info":{"name":"","url":""},"comments_num":"0 comentarios","jetpack_sharing_enabled":true,"_links":{"self":[{"href":"https:\/\/elcomercioenlinea.com\/index.php\/wp-json\/wp\/v2\/product\/1924","targetHints":{"allow":["GET"]}}],"collection":[{"href":"https:\/\/elcomercioenlinea.com\/index.php\/wp-json\/wp\/v2\/product"}],"about":[{"href":"https:\/\/elcomercioenlinea.com\/index.php\/wp-json\/wp\/v2\/types\/product"}],"wp:featuredmedia":[{"embeddable":true,"href":"https:\/\/elcomercioenlinea.com\/index.php\/wp-json\/wp\/v2\/media\/1925"}],"wp:attachment":[{"href":"https:\/\/elcomercioenlinea.com\/index.php\/wp-json\/wp\/v2\/media?parent=1924"}],"wp:term":[{"taxonomy":"product_brand","embeddable":true,"href":"https:\/\/elcomercioenlinea.com\/index.php\/wp-json\/wp\/v2\/product_brand?post=1924"},{"taxonomy":"product_cat","embeddable":true,"href":"https:\/\/elcomercioenlinea.com\/index.php\/wp-json\/wp\/v2\/product_cat?post=1924"},{"taxonomy":"product_tag","embeddable":true,"href":"https:\/\/elcomercioenlinea.com\/index.php\/wp-json\/wp\/v2\/product_tag?post=1924"}],"curies":[{"name":"wp","href":"https:\/\/api.w.org\/{rel}","templated":true}]}}