{"id":1931,"date":"2024-07-02T16:34:28","date_gmt":"2024-07-02T21:34:28","guid":{"rendered":"https:\/\/elcomercioenlinea.com\/index.php\/producto\/organizador-de-lapiceros-multifuncional\/"},"modified":"2024-07-02T16:48:48","modified_gmt":"2024-07-02T21:48:48","slug":"organizador-de-lapiceros-multifuncional","status":"publish","type":"product","link":"https:\/\/elcomercioenlinea.com\/index.php\/producto\/organizador-de-lapiceros-multifuncional\/","title":{"rendered":"Organizador de Lapiceros Multifuncional"},"content":{"rendered":"<p>Acerca de este producto organizador de lapiceros de 4 Compartimientos Caja de almacenamiento de 1 colores de gran capacidad con un tama\u00f1o de 20 3 x 9 1 x 5 1 cm.<\/p>\n<p>Materiales muy respetuoso con el medio ambiente no toxico e inofensivo ahorra recursos y es respetuoso con el medio ambiente Ventajas del producto Gran capacidad color claro robusto y grueso vers\u00e1til Dise\u00f1o Multifuncional Caja de almacenamiento con soporte para bol grafos Se puede usar horizontal o verticalmente que se puede usar como caja de almacenamiento para el escritorio Minimice el espacio necesario para organizar mejor los dispositivos sobre la mesa incluso col\u00f3quelos en cajones extra y estantes del escritorio Almacenamiento y Organizaci\u00f3n Desp\u00eddase de su desordenado escritorio Perfecto para un estudio ordenado este organizador es perfecto no solo para guardar su material de oficina sino tambi\u00e9n ideal para guardar pinceles de maquillaje, esmaltes de u\u00f1as, l\u00e1pices labiales etc.<\/p>\n<p>Compartimentos de clasificaci\u00f3n para bol grafos pinceles de artista tizas l\u00e1pices clips y material de oficina Regalo Ideal Dise\u00f1o simple y elegante organizador \u00fatil y vers\u00e1til escritorio claro y organizado portal\u00e1pices de hierba de trigo y portal\u00e1pices son muy adecuados para almacenar suministros de oficina tiles escolares y tiles del hogar Es el regalo perfecto para profesores estudiantes adolescentes y ni os TU PAQUETE INCLUYE X1 ORGANIZADOR DE LAPICEROS DE 4 COMPARTIMIENTOS<\/p>\n","protected":false},"excerpt":{"rendered":"<p>Acerca de este producto organizador de lapiceros de 4 Compartimientos Caja de almacenamiento de 1 colores de gran capacidad con un tama\u00f1o de 20 3 x 9 1 x 5 1 cm. Materiales muy respetuoso con el medio ambiente no toxico e inofensivo ahorra recursos y es respetuoso con el medio ambiente Ventajas del producto [&hellip;]<\/p>\n","protected":false},"featured_media":1932,"template":"","meta":[],"product_brand":[],"product_cat":[17],"product_tag":[],"class_list":{"0":"post-1931","1":"product","2":"type-product","3":"status-publish","4":"has-post-thumbnail","6":"product_cat-hogar","8":"first","9":"instock","10":"shipping-taxable","11":"purchasable","12":"product-type-simple"},"featured_image_urls":{"full":["https:\/\/elcomercioenlinea.com\/wp-content\/uploads\/2024\/07\/717607.png",1000,1000,false],"thumbnail":["https:\/\/elcomercioenlinea.com\/wp-content\/uploads\/2024\/07\/717607-150x150.png",150,150,true],"medium":["https:\/\/elcomercioenlinea.com\/wp-content\/uploads\/2024\/07\/717607-300x300.png",300,300,true],"medium_large":["https:\/\/elcomercioenlinea.com\/wp-content\/uploads\/2024\/07\/717607-768x768.png",768,768,true],"large":["https:\/\/elcomercioenlinea.com\/wp-content\/uploads\/2024\/07\/717607.png",1000,1000,false],"1536x1536":["https:\/\/elcomercioenlinea.com\/wp-content\/uploads\/2024\/07\/717607.png",1000,1000,false],"2048x2048":["https:\/\/elcomercioenlinea.com\/wp-content\/uploads\/2024\/07\/717607.png",1000,1000,false],"woocommerce_archive_thumbnail":["https:\/\/elcomercioenlinea.com\/wp-content\/uploads\/2024\/07\/717607-300x300.png",300,300,true],"woocommerce_thumbnail":["https:\/\/elcomercioenlinea.com\/wp-content\/uploads\/2024\/07\/717607-300x300.png",300,300,true],"woocommerce_single":["https:\/\/elcomercioenlinea.com\/wp-content\/uploads\/2024\/07\/717607-600x600.png",600,600,true],"woocommerce_gallery_thumbnail":["https:\/\/elcomercioenlinea.com\/wp-content\/uploads\/2024\/07\/717607-100x100.png",100,100,true]},"post_excerpt_stackable":"<p>Acerca de este producto organizador de lapiceros de 4 Compartimientos Caja de almacenamiento de 1 colores de gran capacidad con un tama\u00f1o de 20 3 x 9 1 x 5 1 cm. Materiales muy respetuoso con el medio ambiente no toxico e inofensivo ahorra recursos y es respetuoso con el medio ambiente Ventajas del producto Gran capacidad color claro robusto y grueso vers\u00e1til Dise\u00f1o Multifuncional Caja de almacenamiento con soporte para bol grafos Se puede usar horizontal o verticalmente que se puede usar como caja de almacenamiento para el escritorio Minimice el espacio necesario para organizar mejor los dispositivos sobre&hellip;<\/p>\n","category_list":"","author_info":{"name":"","url":""},"comments_num":"0 comentarios","jetpack_sharing_enabled":true,"_links":{"self":[{"href":"https:\/\/elcomercioenlinea.com\/index.php\/wp-json\/wp\/v2\/product\/1931","targetHints":{"allow":["GET"]}}],"collection":[{"href":"https:\/\/elcomercioenlinea.com\/index.php\/wp-json\/wp\/v2\/product"}],"about":[{"href":"https:\/\/elcomercioenlinea.com\/index.php\/wp-json\/wp\/v2\/types\/product"}],"wp:featuredmedia":[{"embeddable":true,"href":"https:\/\/elcomercioenlinea.com\/index.php\/wp-json\/wp\/v2\/media\/1932"}],"wp:attachment":[{"href":"https:\/\/elcomercioenlinea.com\/index.php\/wp-json\/wp\/v2\/media?parent=1931"}],"wp:term":[{"taxonomy":"product_brand","embeddable":true,"href":"https:\/\/elcomercioenlinea.com\/index.php\/wp-json\/wp\/v2\/product_brand?post=1931"},{"taxonomy":"product_cat","embeddable":true,"href":"https:\/\/elcomercioenlinea.com\/index.php\/wp-json\/wp\/v2\/product_cat?post=1931"},{"taxonomy":"product_tag","embeddable":true,"href":"https:\/\/elcomercioenlinea.com\/index.php\/wp-json\/wp\/v2\/product_tag?post=1931"}],"curies":[{"name":"wp","href":"https:\/\/api.w.org\/{rel}","templated":true}]}}