{"id":1962,"date":"2024-07-02T17:03:51","date_gmt":"2024-07-02T22:03:51","guid":{"rendered":"https:\/\/elcomercioenlinea.com\/index.php\/producto\/tabla-para-flexiones-push-up\/"},"modified":"2024-07-03T19:37:44","modified_gmt":"2024-07-04T00:37:44","slug":"tabla-para-flexiones-push-up","status":"publish","type":"product","link":"https:\/\/elcomercioenlinea.com\/index.php\/producto\/tabla-para-flexiones-push-up\/","title":{"rendered":"Tabla para Flexiones PUSH UP"},"content":{"rendered":"<p>Tablero para Flexiones Multifuncional Push Up Diferentes tablas push up codificadas por colores que se dirigen a m\u00fasculos espec\u00edficos hombros rojos pecho azul espalda amarilla y tr\u00edceps verde Tiene un sistema de tablero para realizar un empuje presionado de trabajo pesado Los angulos dan lugar a m\u00faltiples posiciones que ayudan a esculpir y definir la parte superior del cuerpo Queme calor as y desarrolle fuerza con este innovador sistema de flexiones Siga la gu\u00eda a trav\u00e9s de un entrenamiento de fuerza y acondicionamiento de todo el cuerpo Te entregamos 2 x Mangos Antideslizantes 2 x Tablero Push<\/p>\n<p>TENER EN CUENTA QUE SOLAMENTE SE HACEN DESPACHOS LOS DIAS HABILES<\/p>\n","protected":false},"excerpt":{"rendered":"<p>Tablero para Flexiones Multifuncional Push Up Diferentes tablas push up codificadas por colores que se dirigen a m\u00fasculos espec\u00edficos hombros rojos pecho azul espalda amarilla y tr\u00edceps verde Tiene un sistema de tablero para realizar un empuje presionado de trabajo pesado Los angulos dan lugar a m\u00faltiples posiciones que ayudan a esculpir y definir la [&hellip;]<\/p>\n","protected":false},"featured_media":1963,"template":"","meta":[],"product_brand":[],"product_cat":[101,49],"product_tag":[],"class_list":{"0":"post-1962","1":"product","2":"type-product","3":"status-publish","4":"has-post-thumbnail","6":"product_cat-deportivo","7":"product_cat-salud","9":"first","10":"instock","11":"shipping-taxable","12":"purchasable","13":"product-type-simple"},"featured_image_urls":{"full":["https:\/\/elcomercioenlinea.com\/wp-content\/uploads\/2024\/07\/56041.png",1280,1280,false],"thumbnail":["https:\/\/elcomercioenlinea.com\/wp-content\/uploads\/2024\/07\/56041-150x150.png",150,150,true],"medium":["https:\/\/elcomercioenlinea.com\/wp-content\/uploads\/2024\/07\/56041-300x300.png",300,300,true],"medium_large":["https:\/\/elcomercioenlinea.com\/wp-content\/uploads\/2024\/07\/56041-768x768.png",768,768,true],"large":["https:\/\/elcomercioenlinea.com\/wp-content\/uploads\/2024\/07\/56041-1024x1024.png",1024,1024,true],"1536x1536":["https:\/\/elcomercioenlinea.com\/wp-content\/uploads\/2024\/07\/56041.png",1280,1280,false],"2048x2048":["https:\/\/elcomercioenlinea.com\/wp-content\/uploads\/2024\/07\/56041.png",1280,1280,false],"woocommerce_archive_thumbnail":["https:\/\/elcomercioenlinea.com\/wp-content\/uploads\/2024\/07\/56041-300x300.png",300,300,true],"woocommerce_thumbnail":["https:\/\/elcomercioenlinea.com\/wp-content\/uploads\/2024\/07\/56041-300x300.png",300,300,true],"woocommerce_single":["https:\/\/elcomercioenlinea.com\/wp-content\/uploads\/2024\/07\/56041-600x600.png",600,600,true],"woocommerce_gallery_thumbnail":["https:\/\/elcomercioenlinea.com\/wp-content\/uploads\/2024\/07\/56041-100x100.png",100,100,true]},"post_excerpt_stackable":"<p>Tablero para Flexiones Multifuncional Push Up Diferentes tablas push up codificadas por colores que se dirigen a m\u00fasculos espec\u00edficos hombros rojos pecho azul espalda amarilla y tr\u00edceps verde Tiene un sistema de tablero para realizar un empuje presionado de trabajo pesado Los angulos dan lugar a m\u00faltiples posiciones que ayudan a esculpir y definir la parte superior del cuerpo Queme calor as y desarrolle fuerza con este innovador sistema de flexiones Siga la gu\u00eda a trav\u00e9s de un entrenamiento de fuerza y acondicionamiento de todo el cuerpo Te entregamos 2 x Mangos Antideslizantes 2 x Tablero Push TENER EN CUENTA&hellip;<\/p>\n","category_list":"","author_info":{"name":"","url":""},"comments_num":"0 comentarios","jetpack_sharing_enabled":true,"_links":{"self":[{"href":"https:\/\/elcomercioenlinea.com\/index.php\/wp-json\/wp\/v2\/product\/1962","targetHints":{"allow":["GET"]}}],"collection":[{"href":"https:\/\/elcomercioenlinea.com\/index.php\/wp-json\/wp\/v2\/product"}],"about":[{"href":"https:\/\/elcomercioenlinea.com\/index.php\/wp-json\/wp\/v2\/types\/product"}],"wp:featuredmedia":[{"embeddable":true,"href":"https:\/\/elcomercioenlinea.com\/index.php\/wp-json\/wp\/v2\/media\/1963"}],"wp:attachment":[{"href":"https:\/\/elcomercioenlinea.com\/index.php\/wp-json\/wp\/v2\/media?parent=1962"}],"wp:term":[{"taxonomy":"product_brand","embeddable":true,"href":"https:\/\/elcomercioenlinea.com\/index.php\/wp-json\/wp\/v2\/product_brand?post=1962"},{"taxonomy":"product_cat","embeddable":true,"href":"https:\/\/elcomercioenlinea.com\/index.php\/wp-json\/wp\/v2\/product_cat?post=1962"},{"taxonomy":"product_tag","embeddable":true,"href":"https:\/\/elcomercioenlinea.com\/index.php\/wp-json\/wp\/v2\/product_tag?post=1962"}],"curies":[{"name":"wp","href":"https:\/\/api.w.org\/{rel}","templated":true}]}}