{"id":1979,"date":"2024-07-02T17:14:39","date_gmt":"2024-07-02T22:14:39","guid":{"rendered":"https:\/\/elcomercioenlinea.com\/index.php\/producto\/gafas-de-natacion-proteccion-piscina\/"},"modified":"2024-07-02T17:17:31","modified_gmt":"2024-07-02T22:17:31","slug":"gafas-de-natacion-proteccion-piscina","status":"publish","type":"product","link":"https:\/\/elcomercioenlinea.com\/index.php\/producto\/gafas-de-natacion-proteccion-piscina\/","title":{"rendered":"Gafas de Nataci\u00f3n Protecci\u00f3n Piscina"},"content":{"rendered":"<p>Un par de elegante anteojos de nataci\u00f3n aerodin\u00e1mico con correas ajustables Con un dise\u00f1o ergon\u00f3mico para un rendimiento optimizado Con protecci\u00f3n\u00a0 de fibra \u00f3ptica calidad Lentes de policarbonato proporcionar 100 de protecci\u00f3n contra rayos de luz ultravioleta Tratada con un revestimiento de la lente antivaho Disponible en una gama de colores se suministra con una funda protectora transparente.<\/p>\n","protected":false},"excerpt":{"rendered":"<p>Un par de elegante anteojos de nataci\u00f3n aerodin\u00e1mico con correas ajustables Con un dise\u00f1o ergon\u00f3mico para un rendimiento optimizado Con protecci\u00f3n\u00a0 de fibra \u00f3ptica calidad Lentes de policarbonato proporcionar 100 de protecci\u00f3n contra rayos de luz ultravioleta Tratada con un revestimiento de la lente antivaho Disponible en una gama de colores se suministra con una [&hellip;]<\/p>\n","protected":false},"featured_media":1980,"template":"","meta":[],"product_brand":[],"product_cat":[101],"product_tag":[],"class_list":{"0":"post-1979","1":"product","2":"type-product","3":"status-publish","4":"has-post-thumbnail","6":"product_cat-deportivo","8":"first","9":"instock","10":"shipping-taxable","11":"purchasable","12":"product-type-simple"},"featured_image_urls":{"full":["https:\/\/elcomercioenlinea.com\/wp-content\/uploads\/2024\/07\/448780.png",721,960,false],"thumbnail":["https:\/\/elcomercioenlinea.com\/wp-content\/uploads\/2024\/07\/448780-150x150.png",150,150,true],"medium":["https:\/\/elcomercioenlinea.com\/wp-content\/uploads\/2024\/07\/448780-225x300.png",225,300,true],"medium_large":["https:\/\/elcomercioenlinea.com\/wp-content\/uploads\/2024\/07\/448780.png",721,960,false],"large":["https:\/\/elcomercioenlinea.com\/wp-content\/uploads\/2024\/07\/448780.png",721,960,false],"1536x1536":["https:\/\/elcomercioenlinea.com\/wp-content\/uploads\/2024\/07\/448780.png",721,960,false],"2048x2048":["https:\/\/elcomercioenlinea.com\/wp-content\/uploads\/2024\/07\/448780.png",721,960,false],"woocommerce_archive_thumbnail":["https:\/\/elcomercioenlinea.com\/wp-content\/uploads\/2024\/07\/448780-300x399.png",300,399,true],"woocommerce_thumbnail":["https:\/\/elcomercioenlinea.com\/wp-content\/uploads\/2024\/07\/448780-300x300.png",300,300,true],"woocommerce_single":["https:\/\/elcomercioenlinea.com\/wp-content\/uploads\/2024\/07\/448780-600x799.png",600,799,true],"woocommerce_gallery_thumbnail":["https:\/\/elcomercioenlinea.com\/wp-content\/uploads\/2024\/07\/448780-100x100.png",100,100,true]},"post_excerpt_stackable":"<p>Un par de elegante anteojos de nataci\u00f3n aerodin\u00e1mico con correas ajustables Con un dise\u00f1o ergon\u00f3mico para un rendimiento optimizado Con protecci\u00f3n\u00a0 de fibra \u00f3ptica calidad Lentes de policarbonato proporcionar 100 de protecci\u00f3n contra rayos de luz ultravioleta Tratada con un revestimiento de la lente antivaho Disponible en una gama de colores se suministra con una funda protectora transparente.<\/p>\n","category_list":"","author_info":{"name":"","url":""},"comments_num":"0 comentarios","jetpack_sharing_enabled":true,"_links":{"self":[{"href":"https:\/\/elcomercioenlinea.com\/index.php\/wp-json\/wp\/v2\/product\/1979","targetHints":{"allow":["GET"]}}],"collection":[{"href":"https:\/\/elcomercioenlinea.com\/index.php\/wp-json\/wp\/v2\/product"}],"about":[{"href":"https:\/\/elcomercioenlinea.com\/index.php\/wp-json\/wp\/v2\/types\/product"}],"wp:featuredmedia":[{"embeddable":true,"href":"https:\/\/elcomercioenlinea.com\/index.php\/wp-json\/wp\/v2\/media\/1980"}],"wp:attachment":[{"href":"https:\/\/elcomercioenlinea.com\/index.php\/wp-json\/wp\/v2\/media?parent=1979"}],"wp:term":[{"taxonomy":"product_brand","embeddable":true,"href":"https:\/\/elcomercioenlinea.com\/index.php\/wp-json\/wp\/v2\/product_brand?post=1979"},{"taxonomy":"product_cat","embeddable":true,"href":"https:\/\/elcomercioenlinea.com\/index.php\/wp-json\/wp\/v2\/product_cat?post=1979"},{"taxonomy":"product_tag","embeddable":true,"href":"https:\/\/elcomercioenlinea.com\/index.php\/wp-json\/wp\/v2\/product_tag?post=1979"}],"curies":[{"name":"wp","href":"https:\/\/api.w.org\/{rel}","templated":true}]}}