{"id":1983,"date":"2024-07-02T17:20:19","date_gmt":"2024-07-02T22:20:19","guid":{"rendered":"https:\/\/elcomercioenlinea.com\/index.php\/producto\/molde-siliconado-para-cubos-de-hielo\/"},"modified":"2024-07-02T17:34:34","modified_gmt":"2024-07-02T22:34:34","slug":"molde-siliconado-para-cubos-de-hielo","status":"publish","type":"product","link":"https:\/\/elcomercioenlinea.com\/index.php\/producto\/molde-siliconado-para-cubos-de-hielo\/","title":{"rendered":"Molde Siliconado Para Cubos de Hielo"},"content":{"rendered":"<p>Caracter\u00edsticas Este cubo de hielo es elegante duradero resistente al desgaste y f\u00e1cil de limpiar Barril interior de polipropileno sin fondo puede almacenar cubitos de hielo despu\u00e9s de hacer hielo reciclar hielo almacenar cubitos de hielo.<\/p>\n<p>Aplicaci\u00f3n hogar, banquete, bar, fiesta, restaurante, etc.<\/p>\n<p>Dise\u00f1o de doble c mara esta cubeta para hacer cubitos de hielo esta hecha con un dise\u00f1o de doble c mara Cubo exterior y forro interior seguro y resistente a bajas temperaturas Desmoldeo f\u00e1cil nuestro cubo para hacer moldes de hielo es f\u00e1cil de desmoldar y sangrar en la pared interior Facil de apretar para desmoldar Especificaciones Material Silicona Color Azul<\/p>\n<p>Medidas cm de alto x 10 cm de ancho Tu compra Incluye 1 Hielera<\/p>\n","protected":false},"excerpt":{"rendered":"<p>Caracter\u00edsticas Este cubo de hielo es elegante duradero resistente al desgaste y f\u00e1cil de limpiar Barril interior de polipropileno sin fondo puede almacenar cubitos de hielo despu\u00e9s de hacer hielo reciclar hielo almacenar cubitos de hielo. Aplicaci\u00f3n hogar, banquete, bar, fiesta, restaurante, etc. Dise\u00f1o de doble c mara esta cubeta para hacer cubitos de hielo [&hellip;]<\/p>\n","protected":false},"featured_media":1984,"template":"","meta":[],"product_brand":[],"product_cat":[25],"product_tag":[],"class_list":{"0":"post-1983","1":"product","2":"type-product","3":"status-publish","4":"has-post-thumbnail","6":"product_cat-cocina","8":"first","9":"instock","10":"shipping-taxable","11":"purchasable","12":"product-type-simple"},"featured_image_urls":{"full":["https:\/\/elcomercioenlinea.com\/wp-content\/uploads\/2024\/07\/708308.png",1500,1500,false],"thumbnail":["https:\/\/elcomercioenlinea.com\/wp-content\/uploads\/2024\/07\/708308-150x150.png",150,150,true],"medium":["https:\/\/elcomercioenlinea.com\/wp-content\/uploads\/2024\/07\/708308-300x300.png",300,300,true],"medium_large":["https:\/\/elcomercioenlinea.com\/wp-content\/uploads\/2024\/07\/708308-768x768.png",768,768,true],"large":["https:\/\/elcomercioenlinea.com\/wp-content\/uploads\/2024\/07\/708308-1024x1024.png",1024,1024,true],"1536x1536":["https:\/\/elcomercioenlinea.com\/wp-content\/uploads\/2024\/07\/708308.png",1500,1500,false],"2048x2048":["https:\/\/elcomercioenlinea.com\/wp-content\/uploads\/2024\/07\/708308.png",1500,1500,false],"woocommerce_archive_thumbnail":["https:\/\/elcomercioenlinea.com\/wp-content\/uploads\/2024\/07\/708308-300x300.png",300,300,true],"woocommerce_thumbnail":["https:\/\/elcomercioenlinea.com\/wp-content\/uploads\/2024\/07\/708308-300x300.png",300,300,true],"woocommerce_single":["https:\/\/elcomercioenlinea.com\/wp-content\/uploads\/2024\/07\/708308-600x600.png",600,600,true],"woocommerce_gallery_thumbnail":["https:\/\/elcomercioenlinea.com\/wp-content\/uploads\/2024\/07\/708308-100x100.png",100,100,true]},"post_excerpt_stackable":"<p>Caracter\u00edsticas Este cubo de hielo es elegante duradero resistente al desgaste y f\u00e1cil de limpiar Barril interior de polipropileno sin fondo puede almacenar cubitos de hielo despu\u00e9s de hacer hielo reciclar hielo almacenar cubitos de hielo. Aplicaci\u00f3n hogar, banquete, bar, fiesta, restaurante, etc. Dise\u00f1o de doble c mara esta cubeta para hacer cubitos de hielo esta hecha con un dise\u00f1o de doble c mara Cubo exterior y forro interior seguro y resistente a bajas temperaturas Desmoldeo f\u00e1cil nuestro cubo para hacer moldes de hielo es f\u00e1cil de desmoldar y sangrar en la pared interior Facil de apretar para desmoldar Especificaciones&hellip;<\/p>\n","category_list":"","author_info":{"name":"","url":""},"comments_num":"0 comentarios","jetpack_sharing_enabled":true,"_links":{"self":[{"href":"https:\/\/elcomercioenlinea.com\/index.php\/wp-json\/wp\/v2\/product\/1983","targetHints":{"allow":["GET"]}}],"collection":[{"href":"https:\/\/elcomercioenlinea.com\/index.php\/wp-json\/wp\/v2\/product"}],"about":[{"href":"https:\/\/elcomercioenlinea.com\/index.php\/wp-json\/wp\/v2\/types\/product"}],"wp:featuredmedia":[{"embeddable":true,"href":"https:\/\/elcomercioenlinea.com\/index.php\/wp-json\/wp\/v2\/media\/1984"}],"wp:attachment":[{"href":"https:\/\/elcomercioenlinea.com\/index.php\/wp-json\/wp\/v2\/media?parent=1983"}],"wp:term":[{"taxonomy":"product_brand","embeddable":true,"href":"https:\/\/elcomercioenlinea.com\/index.php\/wp-json\/wp\/v2\/product_brand?post=1983"},{"taxonomy":"product_cat","embeddable":true,"href":"https:\/\/elcomercioenlinea.com\/index.php\/wp-json\/wp\/v2\/product_cat?post=1983"},{"taxonomy":"product_tag","embeddable":true,"href":"https:\/\/elcomercioenlinea.com\/index.php\/wp-json\/wp\/v2\/product_tag?post=1983"}],"curies":[{"name":"wp","href":"https:\/\/api.w.org\/{rel}","templated":true}]}}