{"id":1990,"date":"2024-07-02T17:36:42","date_gmt":"2024-07-02T22:36:42","guid":{"rendered":"https:\/\/elcomercioenlinea.com\/index.php\/producto\/audifonos-inalambricos-m98\/"},"modified":"2024-07-02T17:40:33","modified_gmt":"2024-07-02T22:40:33","slug":"audifonos-inalambricos-m98","status":"publish","type":"product","link":"https:\/\/elcomercioenlinea.com\/index.php\/producto\/audifonos-inalambricos-m98\/","title":{"rendered":"Audifonos inalambricos m98"},"content":{"rendered":"<p>Alcance de transmisi\u00f3n 10 metros Funci\u00f3n Otros Protocolo Bluetooth 5 3Uso In earEn el o do o fuera del o do Bi est\u00e9reo Tipo de molde Molde privado Tipo de chip Jelly Duraci\u00f3n de la bater\u00eda\u00a0 48 horas o temporada 2023 .<\/p>\n<p>Resistencia al agua IPX3aud fono Bluetooth YD03 K20 K30 BQ30 BQ40Material Pl\u00e1stico.<\/p>\n","protected":false},"excerpt":{"rendered":"<p>Alcance de transmisi\u00f3n 10 metros Funci\u00f3n Otros Protocolo Bluetooth 5 3Uso In earEn el o do o fuera del o do Bi est\u00e9reo Tipo de molde Molde privado Tipo de chip Jelly Duraci\u00f3n de la bater\u00eda\u00a0 48 horas o temporada 2023 . Resistencia al agua IPX3aud fono Bluetooth YD03 K20 K30 BQ30 BQ40Material Pl\u00e1stico.<\/p>\n","protected":false},"featured_media":1993,"template":"","meta":[],"product_brand":[],"product_cat":[18],"product_tag":[],"class_list":{"0":"post-1990","1":"product","2":"type-product","3":"status-publish","4":"has-post-thumbnail","6":"product_cat-tecnologia","8":"first","9":"instock","10":"shipping-taxable","11":"purchasable","12":"product-type-simple"},"featured_image_urls":{"full":["https:\/\/elcomercioenlinea.com\/wp-content\/uploads\/2024\/07\/857911.png",432,618,false],"thumbnail":["https:\/\/elcomercioenlinea.com\/wp-content\/uploads\/2024\/07\/857911-150x150.png",150,150,true],"medium":["https:\/\/elcomercioenlinea.com\/wp-content\/uploads\/2024\/07\/857911-210x300.png",210,300,true],"medium_large":["https:\/\/elcomercioenlinea.com\/wp-content\/uploads\/2024\/07\/857911.png",432,618,false],"large":["https:\/\/elcomercioenlinea.com\/wp-content\/uploads\/2024\/07\/857911.png",432,618,false],"1536x1536":["https:\/\/elcomercioenlinea.com\/wp-content\/uploads\/2024\/07\/857911.png",432,618,false],"2048x2048":["https:\/\/elcomercioenlinea.com\/wp-content\/uploads\/2024\/07\/857911.png",432,618,false],"woocommerce_archive_thumbnail":["https:\/\/elcomercioenlinea.com\/wp-content\/uploads\/2024\/07\/857911-300x429.png",300,429,true],"woocommerce_thumbnail":["https:\/\/elcomercioenlinea.com\/wp-content\/uploads\/2024\/07\/857911-300x300.png",300,300,true],"woocommerce_single":["https:\/\/elcomercioenlinea.com\/wp-content\/uploads\/2024\/07\/857911.png",432,618,false],"woocommerce_gallery_thumbnail":["https:\/\/elcomercioenlinea.com\/wp-content\/uploads\/2024\/07\/857911-100x100.png",100,100,true]},"post_excerpt_stackable":"<p>Alcance de transmisi\u00f3n 10 metros Funci\u00f3n Otros Protocolo Bluetooth 5 3Uso In earEn el o do o fuera del o do Bi est\u00e9reo Tipo de molde Molde privado Tipo de chip Jelly Duraci\u00f3n de la bater\u00eda\u00a0 48 horas o temporada 2023 . Resistencia al agua IPX3aud fono Bluetooth YD03 K20 K30 BQ30 BQ40Material Pl\u00e1stico.<\/p>\n","category_list":"","author_info":{"name":"","url":""},"comments_num":"0 comentarios","jetpack_sharing_enabled":true,"_links":{"self":[{"href":"https:\/\/elcomercioenlinea.com\/index.php\/wp-json\/wp\/v2\/product\/1990","targetHints":{"allow":["GET"]}}],"collection":[{"href":"https:\/\/elcomercioenlinea.com\/index.php\/wp-json\/wp\/v2\/product"}],"about":[{"href":"https:\/\/elcomercioenlinea.com\/index.php\/wp-json\/wp\/v2\/types\/product"}],"wp:featuredmedia":[{"embeddable":true,"href":"https:\/\/elcomercioenlinea.com\/index.php\/wp-json\/wp\/v2\/media\/1993"}],"wp:attachment":[{"href":"https:\/\/elcomercioenlinea.com\/index.php\/wp-json\/wp\/v2\/media?parent=1990"}],"wp:term":[{"taxonomy":"product_brand","embeddable":true,"href":"https:\/\/elcomercioenlinea.com\/index.php\/wp-json\/wp\/v2\/product_brand?post=1990"},{"taxonomy":"product_cat","embeddable":true,"href":"https:\/\/elcomercioenlinea.com\/index.php\/wp-json\/wp\/v2\/product_cat?post=1990"},{"taxonomy":"product_tag","embeddable":true,"href":"https:\/\/elcomercioenlinea.com\/index.php\/wp-json\/wp\/v2\/product_tag?post=1990"}],"curies":[{"name":"wp","href":"https:\/\/api.w.org\/{rel}","templated":true}]}}