{"id":1996,"date":"2024-07-02T17:44:22","date_gmt":"2024-07-02T22:44:22","guid":{"rendered":"https:\/\/elcomercioenlinea.com\/index.php\/producto\/mini-waflera-electrica-forma-de-corazon\/"},"modified":"2024-07-02T17:48:05","modified_gmt":"2024-07-02T22:48:05","slug":"mini-waflera-electrica-forma-de-corazon","status":"publish","type":"product","link":"https:\/\/elcomercioenlinea.com\/index.php\/producto\/mini-waflera-electrica-forma-de-corazon\/","title":{"rendered":"Mini Waflera El\u00e9ctrica Forma De Coraz\u00f3n"},"content":{"rendered":"<p>Comidas sobre la marcha manera r pida y saludable de cocinar Waffles tostadas francesas galletas y salsa hashbrowns queso a la parrilla quesadillas pizza brownies galletas y mucho m s perfecto para desayuno almuerzo cena y postre F\u00e1cil de usar simplemente con c\u00e1talo espera 13 minutos hasta que se caliente y cuando la luz indicadora se apague puedes empezar a cocinar Compacto y ligero su peque o tama\u00f1o hace que sea el ajuste perfecto para cualquier cocina apartamento oficina dormitorio y caravana Superficie de Cocci\u00f3n de doble cara cada superficie de cocci\u00f3n es de 5 pulgadas de ancho proporcionando resultados r\u00e1pidos eficientes y consistentes La superficie antiadherente se limpia f\u00e1cilmente Asas de tacto frio el mango de tacto frio te permite mantener tus manos seguras al abrir y cerrar la tapa Luces indicadoras la luz indicadora de potencia y precalentamiento te permitir saber cuando es hora de empezar a cocinar Regalo regalo perfecto para bodas cumplea\u00f1os vacaciones vida universitaria y mucho m s Carcasa de tacto frio Indicador de encendido y listo para cocinar Placas de cocci\u00f3n con revestimiento antiadherente Voltaje de trabajo 110v Frecuencia 50 60 Hz Potencia 350w.<\/p>\n","protected":false},"excerpt":{"rendered":"<p>Comidas sobre la marcha manera r pida y saludable de cocinar Waffles tostadas francesas galletas y salsa hashbrowns queso a la parrilla quesadillas pizza brownies galletas y mucho m s perfecto para desayuno almuerzo cena y postre F\u00e1cil de usar simplemente con c\u00e1talo espera 13 minutos hasta que se caliente y cuando la luz indicadora [&hellip;]<\/p>\n","protected":false},"featured_media":1997,"template":"","meta":[],"product_brand":[],"product_cat":[25],"product_tag":[],"class_list":{"0":"post-1996","1":"product","2":"type-product","3":"status-publish","4":"has-post-thumbnail","6":"product_cat-cocina","8":"first","9":"instock","10":"shipping-taxable","11":"purchasable","12":"product-type-simple"},"featured_image_urls":{"full":["https:\/\/elcomercioenlinea.com\/wp-content\/uploads\/2024\/07\/422906.png",1190,1500,false],"thumbnail":["https:\/\/elcomercioenlinea.com\/wp-content\/uploads\/2024\/07\/422906-150x150.png",150,150,true],"medium":["https:\/\/elcomercioenlinea.com\/wp-content\/uploads\/2024\/07\/422906-238x300.png",238,300,true],"medium_large":["https:\/\/elcomercioenlinea.com\/wp-content\/uploads\/2024\/07\/422906-768x968.png",768,968,true],"large":["https:\/\/elcomercioenlinea.com\/wp-content\/uploads\/2024\/07\/422906-812x1024.png",812,1024,true],"1536x1536":["https:\/\/elcomercioenlinea.com\/wp-content\/uploads\/2024\/07\/422906.png",1190,1500,false],"2048x2048":["https:\/\/elcomercioenlinea.com\/wp-content\/uploads\/2024\/07\/422906.png",1190,1500,false],"woocommerce_archive_thumbnail":["https:\/\/elcomercioenlinea.com\/wp-content\/uploads\/2024\/07\/422906-300x378.png",300,378,true],"woocommerce_thumbnail":["https:\/\/elcomercioenlinea.com\/wp-content\/uploads\/2024\/07\/422906-300x300.png",300,300,true],"woocommerce_single":["https:\/\/elcomercioenlinea.com\/wp-content\/uploads\/2024\/07\/422906-600x756.png",600,756,true],"woocommerce_gallery_thumbnail":["https:\/\/elcomercioenlinea.com\/wp-content\/uploads\/2024\/07\/422906-100x100.png",100,100,true]},"post_excerpt_stackable":"<p>Comidas sobre la marcha manera r pida y saludable de cocinar Waffles tostadas francesas galletas y salsa hashbrowns queso a la parrilla quesadillas pizza brownies galletas y mucho m s perfecto para desayuno almuerzo cena y postre F\u00e1cil de usar simplemente con c\u00e1talo espera 13 minutos hasta que se caliente y cuando la luz indicadora se apague puedes empezar a cocinar Compacto y ligero su peque o tama\u00f1o hace que sea el ajuste perfecto para cualquier cocina apartamento oficina dormitorio y caravana Superficie de Cocci\u00f3n de doble cara cada superficie de cocci\u00f3n es de 5 pulgadas de ancho proporcionando resultados&hellip;<\/p>\n","category_list":"","author_info":{"name":"","url":""},"comments_num":"0 comentarios","jetpack_sharing_enabled":true,"_links":{"self":[{"href":"https:\/\/elcomercioenlinea.com\/index.php\/wp-json\/wp\/v2\/product\/1996","targetHints":{"allow":["GET"]}}],"collection":[{"href":"https:\/\/elcomercioenlinea.com\/index.php\/wp-json\/wp\/v2\/product"}],"about":[{"href":"https:\/\/elcomercioenlinea.com\/index.php\/wp-json\/wp\/v2\/types\/product"}],"wp:featuredmedia":[{"embeddable":true,"href":"https:\/\/elcomercioenlinea.com\/index.php\/wp-json\/wp\/v2\/media\/1997"}],"wp:attachment":[{"href":"https:\/\/elcomercioenlinea.com\/index.php\/wp-json\/wp\/v2\/media?parent=1996"}],"wp:term":[{"taxonomy":"product_brand","embeddable":true,"href":"https:\/\/elcomercioenlinea.com\/index.php\/wp-json\/wp\/v2\/product_brand?post=1996"},{"taxonomy":"product_cat","embeddable":true,"href":"https:\/\/elcomercioenlinea.com\/index.php\/wp-json\/wp\/v2\/product_cat?post=1996"},{"taxonomy":"product_tag","embeddable":true,"href":"https:\/\/elcomercioenlinea.com\/index.php\/wp-json\/wp\/v2\/product_tag?post=1996"}],"curies":[{"name":"wp","href":"https:\/\/api.w.org\/{rel}","templated":true}]}}