{"id":2014,"date":"2024-07-03T11:29:10","date_gmt":"2024-07-03T16:29:10","guid":{"rendered":"https:\/\/elcomercioenlinea.com\/index.php\/producto\/soporte-para-celular\/"},"modified":"2024-07-03T11:33:15","modified_gmt":"2024-07-03T16:33:15","slug":"soporte-para-celular","status":"publish","type":"product","link":"https:\/\/elcomercioenlinea.com\/index.php\/producto\/soporte-para-celular\/","title":{"rendered":"Soporte Para Celular"},"content":{"rendered":"<p>Soporte Para Telefono para Espejo Retrovisor, mesa, etc.<\/p>\n<p>360 Multiuso, esta hecho de material de alta calidad duradero y resistente a los ara\u00f1azos. Su dise\u00f1o elegante f\u00e1cil de instalar simple y practico lo convierte en una opci\u00f3n ideal Es compatible con cualquier tel\u00e9fono 4 0 a 7 pulgadas.<\/p>\n","protected":false},"excerpt":{"rendered":"<p>Soporte Para Telefono para Espejo Retrovisor, mesa, etc. 360 Multiuso, esta hecho de material de alta calidad duradero y resistente a los ara\u00f1azos. Su dise\u00f1o elegante f\u00e1cil de instalar simple y practico lo convierte en una opci\u00f3n ideal Es compatible con cualquier tel\u00e9fono 4 0 a 7 pulgadas.<\/p>\n","protected":false},"featured_media":2015,"template":"","meta":[],"product_brand":[],"product_cat":[18],"product_tag":[],"class_list":{"0":"post-2014","1":"product","2":"type-product","3":"status-publish","4":"has-post-thumbnail","6":"product_cat-tecnologia","8":"first","9":"instock","10":"shipping-taxable","11":"purchasable","12":"product-type-simple"},"featured_image_urls":{"full":["https:\/\/elcomercioenlinea.com\/wp-content\/uploads\/2024\/07\/868861.png",1200,1200,false],"thumbnail":["https:\/\/elcomercioenlinea.com\/wp-content\/uploads\/2024\/07\/868861-150x150.png",150,150,true],"medium":["https:\/\/elcomercioenlinea.com\/wp-content\/uploads\/2024\/07\/868861-300x300.png",300,300,true],"medium_large":["https:\/\/elcomercioenlinea.com\/wp-content\/uploads\/2024\/07\/868861-768x768.png",768,768,true],"large":["https:\/\/elcomercioenlinea.com\/wp-content\/uploads\/2024\/07\/868861-1024x1024.png",1024,1024,true],"1536x1536":["https:\/\/elcomercioenlinea.com\/wp-content\/uploads\/2024\/07\/868861.png",1200,1200,false],"2048x2048":["https:\/\/elcomercioenlinea.com\/wp-content\/uploads\/2024\/07\/868861.png",1200,1200,false],"woocommerce_archive_thumbnail":["https:\/\/elcomercioenlinea.com\/wp-content\/uploads\/2024\/07\/868861-300x300.png",300,300,true],"woocommerce_thumbnail":["https:\/\/elcomercioenlinea.com\/wp-content\/uploads\/2024\/07\/868861-300x300.png",300,300,true],"woocommerce_single":["https:\/\/elcomercioenlinea.com\/wp-content\/uploads\/2024\/07\/868861-600x600.png",600,600,true],"woocommerce_gallery_thumbnail":["https:\/\/elcomercioenlinea.com\/wp-content\/uploads\/2024\/07\/868861-100x100.png",100,100,true]},"post_excerpt_stackable":"<p>Soporte Para Telefono para Espejo Retrovisor, mesa, etc. 360 Multiuso, esta hecho de material de alta calidad duradero y resistente a los ara\u00f1azos. Su dise\u00f1o elegante f\u00e1cil de instalar simple y practico lo convierte en una opci\u00f3n ideal Es compatible con cualquier tel\u00e9fono 4 0 a 7 pulgadas.<\/p>\n","category_list":"","author_info":{"name":"","url":""},"comments_num":"0 comentarios","jetpack_sharing_enabled":true,"_links":{"self":[{"href":"https:\/\/elcomercioenlinea.com\/index.php\/wp-json\/wp\/v2\/product\/2014","targetHints":{"allow":["GET"]}}],"collection":[{"href":"https:\/\/elcomercioenlinea.com\/index.php\/wp-json\/wp\/v2\/product"}],"about":[{"href":"https:\/\/elcomercioenlinea.com\/index.php\/wp-json\/wp\/v2\/types\/product"}],"wp:featuredmedia":[{"embeddable":true,"href":"https:\/\/elcomercioenlinea.com\/index.php\/wp-json\/wp\/v2\/media\/2015"}],"wp:attachment":[{"href":"https:\/\/elcomercioenlinea.com\/index.php\/wp-json\/wp\/v2\/media?parent=2014"}],"wp:term":[{"taxonomy":"product_brand","embeddable":true,"href":"https:\/\/elcomercioenlinea.com\/index.php\/wp-json\/wp\/v2\/product_brand?post=2014"},{"taxonomy":"product_cat","embeddable":true,"href":"https:\/\/elcomercioenlinea.com\/index.php\/wp-json\/wp\/v2\/product_cat?post=2014"},{"taxonomy":"product_tag","embeddable":true,"href":"https:\/\/elcomercioenlinea.com\/index.php\/wp-json\/wp\/v2\/product_tag?post=2014"}],"curies":[{"name":"wp","href":"https:\/\/api.w.org\/{rel}","templated":true}]}}