{"id":2044,"date":"2024-07-03T12:11:01","date_gmt":"2024-07-03T17:11:01","guid":{"rendered":"https:\/\/elcomercioenlinea.com\/index.php\/producto\/lampara-led-escritorio-portatil-recargable\/"},"modified":"2024-07-03T12:15:43","modified_gmt":"2024-07-03T17:15:43","slug":"lampara-led-escritorio-portatil-recargable","status":"publish","type":"product","link":"https:\/\/elcomercioenlinea.com\/index.php\/producto\/lampara-led-escritorio-portatil-recargable\/","title":{"rendered":"Lampara Led Escritorio + tajal\u00e1piz"},"content":{"rendered":"<p>Lampara Led Escritorio Port\u00e1til Recargable Con Taja l\u00e1piz Lampara 3 en 1 con sacapuntas y porta l\u00e1pices Cargador micro USB Util\u00edzala como sacapuntas como lampara o como porta l\u00e1pices ideal para ni os que realizan tareas en la noche para leer antes de dormir. no te vas a arrepentir de regalar a tus peques esta incre\u00edble lampara multifunci\u00f3n que tan solo requiere de cargarlo con su cargador micro USB que ya incluye el pedido.<\/p>\n<p>CARACTER STICAS Color Anaranjado, Material Pl\u00e1stico Goma Tama o 7 x 9 x 22 cm Viene con instrucciones Respaldo y garant\u00eda en todos nuestros art culos ventas por mayor y al detal.<\/p>\n","protected":false},"excerpt":{"rendered":"<p>Lampara Led Escritorio Port\u00e1til Recargable Con Taja l\u00e1piz Lampara 3 en 1 con sacapuntas y porta l\u00e1pices Cargador micro USB Util\u00edzala como sacapuntas como lampara o como porta l\u00e1pices ideal para ni os que realizan tareas en la noche para leer antes de dormir. no te vas a arrepentir de regalar a tus peques esta [&hellip;]<\/p>\n","protected":false},"featured_media":2046,"template":"","meta":[],"product_brand":[],"product_cat":[18],"product_tag":[],"class_list":{"0":"post-2044","1":"product","2":"type-product","3":"status-publish","4":"has-post-thumbnail","6":"product_cat-tecnologia","8":"first","9":"instock","10":"shipping-taxable","11":"purchasable","12":"product-type-simple"},"featured_image_urls":{"full":["https:\/\/elcomercioenlinea.com\/wp-content\/uploads\/2024\/07\/67299.png",1181,1181,false],"thumbnail":["https:\/\/elcomercioenlinea.com\/wp-content\/uploads\/2024\/07\/67299-150x150.png",150,150,true],"medium":["https:\/\/elcomercioenlinea.com\/wp-content\/uploads\/2024\/07\/67299-300x300.png",300,300,true],"medium_large":["https:\/\/elcomercioenlinea.com\/wp-content\/uploads\/2024\/07\/67299-768x768.png",768,768,true],"large":["https:\/\/elcomercioenlinea.com\/wp-content\/uploads\/2024\/07\/67299-1024x1024.png",1024,1024,true],"1536x1536":["https:\/\/elcomercioenlinea.com\/wp-content\/uploads\/2024\/07\/67299.png",1181,1181,false],"2048x2048":["https:\/\/elcomercioenlinea.com\/wp-content\/uploads\/2024\/07\/67299.png",1181,1181,false],"woocommerce_archive_thumbnail":["https:\/\/elcomercioenlinea.com\/wp-content\/uploads\/2024\/07\/67299-300x300.png",300,300,true],"woocommerce_thumbnail":["https:\/\/elcomercioenlinea.com\/wp-content\/uploads\/2024\/07\/67299-300x300.png",300,300,true],"woocommerce_single":["https:\/\/elcomercioenlinea.com\/wp-content\/uploads\/2024\/07\/67299-600x600.png",600,600,true],"woocommerce_gallery_thumbnail":["https:\/\/elcomercioenlinea.com\/wp-content\/uploads\/2024\/07\/67299-100x100.png",100,100,true]},"post_excerpt_stackable":"<p>Lampara Led Escritorio Port\u00e1til Recargable Con Taja l\u00e1piz Lampara 3 en 1 con sacapuntas y porta l\u00e1pices Cargador micro USB Util\u00edzala como sacapuntas como lampara o como porta l\u00e1pices ideal para ni os que realizan tareas en la noche para leer antes de dormir. no te vas a arrepentir de regalar a tus peques esta incre\u00edble lampara multifunci\u00f3n que tan solo requiere de cargarlo con su cargador micro USB que ya incluye el pedido. CARACTER STICAS Color Anaranjado, Material Pl\u00e1stico Goma Tama o 7 x 9 x 22 cm Viene con instrucciones Respaldo y garant\u00eda en todos nuestros art culos&hellip;<\/p>\n","category_list":"","author_info":{"name":"","url":""},"comments_num":"0 comentarios","jetpack_sharing_enabled":true,"_links":{"self":[{"href":"https:\/\/elcomercioenlinea.com\/index.php\/wp-json\/wp\/v2\/product\/2044","targetHints":{"allow":["GET"]}}],"collection":[{"href":"https:\/\/elcomercioenlinea.com\/index.php\/wp-json\/wp\/v2\/product"}],"about":[{"href":"https:\/\/elcomercioenlinea.com\/index.php\/wp-json\/wp\/v2\/types\/product"}],"wp:featuredmedia":[{"embeddable":true,"href":"https:\/\/elcomercioenlinea.com\/index.php\/wp-json\/wp\/v2\/media\/2046"}],"wp:attachment":[{"href":"https:\/\/elcomercioenlinea.com\/index.php\/wp-json\/wp\/v2\/media?parent=2044"}],"wp:term":[{"taxonomy":"product_brand","embeddable":true,"href":"https:\/\/elcomercioenlinea.com\/index.php\/wp-json\/wp\/v2\/product_brand?post=2044"},{"taxonomy":"product_cat","embeddable":true,"href":"https:\/\/elcomercioenlinea.com\/index.php\/wp-json\/wp\/v2\/product_cat?post=2044"},{"taxonomy":"product_tag","embeddable":true,"href":"https:\/\/elcomercioenlinea.com\/index.php\/wp-json\/wp\/v2\/product_tag?post=2044"}],"curies":[{"name":"wp","href":"https:\/\/api.w.org\/{rel}","templated":true}]}}