{"id":2066,"date":"2024-07-03T12:55:12","date_gmt":"2024-07-03T17:55:12","guid":{"rendered":"https:\/\/elcomercioenlinea.com\/index.php\/producto\/cargador-fular-soporte-para-bebes\/"},"modified":"2024-07-03T13:10:55","modified_gmt":"2024-07-03T18:10:55","slug":"cargador-fular-soporte-para-bebes","status":"publish","type":"product","link":"https:\/\/elcomercioenlinea.com\/index.php\/producto\/cargador-fular-soporte-para-bebes\/","title":{"rendered":"Cargador Fular Soporte Para Bebes"},"content":{"rendered":"<p>Transpirable y C modo Hecho de tela suave que es m s transpirable que las telas ordinarias duradero y c modo seguro y dif\u00edcil de deformar Adecuado para todas las estaciones mantiene a su bebe fresco incluso en el caluroso verano Dise\u00f1o ajustable Las correas de los hombros son ajustables en longitud con el portabeb\u00e9s para reci\u00e9n nacido no tiene que preocuparse por los cambios corporales posparto y otros problemas y puede ajustar el tama\u00f1o adecuado para ti y la forma del cuerpo de tu bebe en cualquier momento.<\/p>\n","protected":false},"excerpt":{"rendered":"<p>Transpirable y C modo Hecho de tela suave que es m s transpirable que las telas ordinarias duradero y c modo seguro y dif\u00edcil de deformar Adecuado para todas las estaciones mantiene a su bebe fresco incluso en el caluroso verano Dise\u00f1o ajustable Las correas de los hombros son ajustables en longitud con el portabeb\u00e9s [&hellip;]<\/p>\n","protected":false},"featured_media":2069,"template":"","meta":[],"product_brand":[],"product_cat":[17],"product_tag":[],"class_list":{"0":"post-2066","1":"product","2":"type-product","3":"status-publish","4":"has-post-thumbnail","6":"product_cat-hogar","8":"first","9":"instock","10":"shipping-taxable","11":"purchasable","12":"product-type-simple"},"featured_image_urls":{"full":["https:\/\/elcomercioenlinea.com\/wp-content\/uploads\/2024\/07\/451713.png",1200,1200,false],"thumbnail":["https:\/\/elcomercioenlinea.com\/wp-content\/uploads\/2024\/07\/451713-150x150.png",150,150,true],"medium":["https:\/\/elcomercioenlinea.com\/wp-content\/uploads\/2024\/07\/451713-300x300.png",300,300,true],"medium_large":["https:\/\/elcomercioenlinea.com\/wp-content\/uploads\/2024\/07\/451713-768x768.png",768,768,true],"large":["https:\/\/elcomercioenlinea.com\/wp-content\/uploads\/2024\/07\/451713-1024x1024.png",1024,1024,true],"1536x1536":["https:\/\/elcomercioenlinea.com\/wp-content\/uploads\/2024\/07\/451713.png",1200,1200,false],"2048x2048":["https:\/\/elcomercioenlinea.com\/wp-content\/uploads\/2024\/07\/451713.png",1200,1200,false],"woocommerce_archive_thumbnail":["https:\/\/elcomercioenlinea.com\/wp-content\/uploads\/2024\/07\/451713-300x300.png",300,300,true],"woocommerce_thumbnail":["https:\/\/elcomercioenlinea.com\/wp-content\/uploads\/2024\/07\/451713-300x300.png",300,300,true],"woocommerce_single":["https:\/\/elcomercioenlinea.com\/wp-content\/uploads\/2024\/07\/451713-600x600.png",600,600,true],"woocommerce_gallery_thumbnail":["https:\/\/elcomercioenlinea.com\/wp-content\/uploads\/2024\/07\/451713-100x100.png",100,100,true]},"post_excerpt_stackable":"<p>Transpirable y C modo Hecho de tela suave que es m s transpirable que las telas ordinarias duradero y c modo seguro y dif\u00edcil de deformar Adecuado para todas las estaciones mantiene a su bebe fresco incluso en el caluroso verano Dise\u00f1o ajustable Las correas de los hombros son ajustables en longitud con el portabeb\u00e9s para reci\u00e9n nacido no tiene que preocuparse por los cambios corporales posparto y otros problemas y puede ajustar el tama\u00f1o adecuado para ti y la forma del cuerpo de tu bebe en cualquier momento.<\/p>\n","category_list":"","author_info":{"name":"","url":""},"comments_num":"0 comentarios","jetpack_sharing_enabled":true,"_links":{"self":[{"href":"https:\/\/elcomercioenlinea.com\/index.php\/wp-json\/wp\/v2\/product\/2066","targetHints":{"allow":["GET"]}}],"collection":[{"href":"https:\/\/elcomercioenlinea.com\/index.php\/wp-json\/wp\/v2\/product"}],"about":[{"href":"https:\/\/elcomercioenlinea.com\/index.php\/wp-json\/wp\/v2\/types\/product"}],"wp:featuredmedia":[{"embeddable":true,"href":"https:\/\/elcomercioenlinea.com\/index.php\/wp-json\/wp\/v2\/media\/2069"}],"wp:attachment":[{"href":"https:\/\/elcomercioenlinea.com\/index.php\/wp-json\/wp\/v2\/media?parent=2066"}],"wp:term":[{"taxonomy":"product_brand","embeddable":true,"href":"https:\/\/elcomercioenlinea.com\/index.php\/wp-json\/wp\/v2\/product_brand?post=2066"},{"taxonomy":"product_cat","embeddable":true,"href":"https:\/\/elcomercioenlinea.com\/index.php\/wp-json\/wp\/v2\/product_cat?post=2066"},{"taxonomy":"product_tag","embeddable":true,"href":"https:\/\/elcomercioenlinea.com\/index.php\/wp-json\/wp\/v2\/product_tag?post=2066"}],"curies":[{"name":"wp","href":"https:\/\/api.w.org\/{rel}","templated":true}]}}