{"id":2074,"date":"2024-07-03T13:14:01","date_gmt":"2024-07-03T18:14:01","guid":{"rendered":"https:\/\/elcomercioenlinea.com\/index.php\/producto\/mini-linterna-led-con-llavero\/"},"modified":"2024-07-03T13:22:00","modified_gmt":"2024-07-03T18:22:00","slug":"mini-linterna-led-con-llavero","status":"publish","type":"product","link":"https:\/\/elcomercioenlinea.com\/index.php\/producto\/mini-linterna-led-con-llavero\/","title":{"rendered":"MINI LINTERNA LED CON LLAVERO"},"content":{"rendered":"<p>Ahora puedes realizar trabajos en la oscuridad con ambas manos gracias a la mini linterna recargable 3 en 1 Tambi\u00e9n es perfecto si te gusta la aventura la noche los bosques y necesitas estar siempre iluminando tu camino esta linterna es todo lo que necesitas cuenta con gran iluminaci\u00f3n Con este guante cualquier actividad que debas de realizar en la oscuridad ser much\u00edsimo mas f\u00e1cil y practica Y lo mejor de todo es que sirve como destapador de botellas Ademas si quieres mantener la linterna en un solo lugar puedes ponerla en un tr\u00edpode y alumbrar lo que necesites. Tambi\u00e9n cuenta con soporte plegable para ponerlo en cualquier superficie y se mantenga firme mientras lo usas.<\/p>\n<p>CARACTERISTICAS Capacidad de la bateria 300 500mAh Ligero y duradero 1 3 horas M todo de carga USB Carga tipo C .<\/p>\n","protected":false},"excerpt":{"rendered":"<p>Ahora puedes realizar trabajos en la oscuridad con ambas manos gracias a la mini linterna recargable 3 en 1 Tambi\u00e9n es perfecto si te gusta la aventura la noche los bosques y necesitas estar siempre iluminando tu camino esta linterna es todo lo que necesitas cuenta con gran iluminaci\u00f3n Con este guante cualquier actividad que [&hellip;]<\/p>\n","protected":false},"featured_media":2075,"template":"","meta":[],"product_brand":[],"product_cat":[17,18],"product_tag":[],"class_list":{"0":"post-2074","1":"product","2":"type-product","3":"status-publish","4":"has-post-thumbnail","6":"product_cat-hogar","7":"product_cat-tecnologia","9":"first","10":"instock","11":"shipping-taxable","12":"purchasable","13":"product-type-simple"},"featured_image_urls":{"full":["https:\/\/elcomercioenlinea.com\/wp-content\/uploads\/2024\/07\/593880.png",431,382,false],"thumbnail":["https:\/\/elcomercioenlinea.com\/wp-content\/uploads\/2024\/07\/593880-150x150.png",150,150,true],"medium":["https:\/\/elcomercioenlinea.com\/wp-content\/uploads\/2024\/07\/593880-300x266.png",300,266,true],"medium_large":["https:\/\/elcomercioenlinea.com\/wp-content\/uploads\/2024\/07\/593880.png",431,382,false],"large":["https:\/\/elcomercioenlinea.com\/wp-content\/uploads\/2024\/07\/593880.png",431,382,false],"1536x1536":["https:\/\/elcomercioenlinea.com\/wp-content\/uploads\/2024\/07\/593880.png",431,382,false],"2048x2048":["https:\/\/elcomercioenlinea.com\/wp-content\/uploads\/2024\/07\/593880.png",431,382,false],"woocommerce_archive_thumbnail":["https:\/\/elcomercioenlinea.com\/wp-content\/uploads\/2024\/07\/593880-300x266.png",300,266,true],"woocommerce_thumbnail":["https:\/\/elcomercioenlinea.com\/wp-content\/uploads\/2024\/07\/593880-300x300.png",300,300,true],"woocommerce_single":["https:\/\/elcomercioenlinea.com\/wp-content\/uploads\/2024\/07\/593880.png",431,382,false],"woocommerce_gallery_thumbnail":["https:\/\/elcomercioenlinea.com\/wp-content\/uploads\/2024\/07\/593880-100x100.png",100,100,true]},"post_excerpt_stackable":"<p>Ahora puedes realizar trabajos en la oscuridad con ambas manos gracias a la mini linterna recargable 3 en 1 Tambi\u00e9n es perfecto si te gusta la aventura la noche los bosques y necesitas estar siempre iluminando tu camino esta linterna es todo lo que necesitas cuenta con gran iluminaci\u00f3n Con este guante cualquier actividad que debas de realizar en la oscuridad ser much\u00edsimo mas f\u00e1cil y practica Y lo mejor de todo es que sirve como destapador de botellas Ademas si quieres mantener la linterna en un solo lugar puedes ponerla en un tr\u00edpode y alumbrar lo que necesites. Tambi\u00e9n&hellip;<\/p>\n","category_list":"","author_info":{"name":"","url":""},"comments_num":"0 comentarios","jetpack_sharing_enabled":true,"_links":{"self":[{"href":"https:\/\/elcomercioenlinea.com\/index.php\/wp-json\/wp\/v2\/product\/2074","targetHints":{"allow":["GET"]}}],"collection":[{"href":"https:\/\/elcomercioenlinea.com\/index.php\/wp-json\/wp\/v2\/product"}],"about":[{"href":"https:\/\/elcomercioenlinea.com\/index.php\/wp-json\/wp\/v2\/types\/product"}],"wp:featuredmedia":[{"embeddable":true,"href":"https:\/\/elcomercioenlinea.com\/index.php\/wp-json\/wp\/v2\/media\/2075"}],"wp:attachment":[{"href":"https:\/\/elcomercioenlinea.com\/index.php\/wp-json\/wp\/v2\/media?parent=2074"}],"wp:term":[{"taxonomy":"product_brand","embeddable":true,"href":"https:\/\/elcomercioenlinea.com\/index.php\/wp-json\/wp\/v2\/product_brand?post=2074"},{"taxonomy":"product_cat","embeddable":true,"href":"https:\/\/elcomercioenlinea.com\/index.php\/wp-json\/wp\/v2\/product_cat?post=2074"},{"taxonomy":"product_tag","embeddable":true,"href":"https:\/\/elcomercioenlinea.com\/index.php\/wp-json\/wp\/v2\/product_tag?post=2074"}],"curies":[{"name":"wp","href":"https:\/\/api.w.org\/{rel}","templated":true}]}}