{"id":2083,"date":"2024-07-03T13:21:25","date_gmt":"2024-07-03T18:21:25","guid":{"rendered":"https:\/\/elcomercioenlinea.com\/index.php\/producto\/kit-bandas-elasticas-x5-piezas\/"},"modified":"2024-07-03T13:25:58","modified_gmt":"2024-07-03T18:25:58","slug":"kit-bandas-elasticas-x5-piezas","status":"publish","type":"product","link":"https:\/\/elcomercioenlinea.com\/index.php\/producto\/kit-bandas-elasticas-x5-piezas\/","title":{"rendered":"Kit Bandas El\u00e1sticas X5 Piezas"},"content":{"rendered":"<p>BANDAS ELASTICAS RESISTENCIA Hecho de l tex natural 100 Que garantiza comodidad y durabilidad que se puede usar y estirar repetidamente es resistente a la presi n y flexible al compararlo con otras bandas de ejercicios o de fisioterapia Estas bandas el\u00e1sticas no solo son perfectas para los deportes y la forma f sica sino que tambi\u00e9n funcionan especialmente bien para los fisioterapeutas Pueden ayudar a rehabilitar a las personas que sufren lesiones de piernas rodillas y espalda MCL desgarrado y LCA reemplazo de rodilla rehabilitaci\u00f3n de la rotula y el menisco Tambi\u00e9n funcionan perfectamente para que las mujeres embarazadas y maternales ejerciten los m\u00fasculos del piso p\u00e9lvico y mantengan su cuerpo en forma.<\/p>\n","protected":false},"excerpt":{"rendered":"<p>BANDAS ELASTICAS RESISTENCIA Hecho de l tex natural 100 Que garantiza comodidad y durabilidad que se puede usar y estirar repetidamente es resistente a la presi n y flexible al compararlo con otras bandas de ejercicios o de fisioterapia Estas bandas el\u00e1sticas no solo son perfectas para los deportes y la forma f sica sino [&hellip;]<\/p>\n","protected":false},"featured_media":2084,"template":"","meta":[],"product_brand":[],"product_cat":[101],"product_tag":[],"class_list":{"0":"post-2083","1":"product","2":"type-product","3":"status-publish","4":"has-post-thumbnail","6":"product_cat-deportivo","8":"first","9":"instock","10":"shipping-taxable","11":"purchasable","12":"product-type-simple"},"featured_image_urls":{"full":["https:\/\/elcomercioenlinea.com\/wp-content\/uploads\/2024\/07\/31343.png",340,340,false],"thumbnail":["https:\/\/elcomercioenlinea.com\/wp-content\/uploads\/2024\/07\/31343-150x150.png",150,150,true],"medium":["https:\/\/elcomercioenlinea.com\/wp-content\/uploads\/2024\/07\/31343-300x300.png",300,300,true],"medium_large":["https:\/\/elcomercioenlinea.com\/wp-content\/uploads\/2024\/07\/31343.png",340,340,false],"large":["https:\/\/elcomercioenlinea.com\/wp-content\/uploads\/2024\/07\/31343.png",340,340,false],"1536x1536":["https:\/\/elcomercioenlinea.com\/wp-content\/uploads\/2024\/07\/31343.png",340,340,false],"2048x2048":["https:\/\/elcomercioenlinea.com\/wp-content\/uploads\/2024\/07\/31343.png",340,340,false],"woocommerce_archive_thumbnail":["https:\/\/elcomercioenlinea.com\/wp-content\/uploads\/2024\/07\/31343-300x300.png",300,300,true],"woocommerce_thumbnail":["https:\/\/elcomercioenlinea.com\/wp-content\/uploads\/2024\/07\/31343-300x300.png",300,300,true],"woocommerce_single":["https:\/\/elcomercioenlinea.com\/wp-content\/uploads\/2024\/07\/31343.png",340,340,false],"woocommerce_gallery_thumbnail":["https:\/\/elcomercioenlinea.com\/wp-content\/uploads\/2024\/07\/31343-100x100.png",100,100,true]},"post_excerpt_stackable":"<p>BANDAS ELASTICAS RESISTENCIA Hecho de l tex natural 100 Que garantiza comodidad y durabilidad que se puede usar y estirar repetidamente es resistente a la presi n y flexible al compararlo con otras bandas de ejercicios o de fisioterapia Estas bandas el\u00e1sticas no solo son perfectas para los deportes y la forma f sica sino que tambi\u00e9n funcionan especialmente bien para los fisioterapeutas Pueden ayudar a rehabilitar a las personas que sufren lesiones de piernas rodillas y espalda MCL desgarrado y LCA reemplazo de rodilla rehabilitaci\u00f3n de la rotula y el menisco Tambi\u00e9n funcionan perfectamente para que las mujeres embarazadas&hellip;<\/p>\n","category_list":"","author_info":{"name":"","url":""},"comments_num":"0 comentarios","jetpack_sharing_enabled":true,"_links":{"self":[{"href":"https:\/\/elcomercioenlinea.com\/index.php\/wp-json\/wp\/v2\/product\/2083","targetHints":{"allow":["GET"]}}],"collection":[{"href":"https:\/\/elcomercioenlinea.com\/index.php\/wp-json\/wp\/v2\/product"}],"about":[{"href":"https:\/\/elcomercioenlinea.com\/index.php\/wp-json\/wp\/v2\/types\/product"}],"wp:featuredmedia":[{"embeddable":true,"href":"https:\/\/elcomercioenlinea.com\/index.php\/wp-json\/wp\/v2\/media\/2084"}],"wp:attachment":[{"href":"https:\/\/elcomercioenlinea.com\/index.php\/wp-json\/wp\/v2\/media?parent=2083"}],"wp:term":[{"taxonomy":"product_brand","embeddable":true,"href":"https:\/\/elcomercioenlinea.com\/index.php\/wp-json\/wp\/v2\/product_brand?post=2083"},{"taxonomy":"product_cat","embeddable":true,"href":"https:\/\/elcomercioenlinea.com\/index.php\/wp-json\/wp\/v2\/product_cat?post=2083"},{"taxonomy":"product_tag","embeddable":true,"href":"https:\/\/elcomercioenlinea.com\/index.php\/wp-json\/wp\/v2\/product_tag?post=2083"}],"curies":[{"name":"wp","href":"https:\/\/api.w.org\/{rel}","templated":true}]}}