{"id":2109,"date":"2024-07-03T14:08:58","date_gmt":"2024-07-03T19:08:58","guid":{"rendered":"https:\/\/elcomercioenlinea.com\/index.php\/producto\/protector-bucal\/"},"modified":"2024-07-03T14:11:49","modified_gmt":"2024-07-03T19:11:49","slug":"protector-bucal","status":"publish","type":"product","link":"https:\/\/elcomercioenlinea.com\/index.php\/producto\/protector-bucal\/","title":{"rendered":"PROTECTOR BUCAL"},"content":{"rendered":"<p>El protector bucal es un protector dental que evita que los golpes generen dolores y posteriores fracturan tambi\u00e9n se usa para cuidar los dientes de mordidas bruscas que comprometen la salud oral esta fabricado en silicona y viene en una caja para que se pueda desinfectar y transportar f\u00e1cil a cualquier parte Especificaciones Colores Negro Composici\u00f3n 100 silicona quir\u00fargica.<\/p>\n<p>Medidas producto 43 mm x 38 mm x 20 mm.<\/p>\n<p>Peso bruto 230 Gramos.<\/p>\n<p>Tama o empaque 73 mm x 23 mm x 56 mm.<\/p>\n<p>Tipo empaque Caja de PVC.<\/p>\n","protected":false},"excerpt":{"rendered":"<p>El protector bucal es un protector dental que evita que los golpes generen dolores y posteriores fracturan tambi\u00e9n se usa para cuidar los dientes de mordidas bruscas que comprometen la salud oral esta fabricado en silicona y viene en una caja para que se pueda desinfectar y transportar f\u00e1cil a cualquier parte Especificaciones Colores Negro [&hellip;]<\/p>\n","protected":false},"featured_media":2113,"template":"","meta":[],"product_brand":[],"product_cat":[101],"product_tag":[],"class_list":{"0":"post-2109","1":"product","2":"type-product","3":"status-publish","4":"has-post-thumbnail","6":"product_cat-deportivo","8":"first","9":"instock","10":"shipping-taxable","11":"purchasable","12":"product-type-simple"},"featured_image_urls":{"full":["https:\/\/elcomercioenlinea.com\/wp-content\/uploads\/2024\/07\/892669.png",300,300,false],"thumbnail":["https:\/\/elcomercioenlinea.com\/wp-content\/uploads\/2024\/07\/892669-150x150.png",150,150,true],"medium":["https:\/\/elcomercioenlinea.com\/wp-content\/uploads\/2024\/07\/892669.png",300,300,false],"medium_large":["https:\/\/elcomercioenlinea.com\/wp-content\/uploads\/2024\/07\/892669.png",300,300,false],"large":["https:\/\/elcomercioenlinea.com\/wp-content\/uploads\/2024\/07\/892669.png",300,300,false],"1536x1536":["https:\/\/elcomercioenlinea.com\/wp-content\/uploads\/2024\/07\/892669.png",300,300,false],"2048x2048":["https:\/\/elcomercioenlinea.com\/wp-content\/uploads\/2024\/07\/892669.png",300,300,false],"woocommerce_archive_thumbnail":["https:\/\/elcomercioenlinea.com\/wp-content\/uploads\/2024\/07\/892669.png",300,300,false],"woocommerce_thumbnail":["https:\/\/elcomercioenlinea.com\/wp-content\/uploads\/2024\/07\/892669.png",300,300,false],"woocommerce_single":["https:\/\/elcomercioenlinea.com\/wp-content\/uploads\/2024\/07\/892669.png",300,300,false],"woocommerce_gallery_thumbnail":["https:\/\/elcomercioenlinea.com\/wp-content\/uploads\/2024\/07\/892669-100x100.png",100,100,true]},"post_excerpt_stackable":"<p>El protector bucal es un protector dental que evita que los golpes generen dolores y posteriores fracturan tambi\u00e9n se usa para cuidar los dientes de mordidas bruscas que comprometen la salud oral esta fabricado en silicona y viene en una caja para que se pueda desinfectar y transportar f\u00e1cil a cualquier parte Especificaciones Colores Negro Composici\u00f3n 100 silicona quir\u00fargica. Medidas producto 43 mm x 38 mm x 20 mm. Peso bruto 230 Gramos. Tama o empaque 73 mm x 23 mm x 56 mm. Tipo empaque Caja de PVC.<\/p>\n","category_list":"","author_info":{"name":"","url":""},"comments_num":"0 comentarios","jetpack_sharing_enabled":true,"_links":{"self":[{"href":"https:\/\/elcomercioenlinea.com\/index.php\/wp-json\/wp\/v2\/product\/2109","targetHints":{"allow":["GET"]}}],"collection":[{"href":"https:\/\/elcomercioenlinea.com\/index.php\/wp-json\/wp\/v2\/product"}],"about":[{"href":"https:\/\/elcomercioenlinea.com\/index.php\/wp-json\/wp\/v2\/types\/product"}],"wp:featuredmedia":[{"embeddable":true,"href":"https:\/\/elcomercioenlinea.com\/index.php\/wp-json\/wp\/v2\/media\/2113"}],"wp:attachment":[{"href":"https:\/\/elcomercioenlinea.com\/index.php\/wp-json\/wp\/v2\/media?parent=2109"}],"wp:term":[{"taxonomy":"product_brand","embeddable":true,"href":"https:\/\/elcomercioenlinea.com\/index.php\/wp-json\/wp\/v2\/product_brand?post=2109"},{"taxonomy":"product_cat","embeddable":true,"href":"https:\/\/elcomercioenlinea.com\/index.php\/wp-json\/wp\/v2\/product_cat?post=2109"},{"taxonomy":"product_tag","embeddable":true,"href":"https:\/\/elcomercioenlinea.com\/index.php\/wp-json\/wp\/v2\/product_tag?post=2109"}],"curies":[{"name":"wp","href":"https:\/\/api.w.org\/{rel}","templated":true}]}}