{"id":2140,"date":"2024-07-03T14:40:35","date_gmt":"2024-07-03T19:40:35","guid":{"rendered":"https:\/\/elcomercioenlinea.com\/index.php\/producto\/parlante-ducha\/"},"modified":"2024-07-03T18:25:41","modified_gmt":"2024-07-03T23:25:41","slug":"parlante-ducha","status":"publish","type":"product","link":"https:\/\/elcomercioenlinea.com\/index.php\/producto\/parlante-ducha\/","title":{"rendered":"PARLANTE DUCHA"},"content":{"rendered":"<p>DESCRIPCI N Lleva tu m sica a la ducha con nuestro Parlante Inal\u00e1mbrico para Ducha Despierta tus sentidos y agrega diversion a tu rutina diaria de ba\u00f1o con este practico y elegante parlante Dise\u00f1ado especialmente para acompa\u00f1arte en tus momentos de relajaci\u00f3n y recreaci\u00f3n este parlante es resistente al agua y a salpicaduras lo que significa que no tienes que preocuparte por da arlo mientras estas en la ducha.<\/p>\n","protected":false},"excerpt":{"rendered":"<p>DESCRIPCI N Lleva tu m sica a la ducha con nuestro Parlante Inal\u00e1mbrico para Ducha Despierta tus sentidos y agrega diversion a tu rutina diaria de ba\u00f1o con este practico y elegante parlante Dise\u00f1ado especialmente para acompa\u00f1arte en tus momentos de relajaci\u00f3n y recreaci\u00f3n este parlante es resistente al agua y a salpicaduras lo que [&hellip;]<\/p>\n","protected":false},"featured_media":2141,"template":"","meta":[],"product_brand":[],"product_cat":[17],"product_tag":[],"class_list":{"0":"post-2140","1":"product","2":"type-product","3":"status-publish","4":"has-post-thumbnail","6":"product_cat-hogar","8":"first","9":"instock","10":"shipping-taxable","11":"purchasable","12":"product-type-simple"},"featured_image_urls":{"full":["https:\/\/elcomercioenlinea.com\/wp-content\/uploads\/2024\/07\/730355.png",473,500,false],"thumbnail":["https:\/\/elcomercioenlinea.com\/wp-content\/uploads\/2024\/07\/730355-150x150.png",150,150,true],"medium":["https:\/\/elcomercioenlinea.com\/wp-content\/uploads\/2024\/07\/730355-284x300.png",284,300,true],"medium_large":["https:\/\/elcomercioenlinea.com\/wp-content\/uploads\/2024\/07\/730355.png",473,500,false],"large":["https:\/\/elcomercioenlinea.com\/wp-content\/uploads\/2024\/07\/730355.png",473,500,false],"1536x1536":["https:\/\/elcomercioenlinea.com\/wp-content\/uploads\/2024\/07\/730355.png",473,500,false],"2048x2048":["https:\/\/elcomercioenlinea.com\/wp-content\/uploads\/2024\/07\/730355.png",473,500,false],"woocommerce_archive_thumbnail":["https:\/\/elcomercioenlinea.com\/wp-content\/uploads\/2024\/07\/730355-300x317.png",300,317,true],"woocommerce_thumbnail":["https:\/\/elcomercioenlinea.com\/wp-content\/uploads\/2024\/07\/730355-300x300.png",300,300,true],"woocommerce_single":["https:\/\/elcomercioenlinea.com\/wp-content\/uploads\/2024\/07\/730355.png",473,500,false],"woocommerce_gallery_thumbnail":["https:\/\/elcomercioenlinea.com\/wp-content\/uploads\/2024\/07\/730355-100x100.png",100,100,true]},"post_excerpt_stackable":"<p>DESCRIPCI N Lleva tu m sica a la ducha con nuestro Parlante Inal\u00e1mbrico para Ducha Despierta tus sentidos y agrega diversion a tu rutina diaria de ba\u00f1o con este practico y elegante parlante Dise\u00f1ado especialmente para acompa\u00f1arte en tus momentos de relajaci\u00f3n y recreaci\u00f3n este parlante es resistente al agua y a salpicaduras lo que significa que no tienes que preocuparte por da arlo mientras estas en la ducha.<\/p>\n","category_list":"","author_info":{"name":"","url":""},"comments_num":"0 comentarios","jetpack_sharing_enabled":true,"_links":{"self":[{"href":"https:\/\/elcomercioenlinea.com\/index.php\/wp-json\/wp\/v2\/product\/2140","targetHints":{"allow":["GET"]}}],"collection":[{"href":"https:\/\/elcomercioenlinea.com\/index.php\/wp-json\/wp\/v2\/product"}],"about":[{"href":"https:\/\/elcomercioenlinea.com\/index.php\/wp-json\/wp\/v2\/types\/product"}],"wp:featuredmedia":[{"embeddable":true,"href":"https:\/\/elcomercioenlinea.com\/index.php\/wp-json\/wp\/v2\/media\/2141"}],"wp:attachment":[{"href":"https:\/\/elcomercioenlinea.com\/index.php\/wp-json\/wp\/v2\/media?parent=2140"}],"wp:term":[{"taxonomy":"product_brand","embeddable":true,"href":"https:\/\/elcomercioenlinea.com\/index.php\/wp-json\/wp\/v2\/product_brand?post=2140"},{"taxonomy":"product_cat","embeddable":true,"href":"https:\/\/elcomercioenlinea.com\/index.php\/wp-json\/wp\/v2\/product_cat?post=2140"},{"taxonomy":"product_tag","embeddable":true,"href":"https:\/\/elcomercioenlinea.com\/index.php\/wp-json\/wp\/v2\/product_tag?post=2140"}],"curies":[{"name":"wp","href":"https:\/\/api.w.org\/{rel}","templated":true}]}}