{"id":2189,"date":"2024-07-03T19:20:41","date_gmt":"2024-07-04T00:20:41","guid":{"rendered":"https:\/\/elcomercioenlinea.com\/index.php\/producto\/poste-rascador-para-gatos\/"},"modified":"2024-07-03T19:23:19","modified_gmt":"2024-07-04T00:23:19","slug":"poste-rascador-para-gatos","status":"publish","type":"product","link":"https:\/\/elcomercioenlinea.com\/index.php\/producto\/poste-rascador-para-gatos\/","title":{"rendered":"Poste Rascador Para Gatos"},"content":{"rendered":"<p>Este poste rascador para gatos con rascador y una bola de felpa revestido muy duradero para gatos que muerden y rascan El fondo grande ponderado proporciona el m\u00e1ximo para garantizar su tiempo de juego Dise\u00f1ado para satisfacer a los gatos que rascan la naturaleza y evitar que los gatitos da en los muebles de manera efectiva Proporcione la di versi\u00f3n sin fin de sus gatos mientras juega con l y haga que su relaci\u00f3n con su amigo mascota sea m s cercana El dise\u00f1o de bola de pelo estilo poste para mascotas reduce el aburrimiento y la ansiedad de sus gatos y limpia pule sus dientes al masticarlos.<\/p>\n","protected":false},"excerpt":{"rendered":"<p>Este poste rascador para gatos con rascador y una bola de felpa revestido muy duradero para gatos que muerden y rascan El fondo grande ponderado proporciona el m\u00e1ximo para garantizar su tiempo de juego Dise\u00f1ado para satisfacer a los gatos que rascan la naturaleza y evitar que los gatitos da en los muebles de manera [&hellip;]<\/p>\n","protected":false},"featured_media":2190,"template":"","meta":[],"product_brand":[],"product_cat":[24],"product_tag":[],"class_list":{"0":"post-2189","1":"product","2":"type-product","3":"status-publish","4":"has-post-thumbnail","6":"product_cat-mascotas","8":"first","9":"instock","10":"sale","11":"shipping-taxable","12":"purchasable","13":"product-type-simple"},"featured_image_urls":{"full":["https:\/\/elcomercioenlinea.com\/wp-content\/uploads\/2024\/07\/132756.png",800,800,false],"thumbnail":["https:\/\/elcomercioenlinea.com\/wp-content\/uploads\/2024\/07\/132756-150x150.png",150,150,true],"medium":["https:\/\/elcomercioenlinea.com\/wp-content\/uploads\/2024\/07\/132756-300x300.png",300,300,true],"medium_large":["https:\/\/elcomercioenlinea.com\/wp-content\/uploads\/2024\/07\/132756-768x768.png",768,768,true],"large":["https:\/\/elcomercioenlinea.com\/wp-content\/uploads\/2024\/07\/132756.png",800,800,false],"1536x1536":["https:\/\/elcomercioenlinea.com\/wp-content\/uploads\/2024\/07\/132756.png",800,800,false],"2048x2048":["https:\/\/elcomercioenlinea.com\/wp-content\/uploads\/2024\/07\/132756.png",800,800,false],"woocommerce_archive_thumbnail":["https:\/\/elcomercioenlinea.com\/wp-content\/uploads\/2024\/07\/132756-300x300.png",300,300,true],"woocommerce_thumbnail":["https:\/\/elcomercioenlinea.com\/wp-content\/uploads\/2024\/07\/132756-300x300.png",300,300,true],"woocommerce_single":["https:\/\/elcomercioenlinea.com\/wp-content\/uploads\/2024\/07\/132756-600x600.png",600,600,true],"woocommerce_gallery_thumbnail":["https:\/\/elcomercioenlinea.com\/wp-content\/uploads\/2024\/07\/132756-100x100.png",100,100,true]},"post_excerpt_stackable":"<p>Este poste rascador para gatos con rascador y una bola de felpa revestido muy duradero para gatos que muerden y rascan El fondo grande ponderado proporciona el m\u00e1ximo para garantizar su tiempo de juego Dise\u00f1ado para satisfacer a los gatos que rascan la naturaleza y evitar que los gatitos da en los muebles de manera efectiva Proporcione la di versi\u00f3n sin fin de sus gatos mientras juega con l y haga que su relaci\u00f3n con su amigo mascota sea m s cercana El dise\u00f1o de bola de pelo estilo poste para mascotas reduce el aburrimiento y la ansiedad de sus&hellip;<\/p>\n","category_list":"","author_info":{"name":"","url":""},"comments_num":"0 comentarios","jetpack_sharing_enabled":true,"_links":{"self":[{"href":"https:\/\/elcomercioenlinea.com\/index.php\/wp-json\/wp\/v2\/product\/2189","targetHints":{"allow":["GET"]}}],"collection":[{"href":"https:\/\/elcomercioenlinea.com\/index.php\/wp-json\/wp\/v2\/product"}],"about":[{"href":"https:\/\/elcomercioenlinea.com\/index.php\/wp-json\/wp\/v2\/types\/product"}],"wp:featuredmedia":[{"embeddable":true,"href":"https:\/\/elcomercioenlinea.com\/index.php\/wp-json\/wp\/v2\/media\/2190"}],"wp:attachment":[{"href":"https:\/\/elcomercioenlinea.com\/index.php\/wp-json\/wp\/v2\/media?parent=2189"}],"wp:term":[{"taxonomy":"product_brand","embeddable":true,"href":"https:\/\/elcomercioenlinea.com\/index.php\/wp-json\/wp\/v2\/product_brand?post=2189"},{"taxonomy":"product_cat","embeddable":true,"href":"https:\/\/elcomercioenlinea.com\/index.php\/wp-json\/wp\/v2\/product_cat?post=2189"},{"taxonomy":"product_tag","embeddable":true,"href":"https:\/\/elcomercioenlinea.com\/index.php\/wp-json\/wp\/v2\/product_tag?post=2189"}],"curies":[{"name":"wp","href":"https:\/\/api.w.org\/{rel}","templated":true}]}}