{"id":2203,"date":"2024-07-03T19:40:35","date_gmt":"2024-07-04T00:40:35","guid":{"rendered":"https:\/\/elcomercioenlinea.com\/index.php\/producto\/parasol-de-auto-proteccion-de-parabrisas\/"},"modified":"2024-07-03T19:43:41","modified_gmt":"2024-07-04T00:43:41","slug":"parasol-de-auto-proteccion-de-parabrisas","status":"publish","type":"product","link":"https:\/\/elcomercioenlinea.com\/index.php\/producto\/parasol-de-auto-proteccion-de-parabrisas\/","title":{"rendered":"Parasol De Auto Protecci\u00f3n De Parabrisas"},"content":{"rendered":"<p>Protege el interior del coche de los rayos UV La sombrilla bloquea eficazmente los da\u00f1inos rayos UV evitando da os en el interior de su autom\u00f3vil.<\/p>\n<p>F\u00e1cil de instalar y quitar La cubierta se puede instalar y quitar f\u00e1cilmente sin herramientas por lo que es conveniente para el uso diario Se adapta a la mayor a de los modelos de coches La cubierta de la sombrilla esta dise\u00f1ada para adaptarse a la mayor a de los modelos de autom\u00f3viles por lo que es un accesorio vers\u00e1til para cualquier conductor.<\/p>\n","protected":false},"excerpt":{"rendered":"<p>Protege el interior del coche de los rayos UV La sombrilla bloquea eficazmente los da\u00f1inos rayos UV evitando da os en el interior de su autom\u00f3vil. F\u00e1cil de instalar y quitar La cubierta se puede instalar y quitar f\u00e1cilmente sin herramientas por lo que es conveniente para el uso diario Se adapta a la mayor [&hellip;]<\/p>\n","protected":false},"featured_media":2204,"template":"","meta":[],"product_brand":[],"product_cat":[19],"product_tag":[],"class_list":{"0":"post-2203","1":"product","2":"type-product","3":"status-publish","4":"has-post-thumbnail","6":"product_cat-vehiculos","8":"first","9":"instock","10":"shipping-taxable","11":"purchasable","12":"product-type-simple"},"featured_image_urls":{"full":["https:\/\/elcomercioenlinea.com\/wp-content\/uploads\/2024\/07\/718313.png",1000,1000,false],"thumbnail":["https:\/\/elcomercioenlinea.com\/wp-content\/uploads\/2024\/07\/718313-150x150.png",150,150,true],"medium":["https:\/\/elcomercioenlinea.com\/wp-content\/uploads\/2024\/07\/718313-300x300.png",300,300,true],"medium_large":["https:\/\/elcomercioenlinea.com\/wp-content\/uploads\/2024\/07\/718313-768x768.png",768,768,true],"large":["https:\/\/elcomercioenlinea.com\/wp-content\/uploads\/2024\/07\/718313.png",1000,1000,false],"1536x1536":["https:\/\/elcomercioenlinea.com\/wp-content\/uploads\/2024\/07\/718313.png",1000,1000,false],"2048x2048":["https:\/\/elcomercioenlinea.com\/wp-content\/uploads\/2024\/07\/718313.png",1000,1000,false],"woocommerce_archive_thumbnail":["https:\/\/elcomercioenlinea.com\/wp-content\/uploads\/2024\/07\/718313-300x300.png",300,300,true],"woocommerce_thumbnail":["https:\/\/elcomercioenlinea.com\/wp-content\/uploads\/2024\/07\/718313-300x300.png",300,300,true],"woocommerce_single":["https:\/\/elcomercioenlinea.com\/wp-content\/uploads\/2024\/07\/718313-600x600.png",600,600,true],"woocommerce_gallery_thumbnail":["https:\/\/elcomercioenlinea.com\/wp-content\/uploads\/2024\/07\/718313-100x100.png",100,100,true]},"post_excerpt_stackable":"<p>Protege el interior del coche de los rayos UV La sombrilla bloquea eficazmente los da\u00f1inos rayos UV evitando da os en el interior de su autom\u00f3vil. F\u00e1cil de instalar y quitar La cubierta se puede instalar y quitar f\u00e1cilmente sin herramientas por lo que es conveniente para el uso diario Se adapta a la mayor a de los modelos de coches La cubierta de la sombrilla esta dise\u00f1ada para adaptarse a la mayor a de los modelos de autom\u00f3viles por lo que es un accesorio vers\u00e1til para cualquier conductor.<\/p>\n","category_list":"","author_info":{"name":"","url":""},"comments_num":"0 comentarios","jetpack_sharing_enabled":true,"_links":{"self":[{"href":"https:\/\/elcomercioenlinea.com\/index.php\/wp-json\/wp\/v2\/product\/2203","targetHints":{"allow":["GET"]}}],"collection":[{"href":"https:\/\/elcomercioenlinea.com\/index.php\/wp-json\/wp\/v2\/product"}],"about":[{"href":"https:\/\/elcomercioenlinea.com\/index.php\/wp-json\/wp\/v2\/types\/product"}],"wp:featuredmedia":[{"embeddable":true,"href":"https:\/\/elcomercioenlinea.com\/index.php\/wp-json\/wp\/v2\/media\/2204"}],"wp:attachment":[{"href":"https:\/\/elcomercioenlinea.com\/index.php\/wp-json\/wp\/v2\/media?parent=2203"}],"wp:term":[{"taxonomy":"product_brand","embeddable":true,"href":"https:\/\/elcomercioenlinea.com\/index.php\/wp-json\/wp\/v2\/product_brand?post=2203"},{"taxonomy":"product_cat","embeddable":true,"href":"https:\/\/elcomercioenlinea.com\/index.php\/wp-json\/wp\/v2\/product_cat?post=2203"},{"taxonomy":"product_tag","embeddable":true,"href":"https:\/\/elcomercioenlinea.com\/index.php\/wp-json\/wp\/v2\/product_tag?post=2203"}],"curies":[{"name":"wp","href":"https:\/\/api.w.org\/{rel}","templated":true}]}}