{"id":2227,"date":"2024-07-03T20:04:15","date_gmt":"2024-07-04T01:04:15","guid":{"rendered":"https:\/\/elcomercioenlinea.com\/index.php\/producto\/gramera-digital\/"},"modified":"2024-07-03T20:07:48","modified_gmt":"2024-07-04T01:07:48","slug":"gramera-digital","status":"publish","type":"product","link":"https:\/\/elcomercioenlinea.com\/index.php\/producto\/gramera-digital\/","title":{"rendered":"GRAMERA DIGITAL"},"content":{"rendered":"<p>Ya sea que necesites calcular las porciones de los alimentos que desees consumir o pesar los ingredientes para preparar la receta perfecta esta balanza\u00a0 te resultar sumamente util y facilitar todos tus quehaceres de la cocina Ideal para ti.<\/p>\n<p>Su sistema digital se destaca por su precisi\u00f3n ya que brinda valores de gran exactitud con un m\u00ednimo margen de error Practicidad en tu cocina.<\/p>\n<p>Gracias a la funci\u00f3n Tara la balanza gramera calcular el peso del recipiente que utilizar s y luego volver a 0 para que comiences a pesar los ingredientes Cada vez que necesites incorporar uno nuevo no ser necesario cambiar de contenedor ya que esta opci\u00f3n reanudar la cuenta en cada paso de tu receta Precision y confiabilidad<\/p>\n","protected":false},"excerpt":{"rendered":"<p>Ya sea que necesites calcular las porciones de los alimentos que desees consumir o pesar los ingredientes para preparar la receta perfecta esta balanza\u00a0 te resultar sumamente util y facilitar todos tus quehaceres de la cocina Ideal para ti. Su sistema digital se destaca por su precisi\u00f3n ya que brinda valores de gran exactitud con [&hellip;]<\/p>\n","protected":false},"featured_media":2228,"template":"","meta":[],"product_brand":[],"product_cat":[100,25],"product_tag":[],"class_list":{"0":"post-2227","1":"product","2":"type-product","3":"status-publish","4":"has-post-thumbnail","6":"product_cat-bienestar","7":"product_cat-cocina","9":"first","10":"instock","11":"shipping-taxable","12":"purchasable","13":"product-type-simple"},"featured_image_urls":{"full":["https:\/\/elcomercioenlinea.com\/wp-content\/uploads\/2024\/07\/57438.png",1250,1250,false],"thumbnail":["https:\/\/elcomercioenlinea.com\/wp-content\/uploads\/2024\/07\/57438-150x150.png",150,150,true],"medium":["https:\/\/elcomercioenlinea.com\/wp-content\/uploads\/2024\/07\/57438-300x300.png",300,300,true],"medium_large":["https:\/\/elcomercioenlinea.com\/wp-content\/uploads\/2024\/07\/57438-768x768.png",768,768,true],"large":["https:\/\/elcomercioenlinea.com\/wp-content\/uploads\/2024\/07\/57438-1024x1024.png",1024,1024,true],"1536x1536":["https:\/\/elcomercioenlinea.com\/wp-content\/uploads\/2024\/07\/57438.png",1250,1250,false],"2048x2048":["https:\/\/elcomercioenlinea.com\/wp-content\/uploads\/2024\/07\/57438.png",1250,1250,false],"woocommerce_archive_thumbnail":["https:\/\/elcomercioenlinea.com\/wp-content\/uploads\/2024\/07\/57438-300x300.png",300,300,true],"woocommerce_thumbnail":["https:\/\/elcomercioenlinea.com\/wp-content\/uploads\/2024\/07\/57438-300x300.png",300,300,true],"woocommerce_single":["https:\/\/elcomercioenlinea.com\/wp-content\/uploads\/2024\/07\/57438-600x600.png",600,600,true],"woocommerce_gallery_thumbnail":["https:\/\/elcomercioenlinea.com\/wp-content\/uploads\/2024\/07\/57438-100x100.png",100,100,true]},"post_excerpt_stackable":"<p>Ya sea que necesites calcular las porciones de los alimentos que desees consumir o pesar los ingredientes para preparar la receta perfecta esta balanza\u00a0 te resultar sumamente util y facilitar todos tus quehaceres de la cocina Ideal para ti. Su sistema digital se destaca por su precisi\u00f3n ya que brinda valores de gran exactitud con un m\u00ednimo margen de error Practicidad en tu cocina. Gracias a la funci\u00f3n Tara la balanza gramera calcular el peso del recipiente que utilizar s y luego volver a 0 para que comiences a pesar los ingredientes Cada vez que necesites incorporar uno nuevo no&hellip;<\/p>\n","category_list":"","author_info":{"name":"","url":""},"comments_num":"0 comentarios","jetpack_sharing_enabled":true,"_links":{"self":[{"href":"https:\/\/elcomercioenlinea.com\/index.php\/wp-json\/wp\/v2\/product\/2227","targetHints":{"allow":["GET"]}}],"collection":[{"href":"https:\/\/elcomercioenlinea.com\/index.php\/wp-json\/wp\/v2\/product"}],"about":[{"href":"https:\/\/elcomercioenlinea.com\/index.php\/wp-json\/wp\/v2\/types\/product"}],"wp:featuredmedia":[{"embeddable":true,"href":"https:\/\/elcomercioenlinea.com\/index.php\/wp-json\/wp\/v2\/media\/2228"}],"wp:attachment":[{"href":"https:\/\/elcomercioenlinea.com\/index.php\/wp-json\/wp\/v2\/media?parent=2227"}],"wp:term":[{"taxonomy":"product_brand","embeddable":true,"href":"https:\/\/elcomercioenlinea.com\/index.php\/wp-json\/wp\/v2\/product_brand?post=2227"},{"taxonomy":"product_cat","embeddable":true,"href":"https:\/\/elcomercioenlinea.com\/index.php\/wp-json\/wp\/v2\/product_cat?post=2227"},{"taxonomy":"product_tag","embeddable":true,"href":"https:\/\/elcomercioenlinea.com\/index.php\/wp-json\/wp\/v2\/product_tag?post=2227"}],"curies":[{"name":"wp","href":"https:\/\/api.w.org\/{rel}","templated":true}]}}