{"id":2256,"date":"2024-07-06T11:29:09","date_gmt":"2024-07-06T16:29:09","guid":{"rendered":"https:\/\/elcomercioenlinea.com\/index.php\/producto\/limpiador-espatula-ultrasonido\/"},"modified":"2024-07-06T11:30:52","modified_gmt":"2024-07-06T16:30:52","slug":"limpiador-espatula-ultrasonido","status":"publish","type":"product","link":"https:\/\/elcomercioenlinea.com\/index.php\/producto\/limpiador-espatula-ultrasonido\/","title":{"rendered":"Limpiador Esp\u00e1tula Ultrasonido"},"content":{"rendered":"<h4>Limpiador Esp\u00e1tula Ultrasonido Facial Removedor Depurador<\/p>\n<p>ESPECIFICACIONES<\/p>\n<p>Tipo:<br \/>\n&#8211; Exfoliante para la piel<br \/>\n&#8211; Sistema de acci\u00f3n: Ultras\u00f3nico<br \/>\n&#8211; N\u00famero de Modelo: 8815<\/p>\n<p>CARACTER\u00cdSTICAS<br \/>\nLimpieza profunda, Exfoliantes, Rejuvenecimiento de la piel, levantamiento facial<\/p>\n<p>Material:<br \/>\n&#8211; ABS, DE ACERO INOXIDABLE, ABS y acero inoxidable, ABS + acero inoxidable<br \/>\n&#8211; A prueba de agua: No<br \/>\n&#8211; Tiempo de carga 3 horas<\/p>\n<p>Funci\u00f3n:<br \/>\nEliminar las espinillas y remover impurezas de la piel<br \/>\nSobre el depurador de piel ultras\u00f3nico<br \/>\nVibraci\u00f3n r\u00e1pida 24000 Hz\/s, elimina la suciedad de la piel y mejora la capacidad de regeneraci\u00f3n de las c\u00e9lulas de la piel<br \/>\n3 modos opcionales: modo pelar, modo nutritivo y modo i\u00f3nico, devuelve la piel suave<br \/>\nSuperfino y port\u00e1til, limpia tu piel facial incluso en viajes de negocios<br \/>\nPala de acero inoxidable, elimina la piel muerta o seca de forma eficiente, presenta un cutis claro<br \/>\nCarga USB e inducci\u00f3n inal\u00e1mbrica, carga f\u00e1cil por ordenador, Banco de energ\u00eda o cargadores de tel\u00e9fono<\/h4>\n<h4>\n\u00a1\u00a1\u00a1POLITICAS DE GARANTIA!!!<\/h4>\n<h4>Las garant\u00edas ser\u00e1n validadas por defectos de f\u00e1brica o mal funcionamiento de los equipos despachados.<\/h4>\n<h4>\u00bfTu producto tiene alguna novedad que debamos reportar? Una vez que recibas tus productos, cuentas con un m\u00e1ximo de 3 d\u00edas para reportar a soporte: piezas faltantes, rotos, desperfectos y\/o cualquier novedad que se detecte en producto que se considere importante.<\/h4>\n<h4>\u00bfNo era lo que esperabas? Finalmente, recibido el producto, aplicamos una ley de retracto durante 3 d\u00edas a partir del d\u00eda de la recepci\u00f3n, para la posible devoluci\u00f3n, te en cuenta que el producto debe estar en excelentes condiciones, tal como se recibi\u00f3, sin piezas o accesorios faltantes, debidamente sellado y no manipulado. Sin rayones, manchas, rotos o imperfectos. Se anular\u00e1 autom\u00e1ticamente el derecho de devoluci\u00f3n a todos los productos que incumplan con lo antes expuesto.<\/h4>\n<h4>\u00bfTu producto presenta fallas? Bajo las condiciones de uso adecuado, si el producto presenta alguna falla, cuentas con un m\u00e1ximo de 30 d\u00edas de garant\u00eda por mal funcionamiento o defectos de fabricaci\u00f3n que NO est\u00e9n relacionados al mal uso y\/o implementaci\u00f3n de dicho producto. Para hacer efectiva la devoluci\u00f3n, el producto debe entregarse debidamente protegido, cuidando de que se entregue en su empaque original, as\u00ed como tambi\u00e9n incluir accesorios, documentos y dem\u00e1s implementos que acompa\u00f1en al producto. Una vez recibido el producto bajo el soporte t\u00e9cnico, se estiman unos 5 d\u00edas h\u00e1biles para hacer efectiva la devoluci\u00f3n del mismo.<\/h4>\n","protected":false},"excerpt":{"rendered":"<p>Limpiador Esp\u00e1tula Ultrasonido Facial Removedor Depurador ESPECIFICACIONES Tipo: &#8211; Exfoliante para la piel &#8211; Sistema de acci\u00f3n: Ultras\u00f3nico &#8211; N\u00famero de Modelo: 8815 CARACTER\u00cdSTICAS Limpieza profunda, Exfoliantes, Rejuvenecimiento de la piel, levantamiento facial Material: &#8211; ABS, DE ACERO INOXIDABLE, ABS y acero inoxidable, ABS + acero inoxidable &#8211; A prueba de agua: No &#8211; Tiempo [&hellip;]<\/p>\n","protected":false},"featured_media":2257,"template":"","meta":[],"product_brand":[],"product_cat":[102],"product_tag":[],"class_list":{"0":"post-2256","1":"product","2":"type-product","3":"status-publish","4":"has-post-thumbnail","6":"product_cat-belleza","8":"first","9":"instock","10":"shipping-taxable","11":"purchasable","12":"product-type-simple"},"featured_image_urls":{"full":["https:\/\/elcomercioenlinea.com\/wp-content\/uploads\/2024\/07\/699555.png",500,408,false],"thumbnail":["https:\/\/elcomercioenlinea.com\/wp-content\/uploads\/2024\/07\/699555-150x150.png",150,150,true],"medium":["https:\/\/elcomercioenlinea.com\/wp-content\/uploads\/2024\/07\/699555-300x245.png",300,245,true],"medium_large":["https:\/\/elcomercioenlinea.com\/wp-content\/uploads\/2024\/07\/699555.png",500,408,false],"large":["https:\/\/elcomercioenlinea.com\/wp-content\/uploads\/2024\/07\/699555.png",500,408,false],"1536x1536":["https:\/\/elcomercioenlinea.com\/wp-content\/uploads\/2024\/07\/699555.png",500,408,false],"2048x2048":["https:\/\/elcomercioenlinea.com\/wp-content\/uploads\/2024\/07\/699555.png",500,408,false],"woocommerce_archive_thumbnail":["https:\/\/elcomercioenlinea.com\/wp-content\/uploads\/2024\/07\/699555-300x245.png",300,245,true],"woocommerce_thumbnail":["https:\/\/elcomercioenlinea.com\/wp-content\/uploads\/2024\/07\/699555-300x300.png",300,300,true],"woocommerce_single":["https:\/\/elcomercioenlinea.com\/wp-content\/uploads\/2024\/07\/699555.png",500,408,false],"woocommerce_gallery_thumbnail":["https:\/\/elcomercioenlinea.com\/wp-content\/uploads\/2024\/07\/699555-100x100.png",100,100,true]},"post_excerpt_stackable":"<p>Limpiador Esp\u00e1tula Ultrasonido Facial Removedor Depurador ESPECIFICACIONES Tipo: &#8211; Exfoliante para la piel &#8211; Sistema de acci\u00f3n: Ultras\u00f3nico &#8211; N\u00famero de Modelo: 8815 CARACTER\u00cdSTICAS Limpieza profunda, Exfoliantes, Rejuvenecimiento de la piel, levantamiento facial Material: &#8211; ABS, DE ACERO INOXIDABLE, ABS y acero inoxidable, ABS + acero inoxidable &#8211; A prueba de agua: No &#8211; Tiempo de carga 3 horas Funci\u00f3n: Eliminar las espinillas y remover impurezas de la piel Sobre el depurador de piel ultras\u00f3nico Vibraci\u00f3n r\u00e1pida 24000 Hz\/s, elimina la suciedad de la piel y mejora la capacidad de regeneraci\u00f3n de las c\u00e9lulas de la piel 3 modos opcionales:&hellip;<\/p>\n","category_list":"","author_info":{"name":"","url":""},"comments_num":"0 comentarios","jetpack_sharing_enabled":true,"_links":{"self":[{"href":"https:\/\/elcomercioenlinea.com\/index.php\/wp-json\/wp\/v2\/product\/2256","targetHints":{"allow":["GET"]}}],"collection":[{"href":"https:\/\/elcomercioenlinea.com\/index.php\/wp-json\/wp\/v2\/product"}],"about":[{"href":"https:\/\/elcomercioenlinea.com\/index.php\/wp-json\/wp\/v2\/types\/product"}],"wp:featuredmedia":[{"embeddable":true,"href":"https:\/\/elcomercioenlinea.com\/index.php\/wp-json\/wp\/v2\/media\/2257"}],"wp:attachment":[{"href":"https:\/\/elcomercioenlinea.com\/index.php\/wp-json\/wp\/v2\/media?parent=2256"}],"wp:term":[{"taxonomy":"product_brand","embeddable":true,"href":"https:\/\/elcomercioenlinea.com\/index.php\/wp-json\/wp\/v2\/product_brand?post=2256"},{"taxonomy":"product_cat","embeddable":true,"href":"https:\/\/elcomercioenlinea.com\/index.php\/wp-json\/wp\/v2\/product_cat?post=2256"},{"taxonomy":"product_tag","embeddable":true,"href":"https:\/\/elcomercioenlinea.com\/index.php\/wp-json\/wp\/v2\/product_tag?post=2256"}],"curies":[{"name":"wp","href":"https:\/\/api.w.org\/{rel}","templated":true}]}}