{"id":2259,"date":"2024-07-06T11:32:18","date_gmt":"2024-07-06T16:32:18","guid":{"rendered":"https:\/\/elcomercioenlinea.com\/index.php\/producto\/espatula-silicona-set-x-2\/"},"modified":"2024-07-06T11:34:04","modified_gmt":"2024-07-06T16:34:04","slug":"espatula-silicona-set-x-2","status":"publish","type":"product","link":"https:\/\/elcomercioenlinea.com\/index.php\/producto\/espatula-silicona-set-x-2\/","title":{"rendered":"Esp\u00e1tula silicona Set x 2"},"content":{"rendered":"<p>*****Somos VIBENTO tienda especializada en art\u00edculos para el hogar y toda la familia****<\/p>\n<p>&nbsp;<\/p>\n<p>Set de esp\u00e1tulas LOVE IS ALL YOU NEED<\/p>\n<p>Material: Silicona 100% grado alimenticio y madera de alta calidad<\/p>\n<p>El material de alta calidad con el que est\u00e1 elaborado este set de esp\u00e1tulas, permite que sean f\u00e1cil de lavar, resistentes y duraderas<\/p>\n<p>El material de silicona hace que sea resistente al calor, incluso en temperaturas tan altas como 230 grados centigrados<\/p>\n<p>Excelente combinaci\u00f3n entre suavidad y resistencia, a la hora de utilizarlas en todas tus preparaciones<\/p>\n<p>\u00a1Set de esp\u00e1tulas con hermoso dise\u00f1o, que no solo har\u00e1 m\u00e1s divertido la elaboraci\u00f3n de tus platillos favoritos, sino que tambi\u00e9n adornaran tu cocina!<\/p>\n<p>Material resistente a altas temperaturas y \u00fatil para varios tipos de alimentos<\/p>\n<p>El paquete incluye: &#8211; 2 esp\u00e1tulas (1 blanca + 1 rosada)<\/p>\n<p>Garant\u00eda: Solo por defectos de fabrica, para retractos y devoluciones, se debe devolver tal cual se recibe, en su empaque original (empaque original debe estar en perfecto estado), sin ser utilizado. Se debe retornar en un plazo no mayor a 3 d\u00edas despu\u00e9s de la fecha de haber sido recibido.<\/p>\n<p>&nbsp;<\/p>\n","protected":false},"excerpt":{"rendered":"<p>*****Somos VIBENTO tienda especializada en art\u00edculos para el hogar y toda la familia**** &nbsp; Set de esp\u00e1tulas LOVE IS ALL YOU NEED Material: Silicona 100% grado alimenticio y madera de alta calidad El material de alta calidad con el que est\u00e1 elaborado este set de esp\u00e1tulas, permite que sean f\u00e1cil de lavar, resistentes y duraderas [&hellip;]<\/p>\n","protected":false},"featured_media":2260,"template":"","meta":[],"product_brand":[],"product_cat":[25],"product_tag":[],"class_list":{"0":"post-2259","1":"product","2":"type-product","3":"status-publish","4":"has-post-thumbnail","6":"product_cat-cocina","8":"first","9":"instock","10":"shipping-taxable","11":"purchasable","12":"product-type-simple"},"featured_image_urls":{"full":["https:\/\/elcomercioenlinea.com\/wp-content\/uploads\/2024\/07\/281971.png",1080,1080,false],"thumbnail":["https:\/\/elcomercioenlinea.com\/wp-content\/uploads\/2024\/07\/281971-150x150.png",150,150,true],"medium":["https:\/\/elcomercioenlinea.com\/wp-content\/uploads\/2024\/07\/281971-300x300.png",300,300,true],"medium_large":["https:\/\/elcomercioenlinea.com\/wp-content\/uploads\/2024\/07\/281971-768x768.png",768,768,true],"large":["https:\/\/elcomercioenlinea.com\/wp-content\/uploads\/2024\/07\/281971-1024x1024.png",1024,1024,true],"1536x1536":["https:\/\/elcomercioenlinea.com\/wp-content\/uploads\/2024\/07\/281971.png",1080,1080,false],"2048x2048":["https:\/\/elcomercioenlinea.com\/wp-content\/uploads\/2024\/07\/281971.png",1080,1080,false],"woocommerce_archive_thumbnail":["https:\/\/elcomercioenlinea.com\/wp-content\/uploads\/2024\/07\/281971-300x300.png",300,300,true],"woocommerce_thumbnail":["https:\/\/elcomercioenlinea.com\/wp-content\/uploads\/2024\/07\/281971-300x300.png",300,300,true],"woocommerce_single":["https:\/\/elcomercioenlinea.com\/wp-content\/uploads\/2024\/07\/281971-600x600.png",600,600,true],"woocommerce_gallery_thumbnail":["https:\/\/elcomercioenlinea.com\/wp-content\/uploads\/2024\/07\/281971-100x100.png",100,100,true]},"post_excerpt_stackable":"<p>*****Somos VIBENTO tienda especializada en art\u00edculos para el hogar y toda la familia**** &nbsp; Set de esp\u00e1tulas LOVE IS ALL YOU NEED Material: Silicona 100% grado alimenticio y madera de alta calidad El material de alta calidad con el que est\u00e1 elaborado este set de esp\u00e1tulas, permite que sean f\u00e1cil de lavar, resistentes y duraderas El material de silicona hace que sea resistente al calor, incluso en temperaturas tan altas como 230 grados centigrados Excelente combinaci\u00f3n entre suavidad y resistencia, a la hora de utilizarlas en todas tus preparaciones \u00a1Set de esp\u00e1tulas con hermoso dise\u00f1o, que no solo har\u00e1 m\u00e1s&hellip;<\/p>\n","category_list":"","author_info":{"name":"","url":""},"comments_num":"0 comentarios","jetpack_sharing_enabled":true,"_links":{"self":[{"href":"https:\/\/elcomercioenlinea.com\/index.php\/wp-json\/wp\/v2\/product\/2259","targetHints":{"allow":["GET"]}}],"collection":[{"href":"https:\/\/elcomercioenlinea.com\/index.php\/wp-json\/wp\/v2\/product"}],"about":[{"href":"https:\/\/elcomercioenlinea.com\/index.php\/wp-json\/wp\/v2\/types\/product"}],"wp:featuredmedia":[{"embeddable":true,"href":"https:\/\/elcomercioenlinea.com\/index.php\/wp-json\/wp\/v2\/media\/2260"}],"wp:attachment":[{"href":"https:\/\/elcomercioenlinea.com\/index.php\/wp-json\/wp\/v2\/media?parent=2259"}],"wp:term":[{"taxonomy":"product_brand","embeddable":true,"href":"https:\/\/elcomercioenlinea.com\/index.php\/wp-json\/wp\/v2\/product_brand?post=2259"},{"taxonomy":"product_cat","embeddable":true,"href":"https:\/\/elcomercioenlinea.com\/index.php\/wp-json\/wp\/v2\/product_cat?post=2259"},{"taxonomy":"product_tag","embeddable":true,"href":"https:\/\/elcomercioenlinea.com\/index.php\/wp-json\/wp\/v2\/product_tag?post=2259"}],"curies":[{"name":"wp","href":"https:\/\/api.w.org\/{rel}","templated":true}]}}