{"id":2300,"date":"2024-07-06T14:11:48","date_gmt":"2024-07-06T19:11:48","guid":{"rendered":"https:\/\/elcomercioenlinea.com\/index.php\/producto\/audifonos-diadema-sony-450\/"},"modified":"2024-07-06T14:14:11","modified_gmt":"2024-07-06T19:14:11","slug":"audifonos-diadema-sony-450","status":"publish","type":"product","link":"https:\/\/elcomercioenlinea.com\/index.php\/producto\/audifonos-diadema-sony-450\/","title":{"rendered":"Aud\u00edfonos Diadema Sony 450"},"content":{"rendered":"<p>\u00abControl de respuesta de ritmo para unos graves intensos: La tecnolog\u00eda de control de respuesta de ritmo te proporciona una respuesta de graves profundos y de gran calidad, lo que la convierte en perfecta para los estilos de m\u00fasica que se centran en los graves. Una salida de aire maximiza el flujo de aire dentro del rango de baja frecuencia, optimizando la eficacia del diafragma para permitir una reproducci\u00f3n m\u00e1s precisa de los ritmos graves.<\/p>\n<p>Especificaciones T\u00e9cnicas El control de respuesta de ritmo crea graves enriquecidos Estructura plegable giratoria para escuchar mientras te desplazas Cable fijo de dos caras con mando de tel\u00e9fono Android para realizar llamadas en modo manos libres La carcasa de aluminio aumenta la durabilidad y el estilo Almohadillas acolchadas para una comodidad prolongada Unidad de diafragma: 30 mm (tipo c\u00fapula) Respuesta en frecuencia: 5\u201322.000<\/p>\n<p>Hz Longitud del cable: Aprox. 1,2 m\u00bb<\/p>\n<p>Trae micr\u00f3fono incluido<\/p>\n","protected":false},"excerpt":{"rendered":"<p>\u00abControl de respuesta de ritmo para unos graves intensos: La tecnolog\u00eda de control de respuesta de ritmo te proporciona una respuesta de graves profundos y de gran calidad, lo que la convierte en perfecta para los estilos de m\u00fasica que se centran en los graves. Una salida de aire maximiza el flujo de aire dentro [&hellip;]<\/p>\n","protected":false},"featured_media":2301,"template":"","meta":[],"product_brand":[],"product_cat":[18],"product_tag":[],"class_list":{"0":"post-2300","1":"product","2":"type-product","3":"status-publish","4":"has-post-thumbnail","6":"product_cat-tecnologia","8":"first","9":"instock","10":"shipping-taxable","11":"purchasable","12":"product-type-simple"},"featured_image_urls":{"full":["https:\/\/elcomercioenlinea.com\/wp-content\/uploads\/2024\/07\/264820.png",1000,1000,false],"thumbnail":["https:\/\/elcomercioenlinea.com\/wp-content\/uploads\/2024\/07\/264820-150x150.png",150,150,true],"medium":["https:\/\/elcomercioenlinea.com\/wp-content\/uploads\/2024\/07\/264820-300x300.png",300,300,true],"medium_large":["https:\/\/elcomercioenlinea.com\/wp-content\/uploads\/2024\/07\/264820-768x768.png",768,768,true],"large":["https:\/\/elcomercioenlinea.com\/wp-content\/uploads\/2024\/07\/264820.png",1000,1000,false],"1536x1536":["https:\/\/elcomercioenlinea.com\/wp-content\/uploads\/2024\/07\/264820.png",1000,1000,false],"2048x2048":["https:\/\/elcomercioenlinea.com\/wp-content\/uploads\/2024\/07\/264820.png",1000,1000,false],"woocommerce_archive_thumbnail":["https:\/\/elcomercioenlinea.com\/wp-content\/uploads\/2024\/07\/264820-300x300.png",300,300,true],"woocommerce_thumbnail":["https:\/\/elcomercioenlinea.com\/wp-content\/uploads\/2024\/07\/264820-300x300.png",300,300,true],"woocommerce_single":["https:\/\/elcomercioenlinea.com\/wp-content\/uploads\/2024\/07\/264820-600x600.png",600,600,true],"woocommerce_gallery_thumbnail":["https:\/\/elcomercioenlinea.com\/wp-content\/uploads\/2024\/07\/264820-100x100.png",100,100,true]},"post_excerpt_stackable":"<p>\u00abControl de respuesta de ritmo para unos graves intensos: La tecnolog\u00eda de control de respuesta de ritmo te proporciona una respuesta de graves profundos y de gran calidad, lo que la convierte en perfecta para los estilos de m\u00fasica que se centran en los graves. Una salida de aire maximiza el flujo de aire dentro del rango de baja frecuencia, optimizando la eficacia del diafragma para permitir una reproducci\u00f3n m\u00e1s precisa de los ritmos graves. Especificaciones T\u00e9cnicas El control de respuesta de ritmo crea graves enriquecidos Estructura plegable giratoria para escuchar mientras te desplazas Cable fijo de dos caras con&hellip;<\/p>\n","category_list":"","author_info":{"name":"","url":""},"comments_num":"0 comentarios","jetpack_sharing_enabled":true,"_links":{"self":[{"href":"https:\/\/elcomercioenlinea.com\/index.php\/wp-json\/wp\/v2\/product\/2300","targetHints":{"allow":["GET"]}}],"collection":[{"href":"https:\/\/elcomercioenlinea.com\/index.php\/wp-json\/wp\/v2\/product"}],"about":[{"href":"https:\/\/elcomercioenlinea.com\/index.php\/wp-json\/wp\/v2\/types\/product"}],"wp:featuredmedia":[{"embeddable":true,"href":"https:\/\/elcomercioenlinea.com\/index.php\/wp-json\/wp\/v2\/media\/2301"}],"wp:attachment":[{"href":"https:\/\/elcomercioenlinea.com\/index.php\/wp-json\/wp\/v2\/media?parent=2300"}],"wp:term":[{"taxonomy":"product_brand","embeddable":true,"href":"https:\/\/elcomercioenlinea.com\/index.php\/wp-json\/wp\/v2\/product_brand?post=2300"},{"taxonomy":"product_cat","embeddable":true,"href":"https:\/\/elcomercioenlinea.com\/index.php\/wp-json\/wp\/v2\/product_cat?post=2300"},{"taxonomy":"product_tag","embeddable":true,"href":"https:\/\/elcomercioenlinea.com\/index.php\/wp-json\/wp\/v2\/product_tag?post=2300"}],"curies":[{"name":"wp","href":"https:\/\/api.w.org\/{rel}","templated":true}]}}