{"id":2315,"date":"2024-07-06T14:56:53","date_gmt":"2024-07-06T19:56:53","guid":{"rendered":"https:\/\/elcomercioenlinea.com\/index.php\/producto\/tabla-cesta-para-picar-plegable-3-en-1\/"},"modified":"2024-07-06T15:00:37","modified_gmt":"2024-07-06T20:00:37","slug":"tabla-cesta-para-picar-plegable-3-en-1","status":"publish","type":"product","link":"https:\/\/elcomercioenlinea.com\/index.php\/producto\/tabla-cesta-para-picar-plegable-3-en-1\/","title":{"rendered":"Tabla Cesta Para Picar Plegable 3 En 1"},"content":{"rendered":"<p>Multifunci\u00f3n 3 en 1: tabla de cortar, cesta de drenaje de verduras, cesta de almacenamiento. Dispositivo de cocina todo en uno, se puede utilizar para lavar verduras\/frutas\/platos como un plato plegable, para cortar como una tabla de cortar, para guardar bebidas glaseadas, verduras y frutas como cesta de almacenamiento.<\/p>\n<p>\u00datil para el hogar o al aire libre: el utensilio de cocina funcional 3 en 1 ofrece una gran comodidad y mejora la eficiencia para el trabajo de cocina, las asas ergon\u00f3micas contorneadas para un f\u00e1cil movimiento, las caracter\u00edsticas port\u00e1tiles son adecuadas para viajar, acampar, senderismo, barbacoas, perfectas para glasear bebidas, lavar platos, cortar verduras y carnes.<\/p>\n<p>F\u00e1cil de usar: presiona el centro con una mano y mant\u00e9n el marco con la otra mano, abre el plato y empieza a lavar y drenar con el tap\u00f3n integrado. Los soportes antideslizantes especiales se pueden colocar en cualquier lugar incluso en superficies lisas.<\/p>\n<p>CARACTER\u00cdSTICAS<\/p>\n<p>\u2022 Hecha de material premium de grado alimenticio<br \/>\n\u2022 Libre de BPA<br \/>\n\u2022 duradero y flexible<br \/>\n\u2022 F\u00e1cil de usar<br \/>\n\u2022 La cesta viene con un escurridor de tap\u00f3n integrado<br \/>\n\u2022 Simplemente gira para drenar el agua<br \/>\n\u2022 Los soportes antideslizantes ofrecen el agarre que se puede colocar en cualquier lugar incluso en superficies lisas.<br \/>\n\u2022 Se utiliza y se pliega para ahorrar espacio.<\/p>\n<p>&nbsp;<\/p>\n<p>&nbsp;<\/p>\n","protected":false},"excerpt":{"rendered":"<p>Multifunci\u00f3n 3 en 1: tabla de cortar, cesta de drenaje de verduras, cesta de almacenamiento. Dispositivo de cocina todo en uno, se puede utilizar para lavar verduras\/frutas\/platos como un plato plegable, para cortar como una tabla de cortar, para guardar bebidas glaseadas, verduras y frutas como cesta de almacenamiento. \u00datil para el hogar o al [&hellip;]<\/p>\n","protected":false},"featured_media":2317,"template":"","meta":[],"product_brand":[],"product_cat":[25],"product_tag":[],"class_list":{"0":"post-2315","1":"product","2":"type-product","3":"status-publish","4":"has-post-thumbnail","6":"product_cat-cocina","8":"first","9":"instock","10":"shipping-taxable","11":"purchasable","12":"product-type-simple"},"featured_image_urls":{"full":["https:\/\/elcomercioenlinea.com\/wp-content\/uploads\/2024\/07\/550777.png",446,500,false],"thumbnail":["https:\/\/elcomercioenlinea.com\/wp-content\/uploads\/2024\/07\/550777-150x150.png",150,150,true],"medium":["https:\/\/elcomercioenlinea.com\/wp-content\/uploads\/2024\/07\/550777-268x300.png",268,300,true],"medium_large":["https:\/\/elcomercioenlinea.com\/wp-content\/uploads\/2024\/07\/550777.png",446,500,false],"large":["https:\/\/elcomercioenlinea.com\/wp-content\/uploads\/2024\/07\/550777.png",446,500,false],"1536x1536":["https:\/\/elcomercioenlinea.com\/wp-content\/uploads\/2024\/07\/550777.png",446,500,false],"2048x2048":["https:\/\/elcomercioenlinea.com\/wp-content\/uploads\/2024\/07\/550777.png",446,500,false],"woocommerce_archive_thumbnail":["https:\/\/elcomercioenlinea.com\/wp-content\/uploads\/2024\/07\/550777-300x336.png",300,336,true],"woocommerce_thumbnail":["https:\/\/elcomercioenlinea.com\/wp-content\/uploads\/2024\/07\/550777-300x300.png",300,300,true],"woocommerce_single":["https:\/\/elcomercioenlinea.com\/wp-content\/uploads\/2024\/07\/550777.png",446,500,false],"woocommerce_gallery_thumbnail":["https:\/\/elcomercioenlinea.com\/wp-content\/uploads\/2024\/07\/550777-100x100.png",100,100,true]},"post_excerpt_stackable":"<p>Multifunci\u00f3n 3 en 1: tabla de cortar, cesta de drenaje de verduras, cesta de almacenamiento. Dispositivo de cocina todo en uno, se puede utilizar para lavar verduras\/frutas\/platos como un plato plegable, para cortar como una tabla de cortar, para guardar bebidas glaseadas, verduras y frutas como cesta de almacenamiento. \u00datil para el hogar o al aire libre: el utensilio de cocina funcional 3 en 1 ofrece una gran comodidad y mejora la eficiencia para el trabajo de cocina, las asas ergon\u00f3micas contorneadas para un f\u00e1cil movimiento, las caracter\u00edsticas port\u00e1tiles son adecuadas para viajar, acampar, senderismo, barbacoas, perfectas para glasear bebidas,&hellip;<\/p>\n","category_list":"","author_info":{"name":"","url":""},"comments_num":"0 comentarios","jetpack_sharing_enabled":true,"_links":{"self":[{"href":"https:\/\/elcomercioenlinea.com\/index.php\/wp-json\/wp\/v2\/product\/2315","targetHints":{"allow":["GET"]}}],"collection":[{"href":"https:\/\/elcomercioenlinea.com\/index.php\/wp-json\/wp\/v2\/product"}],"about":[{"href":"https:\/\/elcomercioenlinea.com\/index.php\/wp-json\/wp\/v2\/types\/product"}],"wp:featuredmedia":[{"embeddable":true,"href":"https:\/\/elcomercioenlinea.com\/index.php\/wp-json\/wp\/v2\/media\/2317"}],"wp:attachment":[{"href":"https:\/\/elcomercioenlinea.com\/index.php\/wp-json\/wp\/v2\/media?parent=2315"}],"wp:term":[{"taxonomy":"product_brand","embeddable":true,"href":"https:\/\/elcomercioenlinea.com\/index.php\/wp-json\/wp\/v2\/product_brand?post=2315"},{"taxonomy":"product_cat","embeddable":true,"href":"https:\/\/elcomercioenlinea.com\/index.php\/wp-json\/wp\/v2\/product_cat?post=2315"},{"taxonomy":"product_tag","embeddable":true,"href":"https:\/\/elcomercioenlinea.com\/index.php\/wp-json\/wp\/v2\/product_tag?post=2315"}],"curies":[{"name":"wp","href":"https:\/\/api.w.org\/{rel}","templated":true}]}}