{"id":2330,"date":"2024-07-07T15:05:47","date_gmt":"2024-07-07T20:05:47","guid":{"rendered":"https:\/\/elcomercioenlinea.com\/index.php\/producto\/bombillo-solar\/"},"modified":"2024-07-18T13:43:17","modified_gmt":"2024-07-18T18:43:17","slug":"bombillo-solar","status":"publish","type":"product","link":"https:\/\/elcomercioenlinea.com\/index.php\/producto\/bombillo-solar\/","title":{"rendered":"BOMBILLO SOLAR"},"content":{"rendered":"<p>bombilla LED que funciona con energ\u00eda solar, chips LED superbrillantes de 130 l\u00famenes, ideal para leer por la noche, acampar, pescar y otros usos en interiores y exteriores. El panel solar convertir\u00e1 la energ\u00eda solar en energ\u00eda el\u00e9ctrica y la almacenar\u00e1 en la bater\u00eda. El panel solar se carga durante el d\u00eda bajo la luz solar y enciende autom\u00e1ticamente la l\u00e1mpara por la noche, lo que es respetuoso con el medio ambiente y ahorra energ\u00eda. Dise\u00f1ado con un anillo colgante para facilitar la iluminaci\u00f3n. Fabricado con material de primera calidad, resistente al agua y duradero, adecuado para d\u00edas de lluvia y viento. Compacto y port\u00e1til, c\u00f3modo de llevar al exterior. Especificaciones: Tama\u00f1o del panel solar: 11,5 x 7 cm Potencia del panel solar: 1 W Capacidad de la bater\u00eda: 800 mAh Fuente de luz: SMD2835 N\u00famero de perlas: 12 Voltaje: 3,6 V Potencia nominal: 1,2 W Flujo luminoso: 110 lm Tiempo de trabajo: 6-8 h Vida \u00fatil: 50000 H Tasa de impermeabilidad: IP20 Material: pl\u00e1stico Color: blanco Peso del paquete: 150 g\/5,3 oz Tama\u00f1o del art\u00edculo: 17* 7,6* 5 cm\/6,7* 3* 2 pulgadas Peso del paquete: 12,5* 7,5* 7 paquetes 4,9* 3* 2,8 pulgadas Lista de: l\u00e1mpara, 1 panel solar LED recargable<\/p>\n<p>&nbsp;<\/p>\n","protected":false},"excerpt":{"rendered":"<p>bombilla LED que funciona con energ\u00eda solar, chips LED superbrillantes de 130 l\u00famenes, ideal para leer por la noche, acampar, pescar y otros usos en interiores y exteriores. El panel solar convertir\u00e1 la energ\u00eda solar en energ\u00eda el\u00e9ctrica y la almacenar\u00e1 en la bater\u00eda. El panel solar se carga durante el d\u00eda bajo la luz [&hellip;]<\/p>\n","protected":false},"featured_media":2332,"template":"","meta":[],"product_brand":[],"product_cat":[18],"product_tag":[],"class_list":{"0":"post-2330","1":"product","2":"type-product","3":"status-publish","4":"has-post-thumbnail","6":"product_cat-tecnologia","8":"first","9":"instock","10":"sale","11":"shipping-taxable","12":"purchasable","13":"product-type-simple"},"featured_image_urls":{"full":["https:\/\/elcomercioenlinea.com\/wp-content\/uploads\/2024\/07\/663936.png",435,482,false],"thumbnail":["https:\/\/elcomercioenlinea.com\/wp-content\/uploads\/2024\/07\/663936-150x150.png",150,150,true],"medium":["https:\/\/elcomercioenlinea.com\/wp-content\/uploads\/2024\/07\/663936-271x300.png",271,300,true],"medium_large":["https:\/\/elcomercioenlinea.com\/wp-content\/uploads\/2024\/07\/663936.png",435,482,false],"large":["https:\/\/elcomercioenlinea.com\/wp-content\/uploads\/2024\/07\/663936.png",435,482,false],"1536x1536":["https:\/\/elcomercioenlinea.com\/wp-content\/uploads\/2024\/07\/663936.png",435,482,false],"2048x2048":["https:\/\/elcomercioenlinea.com\/wp-content\/uploads\/2024\/07\/663936.png",435,482,false],"woocommerce_archive_thumbnail":["https:\/\/elcomercioenlinea.com\/wp-content\/uploads\/2024\/07\/663936-300x332.png",300,332,true],"woocommerce_thumbnail":["https:\/\/elcomercioenlinea.com\/wp-content\/uploads\/2024\/07\/663936-300x300.png",300,300,true],"woocommerce_single":["https:\/\/elcomercioenlinea.com\/wp-content\/uploads\/2024\/07\/663936.png",435,482,false],"woocommerce_gallery_thumbnail":["https:\/\/elcomercioenlinea.com\/wp-content\/uploads\/2024\/07\/663936-100x100.png",100,100,true]},"post_excerpt_stackable":"<p>bombilla LED que funciona con energ\u00eda solar, chips LED superbrillantes de 130 l\u00famenes, ideal para leer por la noche, acampar, pescar y otros usos en interiores y exteriores. El panel solar convertir\u00e1 la energ\u00eda solar en energ\u00eda el\u00e9ctrica y la almacenar\u00e1 en la bater\u00eda. El panel solar se carga durante el d\u00eda bajo la luz solar y enciende autom\u00e1ticamente la l\u00e1mpara por la noche, lo que es respetuoso con el medio ambiente y ahorra energ\u00eda. Dise\u00f1ado con un anillo colgante para facilitar la iluminaci\u00f3n. Fabricado con material de primera calidad, resistente al agua y duradero, adecuado para d\u00edas de lluvia&hellip;<\/p>\n","category_list":"","author_info":{"name":"","url":""},"comments_num":"0 comentarios","jetpack_sharing_enabled":true,"_links":{"self":[{"href":"https:\/\/elcomercioenlinea.com\/index.php\/wp-json\/wp\/v2\/product\/2330","targetHints":{"allow":["GET"]}}],"collection":[{"href":"https:\/\/elcomercioenlinea.com\/index.php\/wp-json\/wp\/v2\/product"}],"about":[{"href":"https:\/\/elcomercioenlinea.com\/index.php\/wp-json\/wp\/v2\/types\/product"}],"wp:featuredmedia":[{"embeddable":true,"href":"https:\/\/elcomercioenlinea.com\/index.php\/wp-json\/wp\/v2\/media\/2332"}],"wp:attachment":[{"href":"https:\/\/elcomercioenlinea.com\/index.php\/wp-json\/wp\/v2\/media?parent=2330"}],"wp:term":[{"taxonomy":"product_brand","embeddable":true,"href":"https:\/\/elcomercioenlinea.com\/index.php\/wp-json\/wp\/v2\/product_brand?post=2330"},{"taxonomy":"product_cat","embeddable":true,"href":"https:\/\/elcomercioenlinea.com\/index.php\/wp-json\/wp\/v2\/product_cat?post=2330"},{"taxonomy":"product_tag","embeddable":true,"href":"https:\/\/elcomercioenlinea.com\/index.php\/wp-json\/wp\/v2\/product_tag?post=2330"}],"curies":[{"name":"wp","href":"https:\/\/api.w.org\/{rel}","templated":true}]}}