{"id":2345,"date":"2024-07-07T15:32:31","date_gmt":"2024-07-07T20:32:31","guid":{"rendered":"https:\/\/elcomercioenlinea.com\/index.php\/producto\/set-x3-balsamos-labiales-korean-style\/"},"modified":"2024-07-07T15:34:08","modified_gmt":"2024-07-07T20:34:08","slug":"set-x3-balsamos-labiales-korean-style","status":"publish","type":"product","link":"https:\/\/elcomercioenlinea.com\/index.php\/producto\/set-x3-balsamos-labiales-korean-style\/","title":{"rendered":"SET X3 B\u00c1LSAMOS LABIALES KOREAN STYLE"},"content":{"rendered":"<h2>Atr\u00e9vete a lucir LABIOS PERFECTOS con nuestro set de LABIALES KOREAN STYLE<\/h2>\n<p>&nbsp;<\/p>\n<h2>-\u00a1Mant\u00e9n tus labios frescos e hidratados! Contiene agentes que humectan<\/h2>\n<h2>-B\u00e1lsamo \u00fanico que nutre y mejora el aspecto de las l\u00edneas en los labios.<\/h2>\n<h3>-Aportan un tono rojizo natural a tus labios<\/h3>\n<h3>IDEALES para el USO DIARIO<\/h3>\n<p>&nbsp;<\/p>\n<h2>\u2b50<strong>ESPECIFICACIONES<\/strong>\u2b50<\/h2>\n<p>\u2705 Cada paquete incluye 3 b\u00e1lsamos en diferentes tonos.<\/p>\n<p>\u2705Hecho con ingredientes naturales:\u00a0vaselina, aceite mineral, palmitato de etilo, etc.<\/p>\n","protected":false},"excerpt":{"rendered":"<p>Atr\u00e9vete a lucir LABIOS PERFECTOS con nuestro set de LABIALES KOREAN STYLE &nbsp; -\u00a1Mant\u00e9n tus labios frescos e hidratados! Contiene agentes que humectan -B\u00e1lsamo \u00fanico que nutre y mejora el aspecto de las l\u00edneas en los labios. -Aportan un tono rojizo natural a tus labios IDEALES para el USO DIARIO &nbsp; \u2b50ESPECIFICACIONES\u2b50 \u2705 Cada paquete [&hellip;]<\/p>\n","protected":false},"featured_media":2349,"template":"","meta":[],"product_brand":[],"product_cat":[102],"product_tag":[],"class_list":{"0":"post-2345","1":"product","2":"type-product","3":"status-publish","4":"has-post-thumbnail","6":"product_cat-belleza","8":"first","9":"instock","10":"shipping-taxable","11":"purchasable","12":"product-type-simple"},"featured_image_urls":{"full":["https:\/\/elcomercioenlinea.com\/wp-content\/uploads\/2024\/07\/510553.png",425,425,false],"thumbnail":["https:\/\/elcomercioenlinea.com\/wp-content\/uploads\/2024\/07\/510553-150x150.png",150,150,true],"medium":["https:\/\/elcomercioenlinea.com\/wp-content\/uploads\/2024\/07\/510553-300x300.png",300,300,true],"medium_large":["https:\/\/elcomercioenlinea.com\/wp-content\/uploads\/2024\/07\/510553.png",425,425,false],"large":["https:\/\/elcomercioenlinea.com\/wp-content\/uploads\/2024\/07\/510553.png",425,425,false],"1536x1536":["https:\/\/elcomercioenlinea.com\/wp-content\/uploads\/2024\/07\/510553.png",425,425,false],"2048x2048":["https:\/\/elcomercioenlinea.com\/wp-content\/uploads\/2024\/07\/510553.png",425,425,false],"woocommerce_archive_thumbnail":["https:\/\/elcomercioenlinea.com\/wp-content\/uploads\/2024\/07\/510553-300x300.png",300,300,true],"woocommerce_thumbnail":["https:\/\/elcomercioenlinea.com\/wp-content\/uploads\/2024\/07\/510553-300x300.png",300,300,true],"woocommerce_single":["https:\/\/elcomercioenlinea.com\/wp-content\/uploads\/2024\/07\/510553.png",425,425,false],"woocommerce_gallery_thumbnail":["https:\/\/elcomercioenlinea.com\/wp-content\/uploads\/2024\/07\/510553-100x100.png",100,100,true]},"post_excerpt_stackable":"<p>Atr\u00e9vete a lucir LABIOS PERFECTOS con nuestro set de LABIALES KOREAN STYLE &nbsp; -\u00a1Mant\u00e9n tus labios frescos e hidratados! Contiene agentes que humectan -B\u00e1lsamo \u00fanico que nutre y mejora el aspecto de las l\u00edneas en los labios. -Aportan un tono rojizo natural a tus labios IDEALES para el USO DIARIO &nbsp; \u2b50ESPECIFICACIONES\u2b50 \u2705 Cada paquete incluye 3 b\u00e1lsamos en diferentes tonos. \u2705Hecho con ingredientes naturales:\u00a0vaselina, aceite mineral, palmitato de etilo, etc.<\/p>\n","category_list":"","author_info":{"name":"","url":""},"comments_num":"0 comentarios","jetpack_sharing_enabled":true,"_links":{"self":[{"href":"https:\/\/elcomercioenlinea.com\/index.php\/wp-json\/wp\/v2\/product\/2345","targetHints":{"allow":["GET"]}}],"collection":[{"href":"https:\/\/elcomercioenlinea.com\/index.php\/wp-json\/wp\/v2\/product"}],"about":[{"href":"https:\/\/elcomercioenlinea.com\/index.php\/wp-json\/wp\/v2\/types\/product"}],"wp:featuredmedia":[{"embeddable":true,"href":"https:\/\/elcomercioenlinea.com\/index.php\/wp-json\/wp\/v2\/media\/2349"}],"wp:attachment":[{"href":"https:\/\/elcomercioenlinea.com\/index.php\/wp-json\/wp\/v2\/media?parent=2345"}],"wp:term":[{"taxonomy":"product_brand","embeddable":true,"href":"https:\/\/elcomercioenlinea.com\/index.php\/wp-json\/wp\/v2\/product_brand?post=2345"},{"taxonomy":"product_cat","embeddable":true,"href":"https:\/\/elcomercioenlinea.com\/index.php\/wp-json\/wp\/v2\/product_cat?post=2345"},{"taxonomy":"product_tag","embeddable":true,"href":"https:\/\/elcomercioenlinea.com\/index.php\/wp-json\/wp\/v2\/product_tag?post=2345"}],"curies":[{"name":"wp","href":"https:\/\/api.w.org\/{rel}","templated":true}]}}