{"id":2351,"date":"2024-07-07T15:37:36","date_gmt":"2024-07-07T20:37:36","guid":{"rendered":"https:\/\/elcomercioenlinea.com\/index.php\/producto\/533926-mascarilla-de-carbon-de-bambu-par\/"},"modified":"2024-07-07T15:40:40","modified_gmt":"2024-07-07T20:40:40","slug":"533926-mascarilla-de-carbon-de-bambu-par","status":"publish","type":"product","link":"https:\/\/elcomercioenlinea.com\/index.php\/producto\/533926-mascarilla-de-carbon-de-bambu-par\/","title":{"rendered":"MASCARILLA DE CARB\u00d3N DE BAMB\u00da PAR"},"content":{"rendered":"<p>-Beneficios.<\/p>\n<p>-Reduce poros.<\/p>\n<p>-Reduce el acn\u00e9.<\/p>\n<p>-Tensa la piel.<\/p>\n<p>-Hidrata.<\/p>\n<p>-Controla la grasa.<\/p>\n<p>-Eficaz para retirar puntos negros.<\/p>\n<p>&nbsp;<\/p>\n<p>Modo de uso:<\/p>\n<p>Limpie y seque bien el rostro, luego apl\u00edque una capa uniforme y d\u00e9jela secar de 20 a 30 minutos.<\/p>\n<p>Luego ret\u00edrela cuidadosamente.<\/p>\n<p>&nbsp;<\/p>\n","protected":false},"excerpt":{"rendered":"<p>-Beneficios. -Reduce poros. -Reduce el acn\u00e9. -Tensa la piel. -Hidrata. -Controla la grasa. -Eficaz para retirar puntos negros. &nbsp; Modo de uso: Limpie y seque bien el rostro, luego apl\u00edque una capa uniforme y d\u00e9jela secar de 20 a 30 minutos. Luego ret\u00edrela cuidadosamente. &nbsp;<\/p>\n","protected":false},"featured_media":2352,"template":"","meta":[],"product_brand":[],"product_cat":[102],"product_tag":[],"class_list":{"0":"post-2351","1":"product","2":"type-product","3":"status-publish","4":"has-post-thumbnail","6":"product_cat-belleza","8":"first","9":"instock","10":"shipping-taxable","11":"purchasable","12":"product-type-simple"},"featured_image_urls":{"full":["https:\/\/elcomercioenlinea.com\/wp-content\/uploads\/2024\/07\/529397.png",1280,1280,false],"thumbnail":["https:\/\/elcomercioenlinea.com\/wp-content\/uploads\/2024\/07\/529397-150x150.png",150,150,true],"medium":["https:\/\/elcomercioenlinea.com\/wp-content\/uploads\/2024\/07\/529397-300x300.png",300,300,true],"medium_large":["https:\/\/elcomercioenlinea.com\/wp-content\/uploads\/2024\/07\/529397-768x768.png",768,768,true],"large":["https:\/\/elcomercioenlinea.com\/wp-content\/uploads\/2024\/07\/529397-1024x1024.png",1024,1024,true],"1536x1536":["https:\/\/elcomercioenlinea.com\/wp-content\/uploads\/2024\/07\/529397.png",1280,1280,false],"2048x2048":["https:\/\/elcomercioenlinea.com\/wp-content\/uploads\/2024\/07\/529397.png",1280,1280,false],"woocommerce_archive_thumbnail":["https:\/\/elcomercioenlinea.com\/wp-content\/uploads\/2024\/07\/529397-300x300.png",300,300,true],"woocommerce_thumbnail":["https:\/\/elcomercioenlinea.com\/wp-content\/uploads\/2024\/07\/529397-300x300.png",300,300,true],"woocommerce_single":["https:\/\/elcomercioenlinea.com\/wp-content\/uploads\/2024\/07\/529397-600x600.png",600,600,true],"woocommerce_gallery_thumbnail":["https:\/\/elcomercioenlinea.com\/wp-content\/uploads\/2024\/07\/529397-100x100.png",100,100,true]},"post_excerpt_stackable":"<p>-Beneficios. -Reduce poros. -Reduce el acn\u00e9. -Tensa la piel. -Hidrata. -Controla la grasa. -Eficaz para retirar puntos negros. &nbsp; Modo de uso: Limpie y seque bien el rostro, luego apl\u00edque una capa uniforme y d\u00e9jela secar de 20 a 30 minutos. Luego ret\u00edrela cuidadosamente. &nbsp;<\/p>\n","category_list":"","author_info":{"name":"","url":""},"comments_num":"0 comentarios","jetpack_sharing_enabled":true,"_links":{"self":[{"href":"https:\/\/elcomercioenlinea.com\/index.php\/wp-json\/wp\/v2\/product\/2351","targetHints":{"allow":["GET"]}}],"collection":[{"href":"https:\/\/elcomercioenlinea.com\/index.php\/wp-json\/wp\/v2\/product"}],"about":[{"href":"https:\/\/elcomercioenlinea.com\/index.php\/wp-json\/wp\/v2\/types\/product"}],"wp:featuredmedia":[{"embeddable":true,"href":"https:\/\/elcomercioenlinea.com\/index.php\/wp-json\/wp\/v2\/media\/2352"}],"wp:attachment":[{"href":"https:\/\/elcomercioenlinea.com\/index.php\/wp-json\/wp\/v2\/media?parent=2351"}],"wp:term":[{"taxonomy":"product_brand","embeddable":true,"href":"https:\/\/elcomercioenlinea.com\/index.php\/wp-json\/wp\/v2\/product_brand?post=2351"},{"taxonomy":"product_cat","embeddable":true,"href":"https:\/\/elcomercioenlinea.com\/index.php\/wp-json\/wp\/v2\/product_cat?post=2351"},{"taxonomy":"product_tag","embeddable":true,"href":"https:\/\/elcomercioenlinea.com\/index.php\/wp-json\/wp\/v2\/product_tag?post=2351"}],"curies":[{"name":"wp","href":"https:\/\/api.w.org\/{rel}","templated":true}]}}