{"id":2360,"date":"2024-07-07T15:55:07","date_gmt":"2024-07-07T20:55:07","guid":{"rendered":"https:\/\/elcomercioenlinea.com\/index.php\/producto\/agarradera-en-silicona-para-cocina-x-2\/"},"modified":"2024-07-07T16:05:18","modified_gmt":"2024-07-07T21:05:18","slug":"agarradera-en-silicona-para-cocina-x-2","status":"publish","type":"product","link":"https:\/\/elcomercioenlinea.com\/index.php\/producto\/agarradera-en-silicona-para-cocina-x-2\/","title":{"rendered":"Agarradera en silicona para cocina x 2"},"content":{"rendered":"<p>Descripci\u00f3n<\/p>\n<p>Ahora ser\u00e1 mucho mas practico y c\u00f3modo al momento de coger alg\u00fan utensilio de la cocina, su material en silicona te ayudara a proteger tus manos del calor para una f\u00e1cil manipulaci\u00f3n de los utensilios.<\/p>\n<p><strong>Color sujetos a disponibilidad<\/strong><\/p>\n<p><strong>Incluye 2 unidades<\/strong><\/p>\n<p>Ficha T\u00e9cnica<\/p>\n<p>Resistente al calor<\/p>\n<p>Material: Silicona<\/p>\n<p>Antideslizante<\/p>\n<p>Dimensiones: 9cm x 11cm aproximadamente<\/p>\n<p>T\u00e9rminos de garant\u00eda<\/p>\n<p>Cuentas con 5 d\u00edas de garant\u00eda por funcionamiento y\/o da\u00f1os del producto que no est\u00e9n relacionados a su mal uso.<\/p>\n<p>Para hacer efectiva la devoluci\u00f3n, el producto debe entregarse debidamente protegido cuidando el estado del empaque original, incluir todos los documentos y\/o manuales (si aplica) y las partes completas.<\/p>\n<p>&nbsp;<\/p>\n","protected":false},"excerpt":{"rendered":"<p>Descripci\u00f3n Ahora ser\u00e1 mucho mas practico y c\u00f3modo al momento de coger alg\u00fan utensilio de la cocina, su material en silicona te ayudara a proteger tus manos del calor para una f\u00e1cil manipulaci\u00f3n de los utensilios. Color sujetos a disponibilidad Incluye 2 unidades Ficha T\u00e9cnica Resistente al calor Material: Silicona Antideslizante Dimensiones: 9cm x 11cm [&hellip;]<\/p>\n","protected":false},"featured_media":2361,"template":"","meta":[],"product_brand":[],"product_cat":[25],"product_tag":[],"class_list":{"0":"post-2360","1":"product","2":"type-product","3":"status-publish","4":"has-post-thumbnail","6":"product_cat-cocina","8":"first","9":"instock","10":"shipping-taxable","11":"purchasable","12":"product-type-simple"},"featured_image_urls":{"full":["https:\/\/elcomercioenlinea.com\/wp-content\/uploads\/2024\/07\/97437.png",1024,1024,false],"thumbnail":["https:\/\/elcomercioenlinea.com\/wp-content\/uploads\/2024\/07\/97437-150x150.png",150,150,true],"medium":["https:\/\/elcomercioenlinea.com\/wp-content\/uploads\/2024\/07\/97437-300x300.png",300,300,true],"medium_large":["https:\/\/elcomercioenlinea.com\/wp-content\/uploads\/2024\/07\/97437-768x768.png",768,768,true],"large":["https:\/\/elcomercioenlinea.com\/wp-content\/uploads\/2024\/07\/97437.png",1024,1024,false],"1536x1536":["https:\/\/elcomercioenlinea.com\/wp-content\/uploads\/2024\/07\/97437.png",1024,1024,false],"2048x2048":["https:\/\/elcomercioenlinea.com\/wp-content\/uploads\/2024\/07\/97437.png",1024,1024,false],"woocommerce_archive_thumbnail":["https:\/\/elcomercioenlinea.com\/wp-content\/uploads\/2024\/07\/97437-300x300.png",300,300,true],"woocommerce_thumbnail":["https:\/\/elcomercioenlinea.com\/wp-content\/uploads\/2024\/07\/97437-300x300.png",300,300,true],"woocommerce_single":["https:\/\/elcomercioenlinea.com\/wp-content\/uploads\/2024\/07\/97437-600x600.png",600,600,true],"woocommerce_gallery_thumbnail":["https:\/\/elcomercioenlinea.com\/wp-content\/uploads\/2024\/07\/97437-100x100.png",100,100,true]},"post_excerpt_stackable":"<p>Descripci\u00f3n Ahora ser\u00e1 mucho mas practico y c\u00f3modo al momento de coger alg\u00fan utensilio de la cocina, su material en silicona te ayudara a proteger tus manos del calor para una f\u00e1cil manipulaci\u00f3n de los utensilios. Color sujetos a disponibilidad Incluye 2 unidades Ficha T\u00e9cnica Resistente al calor Material: Silicona Antideslizante Dimensiones: 9cm x 11cm aproximadamente T\u00e9rminos de garant\u00eda Cuentas con 5 d\u00edas de garant\u00eda por funcionamiento y\/o da\u00f1os del producto que no est\u00e9n relacionados a su mal uso. Para hacer efectiva la devoluci\u00f3n, el producto debe entregarse debidamente protegido cuidando el estado del empaque original, incluir todos los documentos&hellip;<\/p>\n","category_list":"","author_info":{"name":"","url":""},"comments_num":"0 comentarios","jetpack_sharing_enabled":true,"_links":{"self":[{"href":"https:\/\/elcomercioenlinea.com\/index.php\/wp-json\/wp\/v2\/product\/2360","targetHints":{"allow":["GET"]}}],"collection":[{"href":"https:\/\/elcomercioenlinea.com\/index.php\/wp-json\/wp\/v2\/product"}],"about":[{"href":"https:\/\/elcomercioenlinea.com\/index.php\/wp-json\/wp\/v2\/types\/product"}],"wp:featuredmedia":[{"embeddable":true,"href":"https:\/\/elcomercioenlinea.com\/index.php\/wp-json\/wp\/v2\/media\/2361"}],"wp:attachment":[{"href":"https:\/\/elcomercioenlinea.com\/index.php\/wp-json\/wp\/v2\/media?parent=2360"}],"wp:term":[{"taxonomy":"product_brand","embeddable":true,"href":"https:\/\/elcomercioenlinea.com\/index.php\/wp-json\/wp\/v2\/product_brand?post=2360"},{"taxonomy":"product_cat","embeddable":true,"href":"https:\/\/elcomercioenlinea.com\/index.php\/wp-json\/wp\/v2\/product_cat?post=2360"},{"taxonomy":"product_tag","embeddable":true,"href":"https:\/\/elcomercioenlinea.com\/index.php\/wp-json\/wp\/v2\/product_tag?post=2360"}],"curies":[{"name":"wp","href":"https:\/\/api.w.org\/{rel}","templated":true}]}}