{"id":2366,"date":"2024-07-07T16:07:25","date_gmt":"2024-07-07T21:07:25","guid":{"rendered":"https:\/\/elcomercioenlinea.com\/index.php\/producto\/cepillo-limpiador-giratorio-3-en-1\/"},"modified":"2024-07-07T16:10:24","modified_gmt":"2024-07-07T21:10:24","slug":"cepillo-limpiador-giratorio-3-en-1","status":"publish","type":"product","link":"https:\/\/elcomercioenlinea.com\/index.php\/producto\/cepillo-limpiador-giratorio-3-en-1\/","title":{"rendered":"CEPILLO  GIRATORIO 3 EN 1"},"content":{"rendered":"<p>El cepillo de limpieza incluye un cabezal de cepillo de PP, un cabezal de cepillo de esponja y un cabezal de cepillo de cachemira para un total de tres cabezales de cepillo, que pueden limpiar todo tipo de rincones peque\u00f1os para su comodidad.<\/p>\n<p>El limpiador rotativo el\u00e9ctrico es f\u00e1cil de usar, con un solo bot\u00f3n para usarlo. Velocidad de rotaci\u00f3n r\u00e1pida y lo suficientemente potente como para limpiar todos los rincones, coloque el limpiador y \u00faselo para obtener un mejor efecto de limpieza.<\/p>\n<p>El cepillo de limpieza el\u00e9ctrico port\u00e1til est\u00e1 dise\u00f1ado para ser IPX6 impermeable, ligero y duradero. El cuerpo puede mojarse con agua sin que ello afecte a su eficacia.<\/p>\n<p>\u00bfPARA QUE ME SIRVE EL PRODUCTO?<\/p>\n<p>Cepillo de limpieza el\u00e9ctrico<\/p>\n<p>versi\u00f3n mejorada del motor m\u00e1s tres cepillos de limpieza diferentes pueden ayudarte a limpiar una variedad de esquinas relativamente dif\u00edciles de limpiar.<\/p>\n<p>Todo lo que necesitas hacer es humedecer el objeto que quieres limpiar antes de usar el cepillo, luego coloca el limpiador en la superficie del cepillo, enciende el interruptor y est\u00e1s listo para usar. Los cepillos de limpieza para el hogar tambi\u00e9n est\u00e1n dise\u00f1ados con asas extendidas y asas antideslizantes para aumentar la comodidad. se pueden almacenar f\u00e1cilmente en el soporte de carga incluido.<\/p>\n<p>Al hacer tareas de limpieza, es inevitable usar detergente para un mejor efecto.<\/p>\n<p>CARACTER\u00cdSTICAS:<\/p>\n<p>\u2022Los estropajos el\u00e9ctricos generan una gran potencia para ayudar a limpiar manchas y manchas sucias, ahorrando mano de obra y tiempo.<br \/>\n\u2022Mango ergon\u00f3mico para un agarre c\u00f3modo.<br \/>\n\u2022Se recomienda quitar el cabezal del cepillo y limpiar por separado.<br \/>\n\u2022Limpia r\u00e1pidamente ba\u00f1os, ba\u00f1eras, fregaderos, vidrio, azulejos y mucho m\u00e1s.<br \/>\n\u2022Para manchas dif\u00edciles, utilizar con detergente.<br \/>\n\u2022IPX6 impermeable<\/p>\n<p>CONTENIDO:<\/p>\n<p>\u00b71 limpiador giratorio el\u00e9ctrico.<br \/>\n\u00b73 cepillos.<br \/>\n\u00b71 gancho y pasta.<br \/>\n\u00b71 manual de instrucciones (idioma espa\u00f1ol no garantizado).<\/p>\n","protected":false},"excerpt":{"rendered":"<p>El cepillo de limpieza incluye un cabezal de cepillo de PP, un cabezal de cepillo de esponja y un cabezal de cepillo de cachemira para un total de tres cabezales de cepillo, que pueden limpiar todo tipo de rincones peque\u00f1os para su comodidad. El limpiador rotativo el\u00e9ctrico es f\u00e1cil de usar, con un solo bot\u00f3n [&hellip;]<\/p>\n","protected":false},"featured_media":2367,"template":"","meta":[],"product_brand":[],"product_cat":[25,17],"product_tag":[],"class_list":{"0":"post-2366","1":"product","2":"type-product","3":"status-publish","4":"has-post-thumbnail","6":"product_cat-cocina","7":"product_cat-hogar","9":"first","10":"instock","11":"shipping-taxable","12":"purchasable","13":"product-type-simple"},"featured_image_urls":{"full":["https:\/\/elcomercioenlinea.com\/wp-content\/uploads\/2024\/07\/640706.png",1200,1200,false],"thumbnail":["https:\/\/elcomercioenlinea.com\/wp-content\/uploads\/2024\/07\/640706-150x150.png",150,150,true],"medium":["https:\/\/elcomercioenlinea.com\/wp-content\/uploads\/2024\/07\/640706-300x300.png",300,300,true],"medium_large":["https:\/\/elcomercioenlinea.com\/wp-content\/uploads\/2024\/07\/640706-768x768.png",768,768,true],"large":["https:\/\/elcomercioenlinea.com\/wp-content\/uploads\/2024\/07\/640706-1024x1024.png",1024,1024,true],"1536x1536":["https:\/\/elcomercioenlinea.com\/wp-content\/uploads\/2024\/07\/640706.png",1200,1200,false],"2048x2048":["https:\/\/elcomercioenlinea.com\/wp-content\/uploads\/2024\/07\/640706.png",1200,1200,false],"woocommerce_archive_thumbnail":["https:\/\/elcomercioenlinea.com\/wp-content\/uploads\/2024\/07\/640706-300x300.png",300,300,true],"woocommerce_thumbnail":["https:\/\/elcomercioenlinea.com\/wp-content\/uploads\/2024\/07\/640706-300x300.png",300,300,true],"woocommerce_single":["https:\/\/elcomercioenlinea.com\/wp-content\/uploads\/2024\/07\/640706-600x600.png",600,600,true],"woocommerce_gallery_thumbnail":["https:\/\/elcomercioenlinea.com\/wp-content\/uploads\/2024\/07\/640706-100x100.png",100,100,true]},"post_excerpt_stackable":"<p>El cepillo de limpieza incluye un cabezal de cepillo de PP, un cabezal de cepillo de esponja y un cabezal de cepillo de cachemira para un total de tres cabezales de cepillo, que pueden limpiar todo tipo de rincones peque\u00f1os para su comodidad. El limpiador rotativo el\u00e9ctrico es f\u00e1cil de usar, con un solo bot\u00f3n para usarlo. Velocidad de rotaci\u00f3n r\u00e1pida y lo suficientemente potente como para limpiar todos los rincones, coloque el limpiador y \u00faselo para obtener un mejor efecto de limpieza. El cepillo de limpieza el\u00e9ctrico port\u00e1til est\u00e1 dise\u00f1ado para ser IPX6 impermeable, ligero y duradero. El cuerpo&hellip;<\/p>\n","category_list":"","author_info":{"name":"","url":""},"comments_num":"0 comentarios","jetpack_sharing_enabled":true,"_links":{"self":[{"href":"https:\/\/elcomercioenlinea.com\/index.php\/wp-json\/wp\/v2\/product\/2366","targetHints":{"allow":["GET"]}}],"collection":[{"href":"https:\/\/elcomercioenlinea.com\/index.php\/wp-json\/wp\/v2\/product"}],"about":[{"href":"https:\/\/elcomercioenlinea.com\/index.php\/wp-json\/wp\/v2\/types\/product"}],"wp:featuredmedia":[{"embeddable":true,"href":"https:\/\/elcomercioenlinea.com\/index.php\/wp-json\/wp\/v2\/media\/2367"}],"wp:attachment":[{"href":"https:\/\/elcomercioenlinea.com\/index.php\/wp-json\/wp\/v2\/media?parent=2366"}],"wp:term":[{"taxonomy":"product_brand","embeddable":true,"href":"https:\/\/elcomercioenlinea.com\/index.php\/wp-json\/wp\/v2\/product_brand?post=2366"},{"taxonomy":"product_cat","embeddable":true,"href":"https:\/\/elcomercioenlinea.com\/index.php\/wp-json\/wp\/v2\/product_cat?post=2366"},{"taxonomy":"product_tag","embeddable":true,"href":"https:\/\/elcomercioenlinea.com\/index.php\/wp-json\/wp\/v2\/product_tag?post=2366"}],"curies":[{"name":"wp","href":"https:\/\/api.w.org\/{rel}","templated":true}]}}