{"id":2378,"date":"2024-07-07T16:19:14","date_gmt":"2024-07-07T21:19:14","guid":{"rendered":"https:\/\/elcomercioenlinea.com\/index.php\/producto\/rodillo-rueda-abdominal-acetato\/"},"modified":"2024-07-18T13:45:48","modified_gmt":"2024-07-18T18:45:48","slug":"rodillo-rueda-abdominal-acetato","status":"publish","type":"product","link":"https:\/\/elcomercioenlinea.com\/index.php\/producto\/rodillo-rueda-abdominal-acetato\/","title":{"rendered":"Rodillo Rueda Abdominal Acetato"},"content":{"rendered":"<p>Aumenta la resistencia f\u00edsica con la rueda abdominal, trabajando espalda, hombros y abdomen, Recuerda apretar el abdomen y los gl\u00fateos al realizar ejercicios o rutinas con la rueda abdominal. Esto permite obtener mejores y m\u00e1s r\u00e1pidos resultados.<\/p>\n<p>Presentaci\u00f3n de Empaque : En Acetato<\/p>\n","protected":false},"excerpt":{"rendered":"<p>Aumenta la resistencia f\u00edsica con la rueda abdominal, trabajando espalda, hombros y abdomen, Recuerda apretar el abdomen y los gl\u00fateos al realizar ejercicios o rutinas con la rueda abdominal. Esto permite obtener mejores y m\u00e1s r\u00e1pidos resultados. Presentaci\u00f3n de Empaque : En Acetato<\/p>\n","protected":false},"featured_media":2379,"template":"","meta":[],"product_brand":[],"product_cat":[101],"product_tag":[],"class_list":{"0":"post-2378","1":"product","2":"type-product","3":"status-publish","4":"has-post-thumbnail","6":"product_cat-deportivo","8":"first","9":"instock","10":"shipping-taxable","11":"purchasable","12":"product-type-simple"},"featured_image_urls":{"full":["https:\/\/elcomercioenlinea.com\/wp-content\/uploads\/2024\/07\/323745.png",700,1050,false],"thumbnail":["https:\/\/elcomercioenlinea.com\/wp-content\/uploads\/2024\/07\/323745-150x150.png",150,150,true],"medium":["https:\/\/elcomercioenlinea.com\/wp-content\/uploads\/2024\/07\/323745-200x300.png",200,300,true],"medium_large":["https:\/\/elcomercioenlinea.com\/wp-content\/uploads\/2024\/07\/323745.png",700,1050,false],"large":["https:\/\/elcomercioenlinea.com\/wp-content\/uploads\/2024\/07\/323745-683x1024.png",683,1024,true],"1536x1536":["https:\/\/elcomercioenlinea.com\/wp-content\/uploads\/2024\/07\/323745.png",700,1050,false],"2048x2048":["https:\/\/elcomercioenlinea.com\/wp-content\/uploads\/2024\/07\/323745.png",700,1050,false],"woocommerce_archive_thumbnail":["https:\/\/elcomercioenlinea.com\/wp-content\/uploads\/2024\/07\/323745-300x450.png",300,450,true],"woocommerce_thumbnail":["https:\/\/elcomercioenlinea.com\/wp-content\/uploads\/2024\/07\/323745-300x300.png",300,300,true],"woocommerce_single":["https:\/\/elcomercioenlinea.com\/wp-content\/uploads\/2024\/07\/323745-600x900.png",600,900,true],"woocommerce_gallery_thumbnail":["https:\/\/elcomercioenlinea.com\/wp-content\/uploads\/2024\/07\/323745-100x100.png",100,100,true]},"post_excerpt_stackable":"<p>Aumenta la resistencia f\u00edsica con la rueda abdominal, trabajando espalda, hombros y abdomen, Recuerda apretar el abdomen y los gl\u00fateos al realizar ejercicios o rutinas con la rueda abdominal. Esto permite obtener mejores y m\u00e1s r\u00e1pidos resultados. Presentaci\u00f3n de Empaque : En Acetato<\/p>\n","category_list":"","author_info":{"name":"","url":""},"comments_num":"0 comentarios","jetpack_sharing_enabled":true,"_links":{"self":[{"href":"https:\/\/elcomercioenlinea.com\/index.php\/wp-json\/wp\/v2\/product\/2378","targetHints":{"allow":["GET"]}}],"collection":[{"href":"https:\/\/elcomercioenlinea.com\/index.php\/wp-json\/wp\/v2\/product"}],"about":[{"href":"https:\/\/elcomercioenlinea.com\/index.php\/wp-json\/wp\/v2\/types\/product"}],"wp:featuredmedia":[{"embeddable":true,"href":"https:\/\/elcomercioenlinea.com\/index.php\/wp-json\/wp\/v2\/media\/2379"}],"wp:attachment":[{"href":"https:\/\/elcomercioenlinea.com\/index.php\/wp-json\/wp\/v2\/media?parent=2378"}],"wp:term":[{"taxonomy":"product_brand","embeddable":true,"href":"https:\/\/elcomercioenlinea.com\/index.php\/wp-json\/wp\/v2\/product_brand?post=2378"},{"taxonomy":"product_cat","embeddable":true,"href":"https:\/\/elcomercioenlinea.com\/index.php\/wp-json\/wp\/v2\/product_cat?post=2378"},{"taxonomy":"product_tag","embeddable":true,"href":"https:\/\/elcomercioenlinea.com\/index.php\/wp-json\/wp\/v2\/product_tag?post=2378"}],"curies":[{"name":"wp","href":"https:\/\/api.w.org\/{rel}","templated":true}]}}