{"id":2382,"date":"2024-07-07T16:29:43","date_gmt":"2024-07-07T21:29:43","guid":{"rendered":"https:\/\/elcomercioenlinea.com\/index.php\/producto\/sarten-antiadherente-4-puestos\/"},"modified":"2024-07-07T16:30:53","modified_gmt":"2024-07-07T21:30:53","slug":"sarten-antiadherente-4-puestos","status":"publish","type":"product","link":"https:\/\/elcomercioenlinea.com\/index.php\/producto\/sarten-antiadherente-4-puestos\/","title":{"rendered":"Sart\u00e9n Antiadherente 4 Puestos"},"content":{"rendered":"<p>Sart\u00e9n de 4 compartimientos<\/p>\n<p>Sart\u00e9n para preparar Huevos, Tortillas, Arepas, Pancakes, salchichas, tocineta, carne, pollo y mucho mas!!!<\/p>\n<p>Este sart\u00e9n esta construido con un revestimiento de piedra, mango de baquelita (textura de grano de madera) cuenta con aislamiento t\u00e9rmico, agarre c\u00f3modo y anti-quemaduras.<\/p>\n<p>Este sart\u00e9n cuenta con materiales premium, que se caracteriza por la lograr conducir de manera uniforme el calor, es pr\u00e1ctico para la mayor\u00eda de las estufas.<\/p>\n<p>Usos m\u00faltiples: Este sart\u00e9n es muy practico para preparar Huevos, Tortillas, Arepas, Pancakes, Hamburguesas entre otros, cuenta con 4 compartimentos para que cocinar sea r\u00e1pido y f\u00e1cil.<\/p>\n<p>El revestimiento cer\u00e1mico es f\u00e1cil de limpiar, fre\u00edr es m\u00e1s f\u00e1cil y saludable, mientras que lavar es menos complicado.<\/p>\n<p>Incluye<br \/>\n1-Sart\u00e9n 4 en 1<\/p>\n","protected":false},"excerpt":{"rendered":"<p>Sart\u00e9n de 4 compartimientos Sart\u00e9n para preparar Huevos, Tortillas, Arepas, Pancakes, salchichas, tocineta, carne, pollo y mucho mas!!! Este sart\u00e9n esta construido con un revestimiento de piedra, mango de baquelita (textura de grano de madera) cuenta con aislamiento t\u00e9rmico, agarre c\u00f3modo y anti-quemaduras. Este sart\u00e9n cuenta con materiales premium, que se caracteriza por la lograr [&hellip;]<\/p>\n","protected":false},"featured_media":2383,"template":"","meta":[],"product_brand":[],"product_cat":[25],"product_tag":[],"class_list":{"0":"post-2382","1":"product","2":"type-product","3":"status-publish","4":"has-post-thumbnail","6":"product_cat-cocina","8":"first","9":"instock","10":"shipping-taxable","11":"purchasable","12":"product-type-simple"},"featured_image_urls":{"full":["https:\/\/elcomercioenlinea.com\/wp-content\/uploads\/2024\/07\/356946.png",557,523,false],"thumbnail":["https:\/\/elcomercioenlinea.com\/wp-content\/uploads\/2024\/07\/356946-150x150.png",150,150,true],"medium":["https:\/\/elcomercioenlinea.com\/wp-content\/uploads\/2024\/07\/356946-300x282.png",300,282,true],"medium_large":["https:\/\/elcomercioenlinea.com\/wp-content\/uploads\/2024\/07\/356946.png",557,523,false],"large":["https:\/\/elcomercioenlinea.com\/wp-content\/uploads\/2024\/07\/356946.png",557,523,false],"1536x1536":["https:\/\/elcomercioenlinea.com\/wp-content\/uploads\/2024\/07\/356946.png",557,523,false],"2048x2048":["https:\/\/elcomercioenlinea.com\/wp-content\/uploads\/2024\/07\/356946.png",557,523,false],"woocommerce_archive_thumbnail":["https:\/\/elcomercioenlinea.com\/wp-content\/uploads\/2024\/07\/356946-300x282.png",300,282,true],"woocommerce_thumbnail":["https:\/\/elcomercioenlinea.com\/wp-content\/uploads\/2024\/07\/356946-300x300.png",300,300,true],"woocommerce_single":["https:\/\/elcomercioenlinea.com\/wp-content\/uploads\/2024\/07\/356946.png",557,523,false],"woocommerce_gallery_thumbnail":["https:\/\/elcomercioenlinea.com\/wp-content\/uploads\/2024\/07\/356946-100x100.png",100,100,true]},"post_excerpt_stackable":"<p>Sart\u00e9n de 4 compartimientos Sart\u00e9n para preparar Huevos, Tortillas, Arepas, Pancakes, salchichas, tocineta, carne, pollo y mucho mas!!! Este sart\u00e9n esta construido con un revestimiento de piedra, mango de baquelita (textura de grano de madera) cuenta con aislamiento t\u00e9rmico, agarre c\u00f3modo y anti-quemaduras. Este sart\u00e9n cuenta con materiales premium, que se caracteriza por la lograr conducir de manera uniforme el calor, es pr\u00e1ctico para la mayor\u00eda de las estufas. Usos m\u00faltiples: Este sart\u00e9n es muy practico para preparar Huevos, Tortillas, Arepas, Pancakes, Hamburguesas entre otros, cuenta con 4 compartimentos para que cocinar sea r\u00e1pido y f\u00e1cil. El revestimiento cer\u00e1mico es&hellip;<\/p>\n","category_list":"","author_info":{"name":"","url":""},"comments_num":"0 comentarios","jetpack_sharing_enabled":true,"_links":{"self":[{"href":"https:\/\/elcomercioenlinea.com\/index.php\/wp-json\/wp\/v2\/product\/2382","targetHints":{"allow":["GET"]}}],"collection":[{"href":"https:\/\/elcomercioenlinea.com\/index.php\/wp-json\/wp\/v2\/product"}],"about":[{"href":"https:\/\/elcomercioenlinea.com\/index.php\/wp-json\/wp\/v2\/types\/product"}],"wp:featuredmedia":[{"embeddable":true,"href":"https:\/\/elcomercioenlinea.com\/index.php\/wp-json\/wp\/v2\/media\/2383"}],"wp:attachment":[{"href":"https:\/\/elcomercioenlinea.com\/index.php\/wp-json\/wp\/v2\/media?parent=2382"}],"wp:term":[{"taxonomy":"product_brand","embeddable":true,"href":"https:\/\/elcomercioenlinea.com\/index.php\/wp-json\/wp\/v2\/product_brand?post=2382"},{"taxonomy":"product_cat","embeddable":true,"href":"https:\/\/elcomercioenlinea.com\/index.php\/wp-json\/wp\/v2\/product_cat?post=2382"},{"taxonomy":"product_tag","embeddable":true,"href":"https:\/\/elcomercioenlinea.com\/index.php\/wp-json\/wp\/v2\/product_tag?post=2382"}],"curies":[{"name":"wp","href":"https:\/\/api.w.org\/{rel}","templated":true}]}}