{"id":2399,"date":"2024-07-07T17:09:10","date_gmt":"2024-07-07T22:09:10","guid":{"rendered":"https:\/\/elcomercioenlinea.com\/index.php\/producto\/cinta-flex-tape\/"},"modified":"2024-07-18T13:46:53","modified_gmt":"2024-07-18T18:46:53","slug":"cinta-flex-tape","status":"publish","type":"product","link":"https:\/\/elcomercioenlinea.com\/index.php\/producto\/cinta-flex-tape\/","title":{"rendered":"CINTA FLEX TAPE"},"content":{"rendered":"<p><strong>Caracter\u00edsticas:\u00a0<\/strong><\/p>\n<ul>\n<li>Sellado de mangueras, tuber\u00edas, tubos.<\/li>\n<li>Conexiones el\u00e9ctricas y terminales impermeables.<\/li>\n<li>Uso como cintur\u00f3n el ventilador de emergencia mientras conduce.<\/li>\n<li>Esta cinta es una cinta impermeable de goma s\u00faper fuerte.<\/li>\n<li>Puede reparar, unir, sellar y reparar casi cualquier art\u00edculo.<\/li>\n<li>Una goma gruesa y flexible satisface las necesidades de cualquier forma u objeto.<\/li>\n<li>Selle instant\u00e1neamente la humedad.<\/li>\n<li>Cubre r\u00e1pidamente grandes grietas, huecos y agujeros.<\/li>\n<li>Es resistente al medio ambiente, a los rayos UV y tiene un amplio rango de temperatura, por lo que se puede utilizar en condiciones clim\u00e1ticas extremas.<\/li>\n<\/ul>\n<p><strong>Especificaciones:<\/strong><\/p>\n<p><strong>\u00a0<\/strong><\/p>\n<ul>\n<li>Color: negro<\/li>\n<li>Material: PVC de Fibra<\/li>\n<li>M\u00e9todo de instalaci\u00f3n: autoadhesivo<\/li>\n<li>Longitud: 50cm, 100cm, 150cm<\/li>\n<li>Ancho: 10 cm<\/li>\n<li>Grosor: 0,5mm<\/li>\n<li>Aislamiento: 800 voltios<\/li>\n<li>Rango de temperatura: -60 \u00b0C a 260 \u00b0C<\/li>\n<li>Presi\u00f3n: hasta 5 bar<\/li>\n<\/ul>\n<p><strong>Tu compra Incluye:<\/strong><\/p>\n<ul>\n<li>1 cinta pegada todo<\/li>\n<\/ul>\n","protected":false},"excerpt":{"rendered":"<p>Caracter\u00edsticas:\u00a0 Sellado de mangueras, tuber\u00edas, tubos. Conexiones el\u00e9ctricas y terminales impermeables. Uso como cintur\u00f3n el ventilador de emergencia mientras conduce. Esta cinta es una cinta impermeable de goma s\u00faper fuerte. Puede reparar, unir, sellar y reparar casi cualquier art\u00edculo. Una goma gruesa y flexible satisface las necesidades de cualquier forma u objeto. Selle instant\u00e1neamente la [&hellip;]<\/p>\n","protected":false},"featured_media":2401,"template":"","meta":[],"product_brand":[],"product_cat":[17,19],"product_tag":[],"class_list":{"0":"post-2399","1":"product","2":"type-product","3":"status-publish","4":"has-post-thumbnail","6":"product_cat-hogar","7":"product_cat-vehiculos","9":"first","10":"instock","11":"sale","12":"shipping-taxable","13":"purchasable","14":"product-type-simple"},"featured_image_urls":{"full":["https:\/\/elcomercioenlinea.com\/wp-content\/uploads\/2024\/07\/346479.png",600,600,false],"thumbnail":["https:\/\/elcomercioenlinea.com\/wp-content\/uploads\/2024\/07\/346479-150x150.png",150,150,true],"medium":["https:\/\/elcomercioenlinea.com\/wp-content\/uploads\/2024\/07\/346479-300x300.png",300,300,true],"medium_large":["https:\/\/elcomercioenlinea.com\/wp-content\/uploads\/2024\/07\/346479.png",600,600,false],"large":["https:\/\/elcomercioenlinea.com\/wp-content\/uploads\/2024\/07\/346479.png",600,600,false],"1536x1536":["https:\/\/elcomercioenlinea.com\/wp-content\/uploads\/2024\/07\/346479.png",600,600,false],"2048x2048":["https:\/\/elcomercioenlinea.com\/wp-content\/uploads\/2024\/07\/346479.png",600,600,false],"woocommerce_archive_thumbnail":["https:\/\/elcomercioenlinea.com\/wp-content\/uploads\/2024\/07\/346479-300x300.png",300,300,true],"woocommerce_thumbnail":["https:\/\/elcomercioenlinea.com\/wp-content\/uploads\/2024\/07\/346479-300x300.png",300,300,true],"woocommerce_single":["https:\/\/elcomercioenlinea.com\/wp-content\/uploads\/2024\/07\/346479.png",600,600,false],"woocommerce_gallery_thumbnail":["https:\/\/elcomercioenlinea.com\/wp-content\/uploads\/2024\/07\/346479-100x100.png",100,100,true]},"post_excerpt_stackable":"<p>Caracter\u00edsticas:\u00a0 Sellado de mangueras, tuber\u00edas, tubos. Conexiones el\u00e9ctricas y terminales impermeables. Uso como cintur\u00f3n el ventilador de emergencia mientras conduce. Esta cinta es una cinta impermeable de goma s\u00faper fuerte. Puede reparar, unir, sellar y reparar casi cualquier art\u00edculo. Una goma gruesa y flexible satisface las necesidades de cualquier forma u objeto. Selle instant\u00e1neamente la humedad. Cubre r\u00e1pidamente grandes grietas, huecos y agujeros. Es resistente al medio ambiente, a los rayos UV y tiene un amplio rango de temperatura, por lo que se puede utilizar en condiciones clim\u00e1ticas extremas. Especificaciones: \u00a0 Color: negro Material: PVC de Fibra M\u00e9todo de instalaci\u00f3n:&hellip;<\/p>\n","category_list":"","author_info":{"name":"","url":""},"comments_num":"0 comentarios","jetpack_sharing_enabled":true,"_links":{"self":[{"href":"https:\/\/elcomercioenlinea.com\/index.php\/wp-json\/wp\/v2\/product\/2399","targetHints":{"allow":["GET"]}}],"collection":[{"href":"https:\/\/elcomercioenlinea.com\/index.php\/wp-json\/wp\/v2\/product"}],"about":[{"href":"https:\/\/elcomercioenlinea.com\/index.php\/wp-json\/wp\/v2\/types\/product"}],"wp:featuredmedia":[{"embeddable":true,"href":"https:\/\/elcomercioenlinea.com\/index.php\/wp-json\/wp\/v2\/media\/2401"}],"wp:attachment":[{"href":"https:\/\/elcomercioenlinea.com\/index.php\/wp-json\/wp\/v2\/media?parent=2399"}],"wp:term":[{"taxonomy":"product_brand","embeddable":true,"href":"https:\/\/elcomercioenlinea.com\/index.php\/wp-json\/wp\/v2\/product_brand?post=2399"},{"taxonomy":"product_cat","embeddable":true,"href":"https:\/\/elcomercioenlinea.com\/index.php\/wp-json\/wp\/v2\/product_cat?post=2399"},{"taxonomy":"product_tag","embeddable":true,"href":"https:\/\/elcomercioenlinea.com\/index.php\/wp-json\/wp\/v2\/product_tag?post=2399"}],"curies":[{"name":"wp","href":"https:\/\/api.w.org\/{rel}","templated":true}]}}