{"id":2447,"date":"2024-07-07T18:51:25","date_gmt":"2024-07-07T23:51:25","guid":{"rendered":"https:\/\/elcomercioenlinea.com\/index.php\/producto\/almohada-viajera-inflable-kit\/"},"modified":"2024-07-07T18:52:53","modified_gmt":"2024-07-07T23:52:53","slug":"almohada-viajera-inflable-kit","status":"publish","type":"product","link":"https:\/\/elcomercioenlinea.com\/index.php\/producto\/almohada-viajera-inflable-kit\/","title":{"rendered":"Almohada Viajera Inflable Kit"},"content":{"rendered":"<p>La almohada inflable en U est\u00e1 hecha de material de PVC, que es f\u00e1cil de inflar, almacenar y desinflar. Tiene una bomba de aire incorporada, y solo necesita presionarse repetidamente durante un tiempo para completar el inflado.<br \/>\nLa almohada inflable de viaje soporta la cabeza en todas las direcciones, soporta la cabeza y el cuello, y alivia eficazmente el dolor de cuello y hombros. Tama\u00f1o: 16 x 11 pulgadas<br \/>\nLa almohada en forma de U tiene un bot\u00f3n blanco que es el puerto de escape, solo tienes que dejar que el aire salga de la almohada, puedes ponerlo f\u00e1cilmente en tu bolsillo o bolsa, muy peque\u00f1o y conveniente.<br \/>\nCon un dise\u00f1o ergon\u00f3mico, envuelve suavemente el cuello, reduciendo el peso y la carga en la cabeza y el cuello.<br \/>\nAdecuado para avi\u00f3n, coche, tren, autob\u00fas, camping, oficina en casa, dormir, ultraligero, port\u00e1til, compacto, suave, almohada de viaje.<\/p>\n","protected":false},"excerpt":{"rendered":"<p>La almohada inflable en U est\u00e1 hecha de material de PVC, que es f\u00e1cil de inflar, almacenar y desinflar. Tiene una bomba de aire incorporada, y solo necesita presionarse repetidamente durante un tiempo para completar el inflado. La almohada inflable de viaje soporta la cabeza en todas las direcciones, soporta la cabeza y el cuello, [&hellip;]<\/p>\n","protected":false},"featured_media":2448,"template":"","meta":[],"product_brand":[],"product_cat":[15],"product_tag":[],"class_list":{"0":"post-2447","1":"product","2":"type-product","3":"status-publish","4":"has-post-thumbnail","6":"product_cat-sin-categoria","8":"first","9":"instock","10":"shipping-taxable","11":"purchasable","12":"product-type-simple"},"featured_image_urls":{"full":["https:\/\/elcomercioenlinea.com\/wp-content\/uploads\/2024\/07\/848973.png",0,0,false],"thumbnail":["https:\/\/elcomercioenlinea.com\/wp-content\/uploads\/2024\/07\/848973.png",1,1,false],"medium":["https:\/\/elcomercioenlinea.com\/wp-content\/uploads\/2024\/07\/848973.png",1,1,false],"medium_large":["https:\/\/elcomercioenlinea.com\/wp-content\/uploads\/2024\/07\/848973.png",1,1,false],"large":["https:\/\/elcomercioenlinea.com\/wp-content\/uploads\/2024\/07\/848973.png",1,1,false],"1536x1536":["https:\/\/elcomercioenlinea.com\/wp-content\/uploads\/2024\/07\/848973.png",1,1,false],"2048x2048":["https:\/\/elcomercioenlinea.com\/wp-content\/uploads\/2024\/07\/848973.png",1,1,false],"woocommerce_archive_thumbnail":["https:\/\/elcomercioenlinea.com\/wp-content\/uploads\/2024\/07\/848973.png",1,1,false],"woocommerce_thumbnail":["https:\/\/elcomercioenlinea.com\/wp-content\/uploads\/2024\/07\/848973.png",1,1,false],"woocommerce_single":["https:\/\/elcomercioenlinea.com\/wp-content\/uploads\/2024\/07\/848973.png",1,1,false],"woocommerce_gallery_thumbnail":["https:\/\/elcomercioenlinea.com\/wp-content\/uploads\/2024\/07\/848973.png",1,1,false]},"post_excerpt_stackable":"<p>La almohada inflable en U est\u00e1 hecha de material de PVC, que es f\u00e1cil de inflar, almacenar y desinflar. Tiene una bomba de aire incorporada, y solo necesita presionarse repetidamente durante un tiempo para completar el inflado. La almohada inflable de viaje soporta la cabeza en todas las direcciones, soporta la cabeza y el cuello, y alivia eficazmente el dolor de cuello y hombros. Tama\u00f1o: 16 x 11 pulgadas La almohada en forma de U tiene un bot\u00f3n blanco que es el puerto de escape, solo tienes que dejar que el aire salga de la almohada, puedes ponerlo f\u00e1cilmente en&hellip;<\/p>\n","category_list":"","author_info":{"name":"","url":""},"comments_num":"0 comentarios","jetpack_sharing_enabled":true,"_links":{"self":[{"href":"https:\/\/elcomercioenlinea.com\/index.php\/wp-json\/wp\/v2\/product\/2447","targetHints":{"allow":["GET"]}}],"collection":[{"href":"https:\/\/elcomercioenlinea.com\/index.php\/wp-json\/wp\/v2\/product"}],"about":[{"href":"https:\/\/elcomercioenlinea.com\/index.php\/wp-json\/wp\/v2\/types\/product"}],"wp:featuredmedia":[{"embeddable":true,"href":"https:\/\/elcomercioenlinea.com\/index.php\/wp-json\/wp\/v2\/media\/2448"}],"wp:attachment":[{"href":"https:\/\/elcomercioenlinea.com\/index.php\/wp-json\/wp\/v2\/media?parent=2447"}],"wp:term":[{"taxonomy":"product_brand","embeddable":true,"href":"https:\/\/elcomercioenlinea.com\/index.php\/wp-json\/wp\/v2\/product_brand?post=2447"},{"taxonomy":"product_cat","embeddable":true,"href":"https:\/\/elcomercioenlinea.com\/index.php\/wp-json\/wp\/v2\/product_cat?post=2447"},{"taxonomy":"product_tag","embeddable":true,"href":"https:\/\/elcomercioenlinea.com\/index.php\/wp-json\/wp\/v2\/product_tag?post=2447"}],"curies":[{"name":"wp","href":"https:\/\/api.w.org\/{rel}","templated":true}]}}