{"id":2454,"date":"2024-07-07T19:04:20","date_gmt":"2024-07-08T00:04:20","guid":{"rendered":"https:\/\/elcomercioenlinea.com\/index.php\/producto\/molino-electrico-recargable\/"},"modified":"2024-07-07T19:08:08","modified_gmt":"2024-07-08T00:08:08","slug":"molino-electrico-recargable","status":"publish","type":"product","link":"https:\/\/elcomercioenlinea.com\/index.php\/producto\/molino-electrico-recargable\/","title":{"rendered":"MOLINO ELECTRICO RECARGABLE"},"content":{"rendered":"<p>Se carga por USB, se puede utilizar durante 1 semana despu\u00e9s de la carga. Muy pr\u00e1ctico para llevarlo de viaje y disfrutar de un caf\u00e9 arom\u00e1tico en cualquier momento y lugar.<br \/>\nSeguro de usar: este dispositivo triturador de granos de caf\u00e9 dejar\u00e1 de funcionar cuando no haya granos para moler, protegiendo la m\u00e1quina.<br \/>\nF\u00e1cil de usar: con un cuerpo transparente, este molinillo de caf\u00e9 permite ver r\u00e1pidamente los estados de molienda y es m\u00e1s c\u00f3modo de usar.<\/p>\n","protected":false},"excerpt":{"rendered":"<p>Se carga por USB, se puede utilizar durante 1 semana despu\u00e9s de la carga. Muy pr\u00e1ctico para llevarlo de viaje y disfrutar de un caf\u00e9 arom\u00e1tico en cualquier momento y lugar. Seguro de usar: este dispositivo triturador de granos de caf\u00e9 dejar\u00e1 de funcionar cuando no haya granos para moler, protegiendo la m\u00e1quina. F\u00e1cil de [&hellip;]<\/p>\n","protected":false},"featured_media":2455,"template":"","meta":[],"product_brand":[],"product_cat":[25],"product_tag":[],"class_list":{"0":"post-2454","1":"product","2":"type-product","3":"status-publish","4":"has-post-thumbnail","6":"product_cat-cocina","8":"first","9":"instock","10":"shipping-taxable","11":"purchasable","12":"product-type-simple"},"featured_image_urls":{"full":["https:\/\/elcomercioenlinea.com\/wp-content\/uploads\/2024\/07\/675376-1.png",750,768,false],"thumbnail":["https:\/\/elcomercioenlinea.com\/wp-content\/uploads\/2024\/07\/675376-1-150x150.png",150,150,true],"medium":["https:\/\/elcomercioenlinea.com\/wp-content\/uploads\/2024\/07\/675376-1-293x300.png",293,300,true],"medium_large":["https:\/\/elcomercioenlinea.com\/wp-content\/uploads\/2024\/07\/675376-1.png",750,768,false],"large":["https:\/\/elcomercioenlinea.com\/wp-content\/uploads\/2024\/07\/675376-1.png",750,768,false],"1536x1536":["https:\/\/elcomercioenlinea.com\/wp-content\/uploads\/2024\/07\/675376-1.png",750,768,false],"2048x2048":["https:\/\/elcomercioenlinea.com\/wp-content\/uploads\/2024\/07\/675376-1.png",750,768,false],"woocommerce_archive_thumbnail":["https:\/\/elcomercioenlinea.com\/wp-content\/uploads\/2024\/07\/675376-1-300x307.png",300,307,true],"woocommerce_thumbnail":["https:\/\/elcomercioenlinea.com\/wp-content\/uploads\/2024\/07\/675376-1-300x300.png",300,300,true],"woocommerce_single":["https:\/\/elcomercioenlinea.com\/wp-content\/uploads\/2024\/07\/675376-1-600x614.png",600,614,true],"woocommerce_gallery_thumbnail":["https:\/\/elcomercioenlinea.com\/wp-content\/uploads\/2024\/07\/675376-1-100x100.png",100,100,true]},"post_excerpt_stackable":"<p>Se carga por USB, se puede utilizar durante 1 semana despu\u00e9s de la carga. Muy pr\u00e1ctico para llevarlo de viaje y disfrutar de un caf\u00e9 arom\u00e1tico en cualquier momento y lugar. Seguro de usar: este dispositivo triturador de granos de caf\u00e9 dejar\u00e1 de funcionar cuando no haya granos para moler, protegiendo la m\u00e1quina. F\u00e1cil de usar: con un cuerpo transparente, este molinillo de caf\u00e9 permite ver r\u00e1pidamente los estados de molienda y es m\u00e1s c\u00f3modo de usar.<\/p>\n","category_list":"","author_info":{"name":"","url":""},"comments_num":"0 comentarios","jetpack_sharing_enabled":true,"_links":{"self":[{"href":"https:\/\/elcomercioenlinea.com\/index.php\/wp-json\/wp\/v2\/product\/2454","targetHints":{"allow":["GET"]}}],"collection":[{"href":"https:\/\/elcomercioenlinea.com\/index.php\/wp-json\/wp\/v2\/product"}],"about":[{"href":"https:\/\/elcomercioenlinea.com\/index.php\/wp-json\/wp\/v2\/types\/product"}],"wp:featuredmedia":[{"embeddable":true,"href":"https:\/\/elcomercioenlinea.com\/index.php\/wp-json\/wp\/v2\/media\/2455"}],"wp:attachment":[{"href":"https:\/\/elcomercioenlinea.com\/index.php\/wp-json\/wp\/v2\/media?parent=2454"}],"wp:term":[{"taxonomy":"product_brand","embeddable":true,"href":"https:\/\/elcomercioenlinea.com\/index.php\/wp-json\/wp\/v2\/product_brand?post=2454"},{"taxonomy":"product_cat","embeddable":true,"href":"https:\/\/elcomercioenlinea.com\/index.php\/wp-json\/wp\/v2\/product_cat?post=2454"},{"taxonomy":"product_tag","embeddable":true,"href":"https:\/\/elcomercioenlinea.com\/index.php\/wp-json\/wp\/v2\/product_tag?post=2454"}],"curies":[{"name":"wp","href":"https:\/\/api.w.org\/{rel}","templated":true}]}}