{"id":2457,"date":"2024-07-07T19:11:08","date_gmt":"2024-07-08T00:11:08","guid":{"rendered":"https:\/\/elcomercioenlinea.com\/index.php\/producto\/escurridor-retractil-expandible\/"},"modified":"2024-11-28T18:27:40","modified_gmt":"2024-11-28T23:27:40","slug":"escurridor-retractil-expandible","status":"publish","type":"product","link":"https:\/\/elcomercioenlinea.com\/index.php\/producto\/escurridor-retractil-expandible\/","title":{"rendered":"ESCURRIDOR RETRACTIL EXPANDIBLE"},"content":{"rendered":"<p>Descripci\u00f3n @Escurridor retr\u00e1ctil para fregadero, escurridor telesc\u00f3pico con reposabrazos ajustable, escurridor de fregadero ajustable de acero inoxidable para almacenamiento de frutas y verduras Dise\u00f1o telesc\u00f3pico: cesta de drenaje telesc\u00f3pica ajustable, la varilla telesc\u00f3pica se puede extraer libremente, y el tornillo puede fijar libremente la longitud de la cesta de drenaje, que no es f\u00e1cil de deslizar. Ampliamente utilizado: el escurridor de platos para fregadero de cocina puede poner vajilla y tazas, verduras y frutas sin ensuciar y hacerlo m\u00e1s ordenado. No hay duda de que el estante de drenaje retr\u00e1ctil es una excelente adici\u00f3n a los elementos esenciales de tu cocina. Descripci\u00f3n: No m\u00e1s charcos en la encimera de la cocina al secar los platos con el estante ajustable para cubiertos, lo que te permite reorganizar completamente los cubiertos de tu cocina. Este deslumbrante escurridor de cubiertos tiene muchos cubiertos sobre el fregadero. Especificaciones: Nombre: Estante de drenaje retr\u00e1ctil Material: acero inoxidable + polipropileno. Tama\u00f1o: aproximadamente 9.6*6.5*3.7 in\/11.4*8.7*3.7 in Peso: 13.09 oz\/17.78 oz Color: gris\/negro Lista de embalaje: 1 estante de drenaje de acero inoxidable. Nota: Debido a la medici\u00f3n manual de algunos productos, puede haber algunos peque\u00f1os errores en cent\u00edmetros. Debido a las diferentes pantallas de computadora, el color real puede ser ligeramente diferente al de las im\u00e1genes anteriores. Agradecemos amplia su comprensi\u00f3n. @Caracter\u00edsticas @Dise\u00f1o telesc\u00f3pico: cesta de drenaje telesc\u00f3pica ajustable, la varilla telesc\u00f3pica se puede extraer libremente, y el tornillo puede fijar libremente la longitud de la cesta de drenaje, que no es f\u00e1cil de deslizar. Limpio y ordenado: el escurridor de platos expandible puede colocar platos y tazas, y enjuagar verduras y frutas. Los compartimentos separados mantienen los platos ordenados y organizados, ahorrando perfectamente espacio de lavado. Material de acero inoxidable: tubo de acero inoxidable grueso de alta calidad de 0.325 pulgadas y tecnolog\u00eda de empalme ABS, fuerte y duradero, no se oxida f\u00e1cilmente. El estante de drenaje de acero inoxidable tiene una superficie lisa y protege mejor tus manos y fregadero. Ampliamente utilizado: el escurridor de platos para fregadero de cocina puede poner vajilla y tazas, verduras y frutas sin ensuciar y hacerlo m\u00e1s ordenado. No hay duda de que el estante de drenaje retr\u00e1ctil es una excelente adici\u00f3n a los elementos esenciales de tu cocina. Mant\u00e9n tus mostradores secos: dise\u00f1o hueco para evitar la acumulaci\u00f3n de agua. El escurridor de platos para fregadero est\u00e1 dise\u00f1ado para recoger gotas adicionales del escurridor de platos, por lo que es f\u00e1cil de limpiar y evitar que tus encimeras se mojen. @Departamento es Todo @Peso @371.00 Gramos @Dimensiones<br \/>\n6,5\u2033prof. x 9,65\u2033an. x 3,74\u2033al. pulgadas<\/p>\n","protected":false},"excerpt":{"rendered":"<p>Descripci\u00f3n @Escurridor retr\u00e1ctil para fregadero, escurridor telesc\u00f3pico con reposabrazos ajustable, escurridor de fregadero ajustable de acero inoxidable para almacenamiento de frutas y verduras Dise\u00f1o telesc\u00f3pico: cesta de drenaje telesc\u00f3pica ajustable, la varilla telesc\u00f3pica se puede extraer libremente, y el tornillo puede fijar libremente la longitud de la cesta de drenaje, que no es f\u00e1cil de [&hellip;]<\/p>\n","protected":false},"featured_media":2458,"template":"","meta":[],"product_brand":[],"product_cat":[25],"product_tag":[],"class_list":{"0":"post-2457","1":"product","2":"type-product","3":"status-publish","4":"has-post-thumbnail","6":"product_cat-cocina","8":"first","9":"instock","10":"shipping-taxable","11":"purchasable","12":"product-type-simple"},"featured_image_urls":{"full":["https:\/\/elcomercioenlinea.com\/wp-content\/uploads\/2024\/07\/594384.png",1500,1500,false],"thumbnail":["https:\/\/elcomercioenlinea.com\/wp-content\/uploads\/2024\/07\/594384-150x150.png",150,150,true],"medium":["https:\/\/elcomercioenlinea.com\/wp-content\/uploads\/2024\/07\/594384-300x300.png",300,300,true],"medium_large":["https:\/\/elcomercioenlinea.com\/wp-content\/uploads\/2024\/07\/594384-768x768.png",768,768,true],"large":["https:\/\/elcomercioenlinea.com\/wp-content\/uploads\/2024\/07\/594384-1024x1024.png",1024,1024,true],"1536x1536":["https:\/\/elcomercioenlinea.com\/wp-content\/uploads\/2024\/07\/594384.png",1500,1500,false],"2048x2048":["https:\/\/elcomercioenlinea.com\/wp-content\/uploads\/2024\/07\/594384.png",1500,1500,false],"woocommerce_archive_thumbnail":["https:\/\/elcomercioenlinea.com\/wp-content\/uploads\/2024\/07\/594384-300x300.png",300,300,true],"woocommerce_thumbnail":["https:\/\/elcomercioenlinea.com\/wp-content\/uploads\/2024\/07\/594384-300x300.png",300,300,true],"woocommerce_single":["https:\/\/elcomercioenlinea.com\/wp-content\/uploads\/2024\/07\/594384-600x600.png",600,600,true],"woocommerce_gallery_thumbnail":["https:\/\/elcomercioenlinea.com\/wp-content\/uploads\/2024\/07\/594384-100x100.png",100,100,true]},"post_excerpt_stackable":"<p>Descripci\u00f3n @Escurridor retr\u00e1ctil para fregadero, escurridor telesc\u00f3pico con reposabrazos ajustable, escurridor de fregadero ajustable de acero inoxidable para almacenamiento de frutas y verduras Dise\u00f1o telesc\u00f3pico: cesta de drenaje telesc\u00f3pica ajustable, la varilla telesc\u00f3pica se puede extraer libremente, y el tornillo puede fijar libremente la longitud de la cesta de drenaje, que no es f\u00e1cil de deslizar. Ampliamente utilizado: el escurridor de platos para fregadero de cocina puede poner vajilla y tazas, verduras y frutas sin ensuciar y hacerlo m\u00e1s ordenado. No hay duda de que el estante de drenaje retr\u00e1ctil es una excelente adici\u00f3n a los elementos esenciales de tu&hellip;<\/p>\n","category_list":"","author_info":{"name":"","url":""},"comments_num":"0 comentarios","jetpack_sharing_enabled":true,"_links":{"self":[{"href":"https:\/\/elcomercioenlinea.com\/index.php\/wp-json\/wp\/v2\/product\/2457","targetHints":{"allow":["GET"]}}],"collection":[{"href":"https:\/\/elcomercioenlinea.com\/index.php\/wp-json\/wp\/v2\/product"}],"about":[{"href":"https:\/\/elcomercioenlinea.com\/index.php\/wp-json\/wp\/v2\/types\/product"}],"wp:featuredmedia":[{"embeddable":true,"href":"https:\/\/elcomercioenlinea.com\/index.php\/wp-json\/wp\/v2\/media\/2458"}],"wp:attachment":[{"href":"https:\/\/elcomercioenlinea.com\/index.php\/wp-json\/wp\/v2\/media?parent=2457"}],"wp:term":[{"taxonomy":"product_brand","embeddable":true,"href":"https:\/\/elcomercioenlinea.com\/index.php\/wp-json\/wp\/v2\/product_brand?post=2457"},{"taxonomy":"product_cat","embeddable":true,"href":"https:\/\/elcomercioenlinea.com\/index.php\/wp-json\/wp\/v2\/product_cat?post=2457"},{"taxonomy":"product_tag","embeddable":true,"href":"https:\/\/elcomercioenlinea.com\/index.php\/wp-json\/wp\/v2\/product_tag?post=2457"}],"curies":[{"name":"wp","href":"https:\/\/api.w.org\/{rel}","templated":true}]}}