{"id":2461,"date":"2024-07-07T19:20:35","date_gmt":"2024-07-08T00:20:35","guid":{"rendered":"https:\/\/elcomercioenlinea.com\/index.php\/producto\/olla-para-cera-en-perla\/"},"modified":"2024-07-07T19:22:30","modified_gmt":"2024-07-08T00:22:30","slug":"olla-para-cera-en-perla","status":"publish","type":"product","link":"https:\/\/elcomercioenlinea.com\/index.php\/producto\/olla-para-cera-en-perla\/","title":{"rendered":"Olla para Cera en Perla"},"content":{"rendered":"<p>\u00danico calentador con dise\u00f1o fino y elegante calienta todo tipo de ceras depilatorias y parafinas. Cuenta con cubierta semi transparente que permite ver la cera sin ensuciar. Tiene tapa de pl\u00e1stico resistente. Adem\u00e1s, funde tu cera depilatoria a la temperatura ideal con regulador de temperatura manual. Contiene un contenedor de aluminio para derretir la cera en \u00e9l.<\/p>\n<p>Contenido<\/p>\n<p>1 olla cera<br \/>\nJuego de aplicadores (Palitos de madera)<br \/>\n1 paquete de cera<\/p>\n<p><strong>GARANTIA:<\/strong> 30 d\u00edas por defectos de f\u00e1brica, es decir, si el producto lleg\u00f3 roto o sin funcionamiento.<\/p>\n<p>Si requieres garant\u00eda con nosotros d\u00e9janos un mensaje por interno y con mucho gusto te ayudaremos con el correspondiente cambio o devoluci\u00f3n.<\/p>\n<p><strong>REQUISITOS OBLIGATORIOS:<\/strong><\/p>\n<ul>\n<li>Caso de pedido ID:<\/li>\n<li>Gu\u00eda de envi\u00f3 inicial:<\/li>\n<li>Novedad (Foto o Video donde se evidencie la novedad que indica):<\/li>\n<li>Estado del producto:<\/li>\n<\/ul>\n<p>* Debe estar en las condiciones que se recibi\u00f3, con su empaque original, con las etiquetas, sellos de seguridad, y contar con todas sus partes y\/o accesorios. Sin rayones ni manchas. Se recibir\u00e1 \u00fanicamente en \u00f3ptimas condiciones.<\/p>\n","protected":false},"excerpt":{"rendered":"<p>\u00danico calentador con dise\u00f1o fino y elegante calienta todo tipo de ceras depilatorias y parafinas. Cuenta con cubierta semi transparente que permite ver la cera sin ensuciar. Tiene tapa de pl\u00e1stico resistente. Adem\u00e1s, funde tu cera depilatoria a la temperatura ideal con regulador de temperatura manual. Contiene un contenedor de aluminio para derretir la cera [&hellip;]<\/p>\n","protected":false},"featured_media":2463,"template":"","meta":[],"product_brand":[],"product_cat":[25],"product_tag":[],"class_list":{"0":"post-2461","1":"product","2":"type-product","3":"status-publish","4":"has-post-thumbnail","6":"product_cat-cocina","8":"first","9":"instock","10":"shipping-taxable","11":"purchasable","12":"product-type-simple"},"featured_image_urls":{"full":["https:\/\/elcomercioenlinea.com\/wp-content\/uploads\/2024\/07\/288265.png",850,850,false],"thumbnail":["https:\/\/elcomercioenlinea.com\/wp-content\/uploads\/2024\/07\/288265-150x150.png",150,150,true],"medium":["https:\/\/elcomercioenlinea.com\/wp-content\/uploads\/2024\/07\/288265-300x300.png",300,300,true],"medium_large":["https:\/\/elcomercioenlinea.com\/wp-content\/uploads\/2024\/07\/288265-768x768.png",768,768,true],"large":["https:\/\/elcomercioenlinea.com\/wp-content\/uploads\/2024\/07\/288265.png",850,850,false],"1536x1536":["https:\/\/elcomercioenlinea.com\/wp-content\/uploads\/2024\/07\/288265.png",850,850,false],"2048x2048":["https:\/\/elcomercioenlinea.com\/wp-content\/uploads\/2024\/07\/288265.png",850,850,false],"woocommerce_archive_thumbnail":["https:\/\/elcomercioenlinea.com\/wp-content\/uploads\/2024\/07\/288265-300x300.png",300,300,true],"woocommerce_thumbnail":["https:\/\/elcomercioenlinea.com\/wp-content\/uploads\/2024\/07\/288265-300x300.png",300,300,true],"woocommerce_single":["https:\/\/elcomercioenlinea.com\/wp-content\/uploads\/2024\/07\/288265-600x600.png",600,600,true],"woocommerce_gallery_thumbnail":["https:\/\/elcomercioenlinea.com\/wp-content\/uploads\/2024\/07\/288265-100x100.png",100,100,true]},"post_excerpt_stackable":"<p>\u00danico calentador con dise\u00f1o fino y elegante calienta todo tipo de ceras depilatorias y parafinas. Cuenta con cubierta semi transparente que permite ver la cera sin ensuciar. Tiene tapa de pl\u00e1stico resistente. Adem\u00e1s, funde tu cera depilatoria a la temperatura ideal con regulador de temperatura manual. Contiene un contenedor de aluminio para derretir la cera en \u00e9l. Contenido 1 olla cera Juego de aplicadores (Palitos de madera) 1 paquete de cera GARANTIA: 30 d\u00edas por defectos de f\u00e1brica, es decir, si el producto lleg\u00f3 roto o sin funcionamiento. Si requieres garant\u00eda con nosotros d\u00e9janos un mensaje por interno y con&hellip;<\/p>\n","category_list":"","author_info":{"name":"","url":""},"comments_num":"0 comentarios","jetpack_sharing_enabled":true,"_links":{"self":[{"href":"https:\/\/elcomercioenlinea.com\/index.php\/wp-json\/wp\/v2\/product\/2461","targetHints":{"allow":["GET"]}}],"collection":[{"href":"https:\/\/elcomercioenlinea.com\/index.php\/wp-json\/wp\/v2\/product"}],"about":[{"href":"https:\/\/elcomercioenlinea.com\/index.php\/wp-json\/wp\/v2\/types\/product"}],"wp:featuredmedia":[{"embeddable":true,"href":"https:\/\/elcomercioenlinea.com\/index.php\/wp-json\/wp\/v2\/media\/2463"}],"wp:attachment":[{"href":"https:\/\/elcomercioenlinea.com\/index.php\/wp-json\/wp\/v2\/media?parent=2461"}],"wp:term":[{"taxonomy":"product_brand","embeddable":true,"href":"https:\/\/elcomercioenlinea.com\/index.php\/wp-json\/wp\/v2\/product_brand?post=2461"},{"taxonomy":"product_cat","embeddable":true,"href":"https:\/\/elcomercioenlinea.com\/index.php\/wp-json\/wp\/v2\/product_cat?post=2461"},{"taxonomy":"product_tag","embeddable":true,"href":"https:\/\/elcomercioenlinea.com\/index.php\/wp-json\/wp\/v2\/product_tag?post=2461"}],"curies":[{"name":"wp","href":"https:\/\/api.w.org\/{rel}","templated":true}]}}