{"id":2477,"date":"2024-07-08T14:05:05","date_gmt":"2024-07-08T19:05:05","guid":{"rendered":"https:\/\/elcomercioenlinea.com\/index.php\/producto\/gancho-en-espiral\/"},"modified":"2024-07-18T14:29:35","modified_gmt":"2024-07-18T19:29:35","slug":"gancho-en-espiral","status":"publish","type":"product","link":"https:\/\/elcomercioenlinea.com\/index.php\/producto\/gancho-en-espiral\/","title":{"rendered":"GANCHO EN ESPIRAL"},"content":{"rendered":"<p>Caracter\u00edsticas: Apilar las hojas y apilarlas desde la entrada de la percha. Extienda la cubierta del edred\u00f3n de la percha y exti\u00e9ndalo uniformemente. Estable y duradero, disfruta de la vida, rompe el l\u00edmite de espacio. Equipado con ganchos especiales, se puede colgar en el techo. Ahorro de espacio, dise\u00f1o desmontable. Pioneros en la vida de ocio para satisfacer tus necesidades de secado. Especificaciones: Material: acero inoxidable Color: blanco Tama\u00f1o: En forma de espiral: aproximadamente 42&#215;220 cm (di\u00e1metro * longitud Total) M\u00e9todo de instalaci\u00f3n: vertical El paquete incluye: Forma redonda: 1 x tornillo 1 x tuerca 1 x gancho para ropa 1 x percha<\/p>\n","protected":false},"excerpt":{"rendered":"<p>Caracter\u00edsticas: Apilar las hojas y apilarlas desde la entrada de la percha. Extienda la cubierta del edred\u00f3n de la percha y exti\u00e9ndalo uniformemente. Estable y duradero, disfruta de la vida, rompe el l\u00edmite de espacio. Equipado con ganchos especiales, se puede colgar en el techo. Ahorro de espacio, dise\u00f1o desmontable. Pioneros en la vida de [&hellip;]<\/p>\n","protected":false},"featured_media":2478,"template":"","meta":[],"product_brand":[],"product_cat":[17],"product_tag":[],"class_list":{"0":"post-2477","1":"product","2":"type-product","3":"status-publish","4":"has-post-thumbnail","6":"product_cat-hogar","8":"first","9":"instock","10":"sale","11":"shipping-taxable","12":"purchasable","13":"product-type-simple"},"featured_image_urls":{"full":["https:\/\/elcomercioenlinea.com\/wp-content\/uploads\/2024\/07\/14401.png",500,500,false],"thumbnail":["https:\/\/elcomercioenlinea.com\/wp-content\/uploads\/2024\/07\/14401-150x150.png",150,150,true],"medium":["https:\/\/elcomercioenlinea.com\/wp-content\/uploads\/2024\/07\/14401-300x300.png",300,300,true],"medium_large":["https:\/\/elcomercioenlinea.com\/wp-content\/uploads\/2024\/07\/14401.png",500,500,false],"large":["https:\/\/elcomercioenlinea.com\/wp-content\/uploads\/2024\/07\/14401.png",500,500,false],"1536x1536":["https:\/\/elcomercioenlinea.com\/wp-content\/uploads\/2024\/07\/14401.png",500,500,false],"2048x2048":["https:\/\/elcomercioenlinea.com\/wp-content\/uploads\/2024\/07\/14401.png",500,500,false],"woocommerce_archive_thumbnail":["https:\/\/elcomercioenlinea.com\/wp-content\/uploads\/2024\/07\/14401-300x300.png",300,300,true],"woocommerce_thumbnail":["https:\/\/elcomercioenlinea.com\/wp-content\/uploads\/2024\/07\/14401-300x300.png",300,300,true],"woocommerce_single":["https:\/\/elcomercioenlinea.com\/wp-content\/uploads\/2024\/07\/14401.png",500,500,false],"woocommerce_gallery_thumbnail":["https:\/\/elcomercioenlinea.com\/wp-content\/uploads\/2024\/07\/14401-100x100.png",100,100,true]},"post_excerpt_stackable":"<p>Caracter\u00edsticas: Apilar las hojas y apilarlas desde la entrada de la percha. Extienda la cubierta del edred\u00f3n de la percha y exti\u00e9ndalo uniformemente. Estable y duradero, disfruta de la vida, rompe el l\u00edmite de espacio. Equipado con ganchos especiales, se puede colgar en el techo. Ahorro de espacio, dise\u00f1o desmontable. Pioneros en la vida de ocio para satisfacer tus necesidades de secado. Especificaciones: Material: acero inoxidable Color: blanco Tama\u00f1o: En forma de espiral: aproximadamente 42&#215;220 cm (di\u00e1metro * longitud Total) M\u00e9todo de instalaci\u00f3n: vertical El paquete incluye: Forma redonda: 1 x tornillo 1 x tuerca 1 x gancho para ropa&hellip;<\/p>\n","category_list":"","author_info":{"name":"","url":""},"comments_num":"0 comentarios","jetpack_sharing_enabled":true,"_links":{"self":[{"href":"https:\/\/elcomercioenlinea.com\/index.php\/wp-json\/wp\/v2\/product\/2477","targetHints":{"allow":["GET"]}}],"collection":[{"href":"https:\/\/elcomercioenlinea.com\/index.php\/wp-json\/wp\/v2\/product"}],"about":[{"href":"https:\/\/elcomercioenlinea.com\/index.php\/wp-json\/wp\/v2\/types\/product"}],"wp:featuredmedia":[{"embeddable":true,"href":"https:\/\/elcomercioenlinea.com\/index.php\/wp-json\/wp\/v2\/media\/2478"}],"wp:attachment":[{"href":"https:\/\/elcomercioenlinea.com\/index.php\/wp-json\/wp\/v2\/media?parent=2477"}],"wp:term":[{"taxonomy":"product_brand","embeddable":true,"href":"https:\/\/elcomercioenlinea.com\/index.php\/wp-json\/wp\/v2\/product_brand?post=2477"},{"taxonomy":"product_cat","embeddable":true,"href":"https:\/\/elcomercioenlinea.com\/index.php\/wp-json\/wp\/v2\/product_cat?post=2477"},{"taxonomy":"product_tag","embeddable":true,"href":"https:\/\/elcomercioenlinea.com\/index.php\/wp-json\/wp\/v2\/product_tag?post=2477"}],"curies":[{"name":"wp","href":"https:\/\/api.w.org\/{rel}","templated":true}]}}